{"id":1987,"date":"2023-04-04T13:40:42","date_gmt":"2023-04-04T10:40:42","guid":{"rendered":"https:\/\/rsteel.testisivu.dev\/r-group\/ymparisto\/"},"modified":"2023-09-27T08:58:50","modified_gmt":"2023-09-27T05:58:50","slug":"ymparisto","status":"publish","type":"page","link":"https:\/\/www.rsteel.eu\/fi\/r-group\/ymparisto\/","title":{"rendered":"Ymp\u00e4rist\u00f6"},"content":{"rendered":"<h1>Ymp\u00e4rist\u00f6<\/h1>\n<h3>Vastuullisuus<\/h3>\n<p>K\u00e4yt\u00f6ss\u00e4mme on EMS-ymp\u00e4rist\u00f6j\u00e4rjestelm\u00e4 (Environmental management system). Ymm\u00e4rr\u00e4mme vaikutuksemme ymp\u00e4rist\u00f6\u00f6n ja pyrimme jatkuvasti minimoimaan n\u00e4it\u00e4 vaikutuksia. Ymp\u00e4rist\u00f6sertifikaattimme ISO 14001:2015 varmistaa sitoutumisemme ja toimenpiteemme paremman ymp\u00e4rist\u00f6n luomiseksi.<\/p>\n<h4>R-Groupin ilmastopolitiikka<\/h4>\n<p>Ter\u00e4skomponenttien valmistajana meill\u00e4 on vastuu sek\u00e4 omastamme, ett\u00e4 globaalista ymp\u00e4rist\u00f6st\u00e4. Ymp\u00e4rist\u00f6j\u00e4rjestelm\u00e4mme avulla liikumme jatkuvasti kohti kest\u00e4v\u00e4mp\u00e4\u00e4 tulevaisuutta.<\/p>\n<p>Ymp\u00e4rist\u00f6j\u00e4rjestelm\u00e4mme on kehitetty ty\u00f6kaluksi, jolla pystymme mittaamaan ja seuraamaan oman toimintamme vaikutuksia ymp\u00e4rist\u00f6\u00f6n. N\u00e4in pystymme keskittym\u00e4\u00e4n mahdollisiin ongelmakohtiin ja pyrki\u00e4 korjaamaan taikka poistamaan ongelmia toiminnastamme. <\/p>\n<h4>Sitoudumme ymp\u00e4rist\u00f6mme hyvinvointiin<\/h4>\n<ul>\n<li>Noudatamme kaikkia voimassa olevia s\u00e4\u00e4d\u00f6ksi\u00e4.<\/li>\n<li>S\u00e4\u00e4st\u00e4mme luontoa s\u00e4\u00e4st\u00e4m\u00e4ll\u00e4 energiaa ja p\u00e4\u00e4st\u00f6j\u00e4mme v\u00e4hent\u00e4m\u00e4ll\u00e4.<\/li>\n<li>K\u00e4yt\u00e4mme mahdollisimman luontoyst\u00e4v\u00e4llisi\u00e4 kemikaaleja.<\/li>\n<li>Kehit\u00e4mme tuotantoa ja menetelmi\u00e4 ymp\u00e4rist\u00f6 edell\u00e4.<\/li>\n<li>Ty\u00f6skentelemme toimittajien ja sidosryhmien kanssa, joilla on my\u00f6s omat sertifioidut ymp\u00e4rist\u00f6j\u00e4rjestelm\u00e4t.<\/li>\n<li>Noudatamme <a href=\"https:\/\/rsteel.eu\/fi\/latauskeskus\/\" target=\"_blank\" rel=\"noopener\">ISO 14001:2015 standardia<\/a>.<\/li>\n<\/ul>\n<p>\u00a0<\/p>\n<p>Pystymme parempaan ja t\u00e4ht\u00e4\u00e4mme siihen. Se on yksi periaatteistamme ja osa visiotamme. Niinp\u00e4 asetamme jatkuvasti uusia p\u00e4\u00e4m\u00e4\u00e4ri\u00e4 ja mittaamme, tarkastamme ja raportoimme toimintaamme.<\/p>\n","protected":false},"excerpt":{"rendered":"<p>Ymp\u00e4rist\u00f6 Vastuullisuus K\u00e4yt\u00f6ss\u00e4mme on EMS-ymp\u00e4rist\u00f6j\u00e4rjestelm\u00e4 (Environmental management system). Ymm\u00e4rr\u00e4mme vaikutuksemme ymp\u00e4rist\u00f6\u00f6n ja pyrimme jatkuvasti minimoimaan n\u00e4it\u00e4 vaikutuksia. Ymp\u00e4rist\u00f6sertifikaattimme ISO 14001:2015 varmistaa sitoutumisemme ja toimenpiteemme paremman ymp\u00e4rist\u00f6n luomiseksi. R-Groupin ilmastopolitiikka Ter\u00e4skomponenttien valmistajana meill\u00e4 on vastuu sek\u00e4 omastamme, ett\u00e4 globaalista ymp\u00e4rist\u00f6st\u00e4. Ymp\u00e4rist\u00f6j\u00e4rjestelm\u00e4mme avulla liikumme jatkuvasti kohti kest\u00e4v\u00e4mp\u00e4\u00e4 tulevaisuutta. Ymp\u00e4rist\u00f6j\u00e4rjestelm\u00e4mme on kehitetty ty\u00f6kaluksi, jolla pystymme mittaamaan ja seuraamaan [&hellip;]<\/p>\n","protected":false},"author":7,"featured_media":3001,"parent":244,"menu_order":0,"comment_status":"closed","ping_status":"closed","template":"","meta":{"_acf_changed":false,"footnotes":""},"class_list":["post-1987","page","type-page","status-publish","has-post-thumbnail","hentry"],"acf":[],"yoast_head":"<!-- This site is optimized with the Yoast SEO plugin v27.1.1 - https:\/\/yoast.com\/product\/yoast-seo-wordpress\/ -->\n<title>Ymp\u00e4rist\u00f6 - RSTEEL\u00ae<\/title>\n<meta name=\"robots\" content=\"index, follow, max-snippet:-1, max-image-preview:large, max-video-preview:-1\" \/>\n<link rel=\"canonical\" href=\"https:\/\/www.rsteel.eu\/fi\/r-group\/ymparisto\/\" \/>\n<meta property=\"og:locale\" content=\"fi_FI\" \/>\n<meta property=\"og:type\" content=\"article\" \/>\n<meta property=\"og:title\" content=\"Ymp\u00e4rist\u00f6 - RSTEEL\u00ae\" \/>\n<meta property=\"og:description\" content=\"Ymp\u00e4rist\u00f6 Vastuullisuus K\u00e4yt\u00f6ss\u00e4mme on EMS-ymp\u00e4rist\u00f6j\u00e4rjestelm\u00e4 (Environmental management system). Ymm\u00e4rr\u00e4mme vaikutuksemme ymp\u00e4rist\u00f6\u00f6n ja pyrimme jatkuvasti minimoimaan n\u00e4it\u00e4 vaikutuksia. Ymp\u00e4rist\u00f6sertifikaattimme ISO 14001:2015 varmistaa sitoutumisemme ja toimenpiteemme paremman ymp\u00e4rist\u00f6n luomiseksi. R-Groupin ilmastopolitiikka Ter\u00e4skomponenttien valmistajana meill\u00e4 on vastuu sek\u00e4 omastamme, ett\u00e4 globaalista ymp\u00e4rist\u00f6st\u00e4. Ymp\u00e4rist\u00f6j\u00e4rjestelm\u00e4mme avulla liikumme jatkuvasti kohti kest\u00e4v\u00e4mp\u00e4\u00e4 tulevaisuutta. Ymp\u00e4rist\u00f6j\u00e4rjestelm\u00e4mme on kehitetty ty\u00f6kaluksi, jolla pystymme mittaamaan ja seuraamaan [&hellip;]\" \/>\n<meta property=\"og:url\" content=\"https:\/\/www.rsteel.eu\/fi\/r-group\/ymparisto\/\" \/>\n<meta property=\"og:site_name\" content=\"RSTEEL\u00ae\" \/>\n<meta property=\"article:modified_time\" content=\"2023-09-27T05:58:50+00:00\" \/>\n<meta property=\"og:image\" content=\"https:\/\/mlavatqvr5rz.i.optimole.com\/cb:I2K_.591ca\/w:1621\/h:1080\/q:83\/f:best\/https:\/\/www.rsteel.eu\/wp-content\/uploads\/Ecological_footprint.webp\" \/>\n\t<meta property=\"og:image:width\" content=\"2000\" \/>\n\t<meta property=\"og:image:height\" content=\"1332\" \/>\n\t<meta property=\"og:image:type\" content=\"image\/webp\" \/>\n<meta name=\"twitter:card\" content=\"summary_large_image\" \/>\n<meta name=\"twitter:label1\" content=\"Arvioitu lukuaika\" \/>\n\t<meta name=\"twitter:data1\" content=\"1 minuutti\" \/>\n<script type=\"application\/ld+json\" class=\"yoast-schema-graph\">{\"@context\":\"https:\/\/schema.org\",\"@graph\":[{\"@type\":\"WebPage\",\"@id\":\"https:\/\/www.rsteel.eu\/fi\/r-group\/ymparisto\/\",\"url\":\"https:\/\/www.rsteel.eu\/fi\/r-group\/ymparisto\/\",\"name\":\"Ymp\u00e4rist\u00f6 - RSTEEL\u00ae\",\"isPartOf\":{\"@id\":\"https:\/\/www.rsteel.eu\/fi\/#website\"},\"primaryImageOfPage\":{\"@id\":\"https:\/\/www.rsteel.eu\/fi\/r-group\/ymparisto\/#primaryimage\"},\"image\":{\"@id\":\"https:\/\/www.rsteel.eu\/fi\/r-group\/ymparisto\/#primaryimage\"},\"thumbnailUrl\":\"https:\/\/www.rsteel.eu\/wp-content\/uploads\/Ecological_footprint.webp\",\"datePublished\":\"2023-04-04T10:40:42+00:00\",\"dateModified\":\"2023-09-27T05:58:50+00:00\",\"breadcrumb\":{\"@id\":\"https:\/\/www.rsteel.eu\/fi\/r-group\/ymparisto\/#breadcrumb\"},\"inLanguage\":\"fi\",\"potentialAction\":[{\"@type\":\"ReadAction\",\"target\":[\"https:\/\/www.rsteel.eu\/fi\/r-group\/ymparisto\/\"]}]},{\"@type\":\"ImageObject\",\"inLanguage\":\"fi\",\"@id\":\"https:\/\/www.rsteel.eu\/fi\/r-group\/ymparisto\/#primaryimage\",\"url\":\"https:\/\/www.rsteel.eu\/wp-content\/uploads\/Ecological_footprint.webp\",\"contentUrl\":\"https:\/\/www.rsteel.eu\/wp-content\/uploads\/Ecological_footprint.webp\",\"width\":2000,\"height\":1332},{\"@type\":\"BreadcrumbList\",\"@id\":\"https:\/\/www.rsteel.eu\/fi\/r-group\/ymparisto\/#breadcrumb\",\"itemListElement\":[{\"@type\":\"ListItem\",\"position\":1,\"name\":\"Home\",\"item\":\"https:\/\/www.rsteel.eu\/fi\/\"},{\"@type\":\"ListItem\",\"position\":2,\"name\":\"R-Group\",\"item\":\"https:\/\/www.rsteel.eu\/fi\/about-us\/\"},{\"@type\":\"ListItem\",\"position\":3,\"name\":\"Ymp\u00e4rist\u00f6\"}]},{\"@type\":\"WebSite\",\"@id\":\"https:\/\/www.rsteel.eu\/fi\/#website\",\"url\":\"https:\/\/www.rsteel.eu\/fi\/\",\"name\":\"RSTEEL\u00ae\",\"description\":\"RSTEEL\u00ae is a Finnish leading global supplier of precast accessories and concrete connections with its operations in Finland, Estonia and other parts of Europe and Asia.\",\"publisher\":{\"@id\":\"https:\/\/www.rsteel.eu\/fi\/#organization\"},\"potentialAction\":[{\"@type\":\"SearchAction\",\"target\":{\"@type\":\"EntryPoint\",\"urlTemplate\":\"https:\/\/www.rsteel.eu\/fi\/?s={search_term_string}\"},\"query-input\":{\"@type\":\"PropertyValueSpecification\",\"valueRequired\":true,\"valueName\":\"search_term_string\"}}],\"inLanguage\":\"fi\"},{\"@type\":\"Organization\",\"@id\":\"https:\/\/www.rsteel.eu\/fi\/#organization\",\"name\":\"RSTEEL\u00ae\",\"url\":\"https:\/\/www.rsteel.eu\/fi\/\",\"logo\":{\"@type\":\"ImageObject\",\"inLanguage\":\"fi\",\"@id\":\"https:\/\/www.rsteel.eu\/fi\/#\/schema\/logo\/image\/\",\"url\":\"https:\/\/www.rsteel.eu\/wp-content\/uploads\/rsteel-logo-1.png\",\"contentUrl\":\"https:\/\/www.rsteel.eu\/wp-content\/uploads\/rsteel-logo-1.png\",\"width\":340,\"height\":63,\"caption\":\"RSTEEL\u00ae\"},\"image\":{\"@id\":\"https:\/\/www.rsteel.eu\/fi\/#\/schema\/logo\/image\/\"}}]}<\/script>\n<!-- \/ Yoast SEO plugin. -->","yoast_head_json":{"title":"Ymp\u00e4rist\u00f6 - RSTEEL\u00ae","robots":{"index":"index","follow":"follow","max-snippet":"max-snippet:-1","max-image-preview":"max-image-preview:large","max-video-preview":"max-video-preview:-1"},"canonical":"https:\/\/www.rsteel.eu\/fi\/r-group\/ymparisto\/","og_locale":"fi_FI","og_type":"article","og_title":"Ymp\u00e4rist\u00f6 - RSTEEL\u00ae","og_description":"Ymp\u00e4rist\u00f6 Vastuullisuus K\u00e4yt\u00f6ss\u00e4mme on EMS-ymp\u00e4rist\u00f6j\u00e4rjestelm\u00e4 (Environmental management system). Ymm\u00e4rr\u00e4mme vaikutuksemme ymp\u00e4rist\u00f6\u00f6n ja pyrimme jatkuvasti minimoimaan n\u00e4it\u00e4 vaikutuksia. Ymp\u00e4rist\u00f6sertifikaattimme ISO 14001:2015 varmistaa sitoutumisemme ja toimenpiteemme paremman ymp\u00e4rist\u00f6n luomiseksi. R-Groupin ilmastopolitiikka Ter\u00e4skomponenttien valmistajana meill\u00e4 on vastuu sek\u00e4 omastamme, ett\u00e4 globaalista ymp\u00e4rist\u00f6st\u00e4. Ymp\u00e4rist\u00f6j\u00e4rjestelm\u00e4mme avulla liikumme jatkuvasti kohti kest\u00e4v\u00e4mp\u00e4\u00e4 tulevaisuutta. Ymp\u00e4rist\u00f6j\u00e4rjestelm\u00e4mme on kehitetty ty\u00f6kaluksi, jolla pystymme mittaamaan ja seuraamaan [&hellip;]","og_url":"https:\/\/www.rsteel.eu\/fi\/r-group\/ymparisto\/","og_site_name":"RSTEEL\u00ae","article_modified_time":"2023-09-27T05:58:50+00:00","og_image":[{"width":2000,"height":1332,"url":"https:\/\/mlavatqvr5rz.i.optimole.com\/cb:I2K_.591ca\/w:1621\/h:1080\/q:83\/f:best\/https:\/\/www.rsteel.eu\/wp-content\/uploads\/Ecological_footprint.webp","type":"image\/webp"}],"twitter_card":"summary_large_image","twitter_misc":{"Arvioitu lukuaika":"1 minuutti"},"schema":{"@context":"https:\/\/schema.org","@graph":[{"@type":"WebPage","@id":"https:\/\/www.rsteel.eu\/fi\/r-group\/ymparisto\/","url":"https:\/\/www.rsteel.eu\/fi\/r-group\/ymparisto\/","name":"Ymp\u00e4rist\u00f6 - RSTEEL\u00ae","isPartOf":{"@id":"https:\/\/www.rsteel.eu\/fi\/#website"},"primaryImageOfPage":{"@id":"https:\/\/www.rsteel.eu\/fi\/r-group\/ymparisto\/#primaryimage"},"image":{"@id":"https:\/\/www.rsteel.eu\/fi\/r-group\/ymparisto\/#primaryimage"},"thumbnailUrl":"https:\/\/www.rsteel.eu\/wp-content\/uploads\/Ecological_footprint.webp","datePublished":"2023-04-04T10:40:42+00:00","dateModified":"2023-09-27T05:58:50+00:00","breadcrumb":{"@id":"https:\/\/www.rsteel.eu\/fi\/r-group\/ymparisto\/#breadcrumb"},"inLanguage":"fi","potentialAction":[{"@type":"ReadAction","target":["https:\/\/www.rsteel.eu\/fi\/r-group\/ymparisto\/"]}]},{"@type":"ImageObject","inLanguage":"fi","@id":"https:\/\/www.rsteel.eu\/fi\/r-group\/ymparisto\/#primaryimage","url":"https:\/\/www.rsteel.eu\/wp-content\/uploads\/Ecological_footprint.webp","contentUrl":"https:\/\/www.rsteel.eu\/wp-content\/uploads\/Ecological_footprint.webp","width":2000,"height":1332},{"@type":"BreadcrumbList","@id":"https:\/\/www.rsteel.eu\/fi\/r-group\/ymparisto\/#breadcrumb","itemListElement":[{"@type":"ListItem","position":1,"name":"Home","item":"https:\/\/www.rsteel.eu\/fi\/"},{"@type":"ListItem","position":2,"name":"R-Group","item":"https:\/\/www.rsteel.eu\/fi\/about-us\/"},{"@type":"ListItem","position":3,"name":"Ymp\u00e4rist\u00f6"}]},{"@type":"WebSite","@id":"https:\/\/www.rsteel.eu\/fi\/#website","url":"https:\/\/www.rsteel.eu\/fi\/","name":"RSTEEL\u00ae","description":"RSTEEL\u00ae is a Finnish leading global supplier of precast accessories and concrete connections with its operations in Finland, Estonia and other parts of Europe and Asia.","publisher":{"@id":"https:\/\/www.rsteel.eu\/fi\/#organization"},"potentialAction":[{"@type":"SearchAction","target":{"@type":"EntryPoint","urlTemplate":"https:\/\/www.rsteel.eu\/fi\/?s={search_term_string}"},"query-input":{"@type":"PropertyValueSpecification","valueRequired":true,"valueName":"search_term_string"}}],"inLanguage":"fi"},{"@type":"Organization","@id":"https:\/\/www.rsteel.eu\/fi\/#organization","name":"RSTEEL\u00ae","url":"https:\/\/www.rsteel.eu\/fi\/","logo":{"@type":"ImageObject","inLanguage":"fi","@id":"https:\/\/www.rsteel.eu\/fi\/#\/schema\/logo\/image\/","url":"https:\/\/www.rsteel.eu\/wp-content\/uploads\/rsteel-logo-1.png","contentUrl":"https:\/\/www.rsteel.eu\/wp-content\/uploads\/rsteel-logo-1.png","width":340,"height":63,"caption":"RSTEEL\u00ae"},"image":{"@id":"https:\/\/www.rsteel.eu\/fi\/#\/schema\/logo\/image\/"}}]}},"_links":{"self":[{"href":"https:\/\/www.rsteel.eu\/fi\/wp-json\/wp\/v2\/pages\/1987","targetHints":{"allow":["GET"]}}],"collection":[{"href":"https:\/\/www.rsteel.eu\/fi\/wp-json\/wp\/v2\/pages"}],"about":[{"href":"https:\/\/www.rsteel.eu\/fi\/wp-json\/wp\/v2\/types\/page"}],"author":[{"embeddable":true,"href":"https:\/\/www.rsteel.eu\/fi\/wp-json\/wp\/v2\/users\/7"}],"replies":[{"embeddable":true,"href":"https:\/\/www.rsteel.eu\/fi\/wp-json\/wp\/v2\/comments?post=1987"}],"version-history":[{"count":7,"href":"https:\/\/www.rsteel.eu\/fi\/wp-json\/wp\/v2\/pages\/1987\/revisions"}],"predecessor-version":[{"id":3717,"href":"https:\/\/www.rsteel.eu\/fi\/wp-json\/wp\/v2\/pages\/1987\/revisions\/3717"}],"up":[{"embeddable":true,"href":"https:\/\/www.rsteel.eu\/fi\/wp-json\/wp\/v2\/pages\/244"}],"wp:featuredmedia":[{"embeddable":true,"href":"https:\/\/www.rsteel.eu\/fi\/wp-json\/wp\/v2\/media\/3001"}],"wp:attachment":[{"href":"https:\/\/www.rsteel.eu\/fi\/wp-json\/wp\/v2\/media?parent=1987"}],"curies":[{"name":"wp","href":"https:\/\/api.w.org\/{rel}","templated":true}]}}