{"id":1990,"date":"2023-04-04T13:29:15","date_gmt":"2023-04-04T10:29:15","guid":{"rendered":"https:\/\/rsteel.testisivu.dev\/r-group\/laatu\/"},"modified":"2023-12-13T00:07:21","modified_gmt":"2023-12-12T22:07:21","slug":"laatu","status":"publish","type":"page","link":"https:\/\/www.rsteel.eu\/fi\/r-group\/laatu\/","title":{"rendered":"Laatu"},"content":{"rendered":"\t\t<div data-elementor-type=\"wp-page\" data-elementor-id=\"1990\" class=\"elementor elementor-1990 elementor-1927\" data-elementor-post-type=\"page\">\n\t\t\t\t<div class=\"elementor-element elementor-element-6aa0df5 e-flex e-con-boxed e-con e-parent\" data-id=\"6aa0df5\" data-element_type=\"container\" data-e-type=\"container\" data-settings=\"{&quot;background_background&quot;:&quot;classic&quot;}\">\n\t\t\t\t\t<div class=\"e-con-inner\">\n\t\t\t\t<div class=\"elementor-element elementor-element-59a9f5c elementor-widget-divider--view-line elementor-widget elementor-widget-divider\" data-id=\"59a9f5c\" data-element_type=\"widget\" data-e-type=\"widget\" data-widget_type=\"divider.default\">\n\t\t\t\t<div class=\"elementor-widget-container\">\n\t\t\t\t\t\t\t<div class=\"elementor-divider\">\n\t\t\t<span class=\"elementor-divider-separator\">\n\t\t\t\t\t\t<\/span>\n\t\t<\/div>\n\t\t\t\t\t\t<\/div>\n\t\t\t\t<\/div>\n\t\t\t\t<div class=\"elementor-element elementor-element-39f7fa1 elementor-widget elementor-widget-heading\" data-id=\"39f7fa1\" data-element_type=\"widget\" data-e-type=\"widget\" data-widget_type=\"heading.default\">\n\t\t\t\t<div class=\"elementor-widget-container\">\n\t\t\t\t\t<h1 class=\"elementor-heading-title elementor-size-default\">Laatu<\/h1>\t\t\t\t<\/div>\n\t\t\t\t<\/div>\n\t\t\t\t<div class=\"elementor-element elementor-element-c06ca94 elementor-widget-divider--view-line elementor-widget elementor-widget-divider\" data-id=\"c06ca94\" data-element_type=\"widget\" data-e-type=\"widget\" data-widget_type=\"divider.default\">\n\t\t\t\t<div class=\"elementor-widget-container\">\n\t\t\t\t\t\t\t<div class=\"elementor-divider\">\n\t\t\t<span class=\"elementor-divider-separator\">\n\t\t\t\t\t\t<\/span>\n\t\t<\/div>\n\t\t\t\t\t\t<\/div>\n\t\t\t\t<\/div>\n\t\t\t\t\t<\/div>\n\t\t\t\t<\/div>\n\t\t<div class=\"elementor-element elementor-element-317ab61 e-flex e-con-boxed e-con e-parent\" data-id=\"317ab61\" data-element_type=\"container\" data-e-type=\"container\" data-settings=\"{&quot;background_background&quot;:&quot;classic&quot;}\">\n\t\t\t\t\t<div class=\"e-con-inner\">\n\t\t<div class=\"elementor-element elementor-element-5533514 e-con-full e-flex e-con e-parent\" data-id=\"5533514\" data-element_type=\"container\" data-e-type=\"container\">\n\t\t\t\t<div class=\"elementor-element elementor-element-8fb931d elementor-widget elementor-widget-heading\" data-id=\"8fb931d\" data-element_type=\"widget\" data-e-type=\"widget\" data-widget_type=\"heading.default\">\n\t\t\t\t<div class=\"elementor-widget-container\">\n\t\t\t\t\t<h3 class=\"elementor-heading-title elementor-size-default\">R-Group:n<br> laatupolitiikka<\/h3>\t\t\t\t<\/div>\n\t\t\t\t<\/div>\n\t\t\t\t<div class=\"elementor-element elementor-element-fa88644 elementor-widget-divider--view-line elementor-widget elementor-widget-divider\" data-id=\"fa88644\" data-element_type=\"widget\" data-e-type=\"widget\" data-widget_type=\"divider.default\">\n\t\t\t\t<div class=\"elementor-widget-container\">\n\t\t\t\t\t\t\t<div class=\"elementor-divider\">\n\t\t\t<span class=\"elementor-divider-separator\">\n\t\t\t\t\t\t<\/span>\n\t\t<\/div>\n\t\t\t\t\t\t<\/div>\n\t\t\t\t<\/div>\n\t\t\t\t<\/div>\n\t\t<div class=\"elementor-element elementor-element-12cde2c e-con-full e-flex e-con e-parent\" data-id=\"12cde2c\" data-element_type=\"container\" data-e-type=\"container\">\n\t\t\t\t<div class=\"elementor-element elementor-element-86a900d elementor-widget elementor-widget-text-editor\" data-id=\"86a900d\" data-element_type=\"widget\" data-e-type=\"widget\" data-widget_type=\"text-editor.default\">\n\t\t\t\t<div class=\"elementor-widget-container\">\n\t\t\t\t\t\t\t\t\t<p>Laatu on meille t\u00e4rke\u00e4 asia, joka ohjaa kaikkea toimintaamme.<\/p>\n<p>Kehit\u00e4mme nykyisi\u00e4 tuotteitamme, sek\u00e4 luomme ja ideoimme jatkuvasti uusia ratkaisuja vastaamaan nykyp\u00e4iv\u00e4n laatu- ja ymp\u00e4rist\u00f6vaatimuksiin. Annamme ty\u00f6ntekij\u00f6illemme mahdollisuudet siihen, ett\u00e4 he voivat omassa ty\u00f6ss\u00e4\u00e4n varmistua laadukkaasta ja vaatimukset t\u00e4ytt\u00e4v\u00e4st\u00e4 tuotteesta taikka palvelusta. <\/p>\n\t\t\t\t\t\t\t\t<\/div>\n\t\t\t\t<\/div>\n\t\t\t\t<\/div>\n\t\t\t\t\t<\/div>\n\t\t\t\t<\/div>\n\t\t<div class=\"elementor-element elementor-element-51a6ced e-flex e-con-boxed e-con e-parent\" data-id=\"51a6ced\" data-element_type=\"container\" data-e-type=\"container\" data-settings=\"{&quot;background_background&quot;:&quot;classic&quot;}\">\n\t\t\t\t\t<div class=\"e-con-inner\">\n\t\t<div class=\"elementor-element elementor-element-9e9ec44 e-flex e-con-boxed e-con e-parent\" data-id=\"9e9ec44\" data-element_type=\"container\" data-e-type=\"container\">\n\t\t\t\t\t<div class=\"e-con-inner\">\n\t\t\t\t<div class=\"elementor-element elementor-element-25552fd elementor-widget elementor-widget-heading\" data-id=\"25552fd\" data-element_type=\"widget\" data-e-type=\"widget\" data-widget_type=\"heading.default\">\n\t\t\t\t<div class=\"elementor-widget-container\">\n\t\t\t\t\t<h4 class=\"elementor-heading-title elementor-size-default\">Olemme sitoutuneet laatuun<\/h4>\t\t\t\t<\/div>\n\t\t\t\t<\/div>\n\t\t\t\t<div class=\"elementor-element elementor-element-8ea7ae6 elementor-widget elementor-widget-text-editor\" data-id=\"8ea7ae6\" data-element_type=\"widget\" data-e-type=\"widget\" data-widget_type=\"text-editor.default\">\n\t\t\t\t<div class=\"elementor-widget-container\">\n\t\t\t\t\t\t\t\t\t<ul>\n<li>Ymm\u00e4rr\u00e4mme asiakkaan pyynn\u00f6t, tarpeet ja odotukset.<\/li>\n<li>Toimimme tehokkaasti ja tarjoamme<br \/>asiakkaillemme tuotteet ja palvelut sovitusti.<\/li>\n<li>K\u00e4yt\u00e4mme ainoastaan sertifioituja materiaalitoimittajia, joilla on sertifioidut laatuj\u00e4rjestelm\u00e4t ja tuotantomenetelm\u00e4t.<\/li>\n<li>Auditoimme omat toimintomme s\u00e4\u00e4nn\u00f6llisesti, jotta yhteisty\u00f6n saumaton toiminta varmistetaan.<\/li>\n<li>Seuraamme tuotteiden laatua s\u00e4\u00e4nn\u00f6llisesti omalla vaatimukset t\u00e4ytt\u00e4v\u00e4ll\u00e4 testilaboratoriolla.<\/li>\n<li>Laatuj\u00e4rjestelm\u00e4mme on sertifioitu <span style=\"text-decoration: underline;\"><a href=\"https:\/\/rsteel.digiteam.dev\/downloads\/\" target=\"_blank\" rel=\"noopener\">ISO 9001-2015<\/a><\/span> mukaisesti.<\/li>\n<\/ul>\n<p><span style=\"text-decoration: underline;\"><a href=\"https:\/\/rsteel.digiteam.dev\/downloads\/\">Tarkista laatusertifikaattimme t\u00e4\u00e4lt\u00e4.<\/a><\/span><\/p>\n\t\t\t\t\t\t\t\t<\/div>\n\t\t\t\t<\/div>\n\t\t\t\t\t<\/div>\n\t\t\t\t<\/div>\n\t\t\t\t\t<\/div>\n\t\t\t\t<\/div>\n\t\t\t\t<\/div>\n\t\t","protected":false},"excerpt":{"rendered":"<p>Laatu R-Group:n laatupolitiikka Laatu on meille t\u00e4rke\u00e4 asia, joka ohjaa kaikkea toimintaamme. Kehit\u00e4mme nykyisi\u00e4 tuotteitamme, sek\u00e4 luomme ja ideoimme jatkuvasti uusia ratkaisuja vastaamaan nykyp\u00e4iv\u00e4n laatu- ja ymp\u00e4rist\u00f6vaatimuksiin. Annamme ty\u00f6ntekij\u00f6illemme mahdollisuudet siihen, ett\u00e4 he voivat omassa ty\u00f6ss\u00e4\u00e4n varmistua laadukkaasta ja vaatimukset t\u00e4ytt\u00e4v\u00e4st\u00e4 tuotteesta taikka palvelusta. Olemme sitoutuneet laatuun Ymm\u00e4rr\u00e4mme asiakkaan pyynn\u00f6t, tarpeet ja odotukset. Toimimme tehokkaasti [&hellip;]<\/p>\n","protected":false},"author":7,"featured_media":620,"parent":244,"menu_order":0,"comment_status":"closed","ping_status":"closed","template":"","meta":{"_acf_changed":false,"footnotes":""},"class_list":["post-1990","page","type-page","status-publish","has-post-thumbnail","hentry"],"acf":[],"yoast_head":"<!-- This site is optimized with the Yoast SEO plugin v27.1.1 - https:\/\/yoast.com\/product\/yoast-seo-wordpress\/ -->\n<title>Laatu - RSTEEL\u00ae<\/title>\n<meta name=\"robots\" content=\"index, follow, max-snippet:-1, max-image-preview:large, max-video-preview:-1\" \/>\n<link rel=\"canonical\" href=\"https:\/\/www.rsteel.eu\/fi\/r-group\/laatu\/\" \/>\n<meta property=\"og:locale\" content=\"fi_FI\" \/>\n<meta property=\"og:type\" content=\"article\" \/>\n<meta property=\"og:title\" content=\"Laatu - RSTEEL\u00ae\" \/>\n<meta property=\"og:description\" content=\"Laatu R-Group:n laatupolitiikka Laatu on meille t\u00e4rke\u00e4 asia, joka ohjaa kaikkea toimintaamme. Kehit\u00e4mme nykyisi\u00e4 tuotteitamme, sek\u00e4 luomme ja ideoimme jatkuvasti uusia ratkaisuja vastaamaan nykyp\u00e4iv\u00e4n laatu- ja ymp\u00e4rist\u00f6vaatimuksiin. Annamme ty\u00f6ntekij\u00f6illemme mahdollisuudet siihen, ett\u00e4 he voivat omassa ty\u00f6ss\u00e4\u00e4n varmistua laadukkaasta ja vaatimukset t\u00e4ytt\u00e4v\u00e4st\u00e4 tuotteesta taikka palvelusta. Olemme sitoutuneet laatuun Ymm\u00e4rr\u00e4mme asiakkaan pyynn\u00f6t, tarpeet ja odotukset. Toimimme tehokkaasti [&hellip;]\" \/>\n<meta property=\"og:url\" content=\"https:\/\/www.rsteel.eu\/fi\/r-group\/laatu\/\" \/>\n<meta property=\"og:site_name\" content=\"RSTEEL\u00ae\" \/>\n<meta property=\"article:modified_time\" content=\"2023-12-12T22:07:21+00:00\" \/>\n<meta property=\"og:image\" content=\"https:\/\/mlavatqvr5rz.i.optimole.com\/cb:I2K_.591ca\/w:1700\/h:264\/q:83\/f:best\/https:\/\/www.rsteel.eu\/wp-content\/uploads\/about-us-hero.jpg\" \/>\n\t<meta property=\"og:image:width\" content=\"1700\" \/>\n\t<meta property=\"og:image:height\" content=\"264\" \/>\n\t<meta property=\"og:image:type\" content=\"image\/jpeg\" \/>\n<meta name=\"twitter:card\" content=\"summary_large_image\" \/>\n<meta name=\"twitter:label1\" content=\"Arvioitu lukuaika\" \/>\n\t<meta name=\"twitter:data1\" content=\"1 minuutti\" \/>\n<script type=\"application\/ld+json\" class=\"yoast-schema-graph\">{\"@context\":\"https:\/\/schema.org\",\"@graph\":[{\"@type\":\"WebPage\",\"@id\":\"https:\/\/www.rsteel.eu\/fi\/r-group\/laatu\/\",\"url\":\"https:\/\/www.rsteel.eu\/fi\/r-group\/laatu\/\",\"name\":\"Laatu - RSTEEL\u00ae\",\"isPartOf\":{\"@id\":\"https:\/\/www.rsteel.eu\/fi\/#website\"},\"primaryImageOfPage\":{\"@id\":\"https:\/\/www.rsteel.eu\/fi\/r-group\/laatu\/#primaryimage\"},\"image\":{\"@id\":\"https:\/\/www.rsteel.eu\/fi\/r-group\/laatu\/#primaryimage\"},\"thumbnailUrl\":\"https:\/\/www.rsteel.eu\/wp-content\/uploads\/about-us-hero.jpg\",\"datePublished\":\"2023-04-04T10:29:15+00:00\",\"dateModified\":\"2023-12-12T22:07:21+00:00\",\"breadcrumb\":{\"@id\":\"https:\/\/www.rsteel.eu\/fi\/r-group\/laatu\/#breadcrumb\"},\"inLanguage\":\"fi\",\"potentialAction\":[{\"@type\":\"ReadAction\",\"target\":[\"https:\/\/www.rsteel.eu\/fi\/r-group\/laatu\/\"]}]},{\"@type\":\"ImageObject\",\"inLanguage\":\"fi\",\"@id\":\"https:\/\/www.rsteel.eu\/fi\/r-group\/laatu\/#primaryimage\",\"url\":\"https:\/\/www.rsteel.eu\/wp-content\/uploads\/about-us-hero.jpg\",\"contentUrl\":\"https:\/\/www.rsteel.eu\/wp-content\/uploads\/about-us-hero.jpg\",\"width\":1700,\"height\":264},{\"@type\":\"BreadcrumbList\",\"@id\":\"https:\/\/www.rsteel.eu\/fi\/r-group\/laatu\/#breadcrumb\",\"itemListElement\":[{\"@type\":\"ListItem\",\"position\":1,\"name\":\"Home\",\"item\":\"https:\/\/www.rsteel.eu\/fi\/\"},{\"@type\":\"ListItem\",\"position\":2,\"name\":\"R-Group\",\"item\":\"https:\/\/www.rsteel.eu\/fi\/r-group\/\"},{\"@type\":\"ListItem\",\"position\":3,\"name\":\"Laatu\"}]},{\"@type\":\"WebSite\",\"@id\":\"https:\/\/www.rsteel.eu\/fi\/#website\",\"url\":\"https:\/\/www.rsteel.eu\/fi\/\",\"name\":\"RSTEEL\u00ae\",\"description\":\"RSTEEL\u00ae is a Finnish leading global supplier of precast accessories and concrete connections with its operations in Finland, Estonia and other parts of Europe and Asia.\",\"publisher\":{\"@id\":\"https:\/\/www.rsteel.eu\/fi\/#organization\"},\"potentialAction\":[{\"@type\":\"SearchAction\",\"target\":{\"@type\":\"EntryPoint\",\"urlTemplate\":\"https:\/\/www.rsteel.eu\/fi\/?s={search_term_string}\"},\"query-input\":{\"@type\":\"PropertyValueSpecification\",\"valueRequired\":true,\"valueName\":\"search_term_string\"}}],\"inLanguage\":\"fi\"},{\"@type\":\"Organization\",\"@id\":\"https:\/\/www.rsteel.eu\/fi\/#organization\",\"name\":\"RSTEEL\u00ae\",\"url\":\"https:\/\/www.rsteel.eu\/fi\/\",\"logo\":{\"@type\":\"ImageObject\",\"inLanguage\":\"fi\",\"@id\":\"https:\/\/www.rsteel.eu\/fi\/#\/schema\/logo\/image\/\",\"url\":\"https:\/\/www.rsteel.eu\/wp-content\/uploads\/rsteel-logo-1.png\",\"contentUrl\":\"https:\/\/www.rsteel.eu\/wp-content\/uploads\/rsteel-logo-1.png\",\"width\":340,\"height\":63,\"caption\":\"RSTEEL\u00ae\"},\"image\":{\"@id\":\"https:\/\/www.rsteel.eu\/fi\/#\/schema\/logo\/image\/\"}}]}<\/script>\n<!-- \/ Yoast SEO plugin. -->","yoast_head_json":{"title":"Laatu - RSTEEL\u00ae","robots":{"index":"index","follow":"follow","max-snippet":"max-snippet:-1","max-image-preview":"max-image-preview:large","max-video-preview":"max-video-preview:-1"},"canonical":"https:\/\/www.rsteel.eu\/fi\/r-group\/laatu\/","og_locale":"fi_FI","og_type":"article","og_title":"Laatu - RSTEEL\u00ae","og_description":"Laatu R-Group:n laatupolitiikka Laatu on meille t\u00e4rke\u00e4 asia, joka ohjaa kaikkea toimintaamme. Kehit\u00e4mme nykyisi\u00e4 tuotteitamme, sek\u00e4 luomme ja ideoimme jatkuvasti uusia ratkaisuja vastaamaan nykyp\u00e4iv\u00e4n laatu- ja ymp\u00e4rist\u00f6vaatimuksiin. Annamme ty\u00f6ntekij\u00f6illemme mahdollisuudet siihen, ett\u00e4 he voivat omassa ty\u00f6ss\u00e4\u00e4n varmistua laadukkaasta ja vaatimukset t\u00e4ytt\u00e4v\u00e4st\u00e4 tuotteesta taikka palvelusta. Olemme sitoutuneet laatuun Ymm\u00e4rr\u00e4mme asiakkaan pyynn\u00f6t, tarpeet ja odotukset. Toimimme tehokkaasti [&hellip;]","og_url":"https:\/\/www.rsteel.eu\/fi\/r-group\/laatu\/","og_site_name":"RSTEEL\u00ae","article_modified_time":"2023-12-12T22:07:21+00:00","og_image":[{"width":1700,"height":264,"url":"https:\/\/mlavatqvr5rz.i.optimole.com\/cb:I2K_.591ca\/w:1700\/h:264\/q:83\/f:best\/https:\/\/www.rsteel.eu\/wp-content\/uploads\/about-us-hero.jpg","type":"image\/jpeg"}],"twitter_card":"summary_large_image","twitter_misc":{"Arvioitu lukuaika":"1 minuutti"},"schema":{"@context":"https:\/\/schema.org","@graph":[{"@type":"WebPage","@id":"https:\/\/www.rsteel.eu\/fi\/r-group\/laatu\/","url":"https:\/\/www.rsteel.eu\/fi\/r-group\/laatu\/","name":"Laatu - RSTEEL\u00ae","isPartOf":{"@id":"https:\/\/www.rsteel.eu\/fi\/#website"},"primaryImageOfPage":{"@id":"https:\/\/www.rsteel.eu\/fi\/r-group\/laatu\/#primaryimage"},"image":{"@id":"https:\/\/www.rsteel.eu\/fi\/r-group\/laatu\/#primaryimage"},"thumbnailUrl":"https:\/\/www.rsteel.eu\/wp-content\/uploads\/about-us-hero.jpg","datePublished":"2023-04-04T10:29:15+00:00","dateModified":"2023-12-12T22:07:21+00:00","breadcrumb":{"@id":"https:\/\/www.rsteel.eu\/fi\/r-group\/laatu\/#breadcrumb"},"inLanguage":"fi","potentialAction":[{"@type":"ReadAction","target":["https:\/\/www.rsteel.eu\/fi\/r-group\/laatu\/"]}]},{"@type":"ImageObject","inLanguage":"fi","@id":"https:\/\/www.rsteel.eu\/fi\/r-group\/laatu\/#primaryimage","url":"https:\/\/www.rsteel.eu\/wp-content\/uploads\/about-us-hero.jpg","contentUrl":"https:\/\/www.rsteel.eu\/wp-content\/uploads\/about-us-hero.jpg","width":1700,"height":264},{"@type":"BreadcrumbList","@id":"https:\/\/www.rsteel.eu\/fi\/r-group\/laatu\/#breadcrumb","itemListElement":[{"@type":"ListItem","position":1,"name":"Home","item":"https:\/\/www.rsteel.eu\/fi\/"},{"@type":"ListItem","position":2,"name":"R-Group","item":"https:\/\/www.rsteel.eu\/fi\/r-group\/"},{"@type":"ListItem","position":3,"name":"Laatu"}]},{"@type":"WebSite","@id":"https:\/\/www.rsteel.eu\/fi\/#website","url":"https:\/\/www.rsteel.eu\/fi\/","name":"RSTEEL\u00ae","description":"RSTEEL\u00ae is a Finnish leading global supplier of precast accessories and concrete connections with its operations in Finland, Estonia and other parts of Europe and Asia.","publisher":{"@id":"https:\/\/www.rsteel.eu\/fi\/#organization"},"potentialAction":[{"@type":"SearchAction","target":{"@type":"EntryPoint","urlTemplate":"https:\/\/www.rsteel.eu\/fi\/?s={search_term_string}"},"query-input":{"@type":"PropertyValueSpecification","valueRequired":true,"valueName":"search_term_string"}}],"inLanguage":"fi"},{"@type":"Organization","@id":"https:\/\/www.rsteel.eu\/fi\/#organization","name":"RSTEEL\u00ae","url":"https:\/\/www.rsteel.eu\/fi\/","logo":{"@type":"ImageObject","inLanguage":"fi","@id":"https:\/\/www.rsteel.eu\/fi\/#\/schema\/logo\/image\/","url":"https:\/\/www.rsteel.eu\/wp-content\/uploads\/rsteel-logo-1.png","contentUrl":"https:\/\/www.rsteel.eu\/wp-content\/uploads\/rsteel-logo-1.png","width":340,"height":63,"caption":"RSTEEL\u00ae"},"image":{"@id":"https:\/\/www.rsteel.eu\/fi\/#\/schema\/logo\/image\/"}}]}},"_links":{"self":[{"href":"https:\/\/www.rsteel.eu\/fi\/wp-json\/wp\/v2\/pages\/1990","targetHints":{"allow":["GET"]}}],"collection":[{"href":"https:\/\/www.rsteel.eu\/fi\/wp-json\/wp\/v2\/pages"}],"about":[{"href":"https:\/\/www.rsteel.eu\/fi\/wp-json\/wp\/v2\/types\/page"}],"author":[{"embeddable":true,"href":"https:\/\/www.rsteel.eu\/fi\/wp-json\/wp\/v2\/users\/7"}],"replies":[{"embeddable":true,"href":"https:\/\/www.rsteel.eu\/fi\/wp-json\/wp\/v2\/comments?post=1990"}],"version-history":[{"count":17,"href":"https:\/\/www.rsteel.eu\/fi\/wp-json\/wp\/v2\/pages\/1990\/revisions"}],"predecessor-version":[{"id":4155,"href":"https:\/\/www.rsteel.eu\/fi\/wp-json\/wp\/v2\/pages\/1990\/revisions\/4155"}],"up":[{"embeddable":true,"href":"https:\/\/www.rsteel.eu\/fi\/wp-json\/wp\/v2\/pages\/244"}],"wp:featuredmedia":[{"embeddable":true,"href":"https:\/\/www.rsteel.eu\/fi\/wp-json\/wp\/v2\/media\/620"}],"wp:attachment":[{"href":"https:\/\/www.rsteel.eu\/fi\/wp-json\/wp\/v2\/media?parent=1990"}],"curies":[{"name":"wp","href":"https:\/\/api.w.org\/{rel}","templated":true}]}}