{"id":232,"date":"2019-11-12T09:31:36","date_gmt":"2019-11-12T07:31:36","guid":{"rendered":"https:\/\/rsteel.testisivu.dev\/etusivu\/"},"modified":"2026-04-27T14:47:27","modified_gmt":"2026-04-27T11:47:27","slug":"etusivu","status":"publish","type":"page","link":"https:\/\/www.rsteel.eu\/fi\/","title":{"rendered":"Etusivu"},"content":{"rendered":"\t\t<div data-elementor-type=\"wp-page\" data-elementor-id=\"232\" class=\"elementor elementor-232 elementor-6\" data-elementor-post-type=\"page\">\n\t\t\t\t<div class=\"elementor-element elementor-element-de4133a e-flex e-con-boxed e-con e-parent\" data-id=\"de4133a\" data-element_type=\"container\" data-e-type=\"container\" data-settings=\"{&quot;background_background&quot;:&quot;classic&quot;}\">\n\t\t\t\t\t<div class=\"e-con-inner\">\n\t\t\t\t<div class=\"elementor-element elementor-element-f54e114 elementor-widget-divider--view-line elementor-widget elementor-widget-divider\" data-id=\"f54e114\" data-element_type=\"widget\" data-e-type=\"widget\" data-widget_type=\"divider.default\">\n\t\t\t\t<div class=\"elementor-widget-container\">\n\t\t\t\t\t\t\t<div class=\"elementor-divider\">\n\t\t\t<span class=\"elementor-divider-separator\">\n\t\t\t\t\t\t<\/span>\n\t\t<\/div>\n\t\t\t\t\t\t<\/div>\n\t\t\t\t<\/div>\n\t\t\t\t<div class=\"elementor-element elementor-element-51fd3cc elementor-widget elementor-widget-heading\" data-id=\"51fd3cc\" data-element_type=\"widget\" data-e-type=\"widget\" data-widget_type=\"heading.default\">\n\t\t\t\t<div class=\"elementor-widget-container\">\n\t\t\t\t\t<h1 class=\"elementor-heading-title elementor-size-default\">Sitoutuneita betoniin\n<\/h1>\t\t\t\t<\/div>\n\t\t\t\t<\/div>\n\t\t\t\t<div class=\"elementor-element elementor-element-dd65d43 elementor-widget-divider--view-line elementor-widget elementor-widget-divider\" data-id=\"dd65d43\" data-element_type=\"widget\" data-e-type=\"widget\" data-widget_type=\"divider.default\">\n\t\t\t\t<div class=\"elementor-widget-container\">\n\t\t\t\t\t\t\t<div class=\"elementor-divider\">\n\t\t\t<span class=\"elementor-divider-separator\">\n\t\t\t\t\t\t<\/span>\n\t\t<\/div>\n\t\t\t\t\t\t<\/div>\n\t\t\t\t<\/div>\n\t\t\t\t<div class=\"elementor-element elementor-element-f774b8e elementor-widget__width-initial elementor-widget elementor-widget-text-editor\" data-id=\"f774b8e\" data-element_type=\"widget\" data-e-type=\"widget\" data-widget_type=\"text-editor.default\">\n\t\t\t\t<div class=\"elementor-widget-container\">\n\t\t\t\t\t\t\t\t\t<p>Korkealaatuisia ter\u00e4stuotteita betoni- ja rakennusteollisuudelle ymp\u00e4ri maailman.<\/p>\n\t\t\t\t\t\t\t\t<\/div>\n\t\t\t\t<\/div>\n\t\t\t\t\t<\/div>\n\t\t\t\t<\/div>\n\t\t<div class=\"elementor-element elementor-element-f055281 e-flex e-con-boxed e-con e-parent\" data-id=\"f055281\" data-element_type=\"container\" data-e-type=\"container\" data-settings=\"{&quot;background_background&quot;:&quot;classic&quot;}\">\n\t\t\t\t\t<div class=\"e-con-inner\">\n\t\t<div class=\"elementor-element elementor-element-d4de173 e-con-full e-flex e-con e-child\" data-id=\"d4de173\" data-element_type=\"container\" data-e-type=\"container\">\n\t\t\t\t<div class=\"elementor-element elementor-element-325f508 elementor-widget elementor-widget-heading\" data-id=\"325f508\" data-element_type=\"widget\" data-e-type=\"widget\" data-widget_type=\"heading.default\">\n\t\t\t\t<div class=\"elementor-widget-container\">\n\t\t\t\t\t<h2 class=\"elementor-heading-title elementor-size-default\">Yli 50 vuoden jaettu kokemus betoni- sek\u00e4 rakennusteollisuudesta.<\/h2>\t\t\t\t<\/div>\n\t\t\t\t<\/div>\n\t\t\t\t<div class=\"elementor-element elementor-element-b9c0c55 elementor-widget-divider--view-line elementor-widget elementor-widget-divider\" data-id=\"b9c0c55\" data-element_type=\"widget\" data-e-type=\"widget\" data-widget_type=\"divider.default\">\n\t\t\t\t<div class=\"elementor-widget-container\">\n\t\t\t\t\t\t\t<div class=\"elementor-divider\">\n\t\t\t<span class=\"elementor-divider-separator\">\n\t\t\t\t\t\t<\/span>\n\t\t<\/div>\n\t\t\t\t\t\t<\/div>\n\t\t\t\t<\/div>\n\t\t\t\t<\/div>\n\t\t<div class=\"elementor-element elementor-element-d1a717e e-con-full e-flex e-con e-child\" data-id=\"d1a717e\" data-element_type=\"container\" data-e-type=\"container\">\n\t\t\t\t<div class=\"elementor-element elementor-element-783b68c elementor-widget elementor-widget-text-editor\" data-id=\"783b68c\" data-element_type=\"widget\" data-e-type=\"widget\" data-widget_type=\"text-editor.default\">\n\t\t\t\t<div class=\"elementor-widget-container\">\n\t\t\t\t\t\t\t\t\t<p>R-Group tarjoaa korkealaatuisia RSTEEL\u00ae -tuotteita asiakkailleen ymp\u00e4ri maailmaa. Asiakasl\u00e4ht\u00f6inen palvelu ja luotettava toimittajaverkostomme, sek\u00e4 kattava tuotevalikoimamme takaavat asiantuntevat ja joustavat ratkaisut kaikkiin rakennusprojekteihin. Yrityksen toimintaa ohjaavat ISO 9001- 14001- ja 45001 -standardit. Jokaisella RSTEEL\u00ae -tuotteella on laatu-, palvelu- sek\u00e4 toimitustakuu.<\/p>\t\t\t\t\t\t\t\t<\/div>\n\t\t\t\t<\/div>\n\t\t\t\t<\/div>\n\t\t\t\t\t<\/div>\n\t\t\t\t<\/div>\n\t\t<div class=\"elementor-element elementor-element-c04f085 e-flex e-con-boxed e-con e-parent\" data-id=\"c04f085\" data-element_type=\"container\" data-e-type=\"container\" data-settings=\"{&quot;background_background&quot;:&quot;classic&quot;}\">\n\t\t\t\t\t<div class=\"e-con-inner\">\n\t\t<div class=\"elementor-element elementor-element-8443684 e-con-full e-flex e-con e-child\" data-id=\"8443684\" data-element_type=\"container\" data-e-type=\"container\">\n\t\t\t\t<div class=\"elementor-element elementor-element-754d773 elementor-widget elementor-widget-heading\" data-id=\"754d773\" data-element_type=\"widget\" data-e-type=\"widget\" data-widget_type=\"heading.default\">\n\t\t\t\t<div class=\"elementor-widget-container\">\n\t\t\t\t\t<h3 class=\"elementor-heading-title elementor-size-default\">Kenelle?<\/h3>\t\t\t\t<\/div>\n\t\t\t\t<\/div>\n\t\t\t\t<\/div>\n\t\t\t\t\t<\/div>\n\t\t\t\t<\/div>\n\t\t<div class=\"elementor-element elementor-element-f107a72 e-grid e-con-boxed e-con e-parent\" data-id=\"f107a72\" data-element_type=\"container\" data-e-type=\"container\">\n\t\t\t\t\t<div class=\"e-con-inner\">\n\t\t\t\t<div class=\"elementor-element elementor-element-8bed89a frontpage-nosto elementor-cta--skin-classic elementor-animated-content elementor-widget elementor-widget-call-to-action\" data-id=\"8bed89a\" data-element_type=\"widget\" data-e-type=\"widget\" data-widget_type=\"call-to-action.default\">\n\t\t\t\t<div class=\"elementor-widget-container\">\n\t\t\t\t\t\t\t<div class=\"elementor-cta\">\n\t\t\t\t\t<div class=\"elementor-cta__bg-wrapper\">\n\t\t\t\t<div class=\"elementor-cta__bg elementor-bg\" style=\"background-image: url(https:\/\/www.rsteel.eu\/wp-content\/uploads\/boltedconnections-1.jpg);\" role=\"img\" aria-label=\"boltedconnections\"><\/div>\n\t\t\t\t<div class=\"elementor-cta__bg-overlay\"><\/div>\n\t\t\t<\/div>\n\t\t\t\t\t\t\t<div class=\"elementor-cta__content\">\n\t\t\t\t\n\t\t\t\t\t\t\t\t\t<h5 class=\"elementor-cta__title elementor-cta__content-item elementor-content-item\">\n\t\t\t\t\t\tElementtitehtaat\t\t\t\t\t<\/h5>\n\t\t\t\t\n\t\t\t\t\t\t\t\t\t<div class=\"elementor-cta__description elementor-cta__content-item elementor-content-item\">\n\t\t\t\t\t\t<p>Toimitamme vaaditut tuotteet ja palvelut vaaditussa aikataulussa.<br \/>\nLaaja vakiotuotteidemme valikoima yhdistettyn\u00e4 ensiluokkaiseen tekniseen tukeen, asiakaspalveluun ja t\u00e4sm\u00e4llisiin toimituksiin tekev\u00e4t meist\u00e4 halutun yhteisty\u00f6kumppanin.<\/p>\n\t\t\t\t\t<\/div>\n\t\t\t\t\n\t\t\t\t\t\t\t<\/div>\n\t\t\t\t\t\t<\/div>\n\t\t\t\t\t\t<\/div>\n\t\t\t\t<\/div>\n\t\t\t\t<div class=\"elementor-element elementor-element-93f67a9 frontpage-nosto elementor-cta--skin-classic elementor-animated-content elementor-widget elementor-widget-call-to-action\" data-id=\"93f67a9\" data-element_type=\"widget\" data-e-type=\"widget\" data-widget_type=\"call-to-action.default\">\n\t\t\t\t<div class=\"elementor-widget-container\">\n\t\t\t\t\t\t\t<div class=\"elementor-cta\">\n\t\t\t\t\t<div class=\"elementor-cta__bg-wrapper\">\n\t\t\t\t<div class=\"elementor-cta__bg elementor-bg\" style=\"background-image: url(https:\/\/www.rsteel.eu\/wp-content\/uploads\/Rectangle-137.jpg);\" role=\"img\" aria-label=\"Rectangle 137\"><\/div>\n\t\t\t\t<div class=\"elementor-cta__bg-overlay\"><\/div>\n\t\t\t<\/div>\n\t\t\t\t\t\t\t<div class=\"elementor-cta__content\">\n\t\t\t\t\n\t\t\t\t\t\t\t\t\t<h5 class=\"elementor-cta__title elementor-cta__content-item elementor-content-item\">\n\t\t\t\t\t\tUrakoitsijat\t\t\t\t\t<\/h5>\n\t\t\t\t\n\t\t\t\t\t\t\t\t\t<div class=\"elementor-cta__description elementor-cta__content-item elementor-content-item\">\n\t\t\t\t\t\t<p>Olemme sitoutuneita auttamaan urakoitsijoita kaikissa hankkeissa ja niiden vaiheissa.<br \/>\nLaadukkaat ja kustannustehokkaat ratkaisumme parantavat kannattavuutta niin pieniss\u00e4 kuin isoissakin hankkeissa.<\/p>\n\t\t\t\t\t<\/div>\n\t\t\t\t\n\t\t\t\t\t\t\t<\/div>\n\t\t\t\t\t\t<\/div>\n\t\t\t\t\t\t<\/div>\n\t\t\t\t<\/div>\n\t\t\t\t<div class=\"elementor-element elementor-element-4e992c4 frontpage-nosto elementor-cta--skin-classic elementor-animated-content elementor-widget elementor-widget-call-to-action\" data-id=\"4e992c4\" data-element_type=\"widget\" data-e-type=\"widget\" data-widget_type=\"call-to-action.default\">\n\t\t\t\t<div class=\"elementor-widget-container\">\n\t\t\t\t\t\t\t<div class=\"elementor-cta\">\n\t\t\t\t\t<div class=\"elementor-cta__bg-wrapper\">\n\t\t\t\t<div class=\"elementor-cta__bg elementor-bg\" style=\"background-image: url(https:\/\/www.rsteel.eu\/wp-content\/uploads\/Rectangle-139.jpg);\" role=\"img\" aria-label=\"Rectangle 139\"><\/div>\n\t\t\t\t<div class=\"elementor-cta__bg-overlay\"><\/div>\n\t\t\t<\/div>\n\t\t\t\t\t\t\t<div class=\"elementor-cta__content\">\n\t\t\t\t\n\t\t\t\t\t\t\t\t\t<h5 class=\"elementor-cta__title elementor-cta__content-item elementor-content-item\">\n\t\t\t\t\t\tSuunnittelijat\t\t\t\t\t<\/h5>\n\t\t\t\t\n\t\t\t\t\t\t\t\t\t<div class=\"elementor-cta__description elementor-cta__content-item elementor-content-item\">\n\t\t\t\t\t\t<p>Olemme laatineet tuotteistamme suunnittelukomponentit helpottamaan suunnittelijoiden ty\u00f6t\u00e4.<br \/>\nSuunnittelukomponentit yhdess\u00e4 R-Design Suite-mitoitusohjelmamme sek\u00e4 selkeiden teknisten k\u00e4ytt\u00f6ohjeiden kanssa auttavat suunnittelemaan turvallisempia ja luotettavampia rakenteita.<\/p>\n\t\t\t\t\t<\/div>\n\t\t\t\t\n\t\t\t\t\t\t\t<\/div>\n\t\t\t\t\t\t<\/div>\n\t\t\t\t\t\t<\/div>\n\t\t\t\t<\/div>\n\t\t\t\t\t<\/div>\n\t\t\t\t<\/div>\n\t\t<div class=\"elementor-element elementor-element-f4d35b4 e-flex e-con-boxed e-con e-parent\" data-id=\"f4d35b4\" data-element_type=\"container\" data-e-type=\"container\" data-settings=\"{&quot;background_background&quot;:&quot;classic&quot;}\">\n\t\t\t\t\t<div class=\"e-con-inner\">\n\t\t\t\t<div class=\"elementor-element elementor-element-cc23bc5 elementor-widget elementor-widget-heading\" data-id=\"cc23bc5\" data-element_type=\"widget\" data-e-type=\"widget\" data-widget_type=\"heading.default\">\n\t\t\t\t<div class=\"elementor-widget-container\">\n\t\t\t\t\t<h3 class=\"elementor-heading-title elementor-size-default\">Tuotekategoriat<\/h3>\t\t\t\t<\/div>\n\t\t\t\t<\/div>\n\t\t\t\t<div class=\"elementor-element elementor-element-1610718 frontpage-product-categories elementor-grid-tablet-2 elementor-grid-mobile-1 elementor-grid-4 elementor-products-grid elementor-wc-products elementor-widget elementor-widget-wc-categories\" data-id=\"1610718\" data-element_type=\"widget\" data-e-type=\"widget\" data-widget_type=\"wc-categories.default\">\n\t\t\t\t<div class=\"elementor-widget-container\">\n\t\t\t\t\t<div class=\"woocommerce columns-4\"><ul class=\"products elementor-grid columns-4\">\n<li class=\"product-category product first\">\n\t<a aria-label=\"Visit product category Pulttiliitokset\" href=\"https:\/\/www.rsteel.eu\/fi\/tuote-osasto\/pulttiliitokset\/\"><img fetchpriority=\"high\" decoding=\"async\" src=\"https:\/\/www.rsteel.eu\/wp-content\/uploads\/Rectangle-149-300x192.jpg\" alt=\"Pulttiliitokset\" width=\"300\" height=\"300\" \/>\t\t<h2 class=\"woocommerce-loop-category__title\">\n\t\t\tPulttiliitokset <mark class=\"count\">(6)<\/mark>\t\t<\/h2>\n\t\t<\/a><\/li>\n<li class=\"product-category product\">\n\t<a aria-label=\"Visit product category Vaijerilenkit\" href=\"https:\/\/www.rsteel.eu\/fi\/tuote-osasto\/vaijerilenkit\/\"><img decoding=\"async\" src=\"https:\/\/www.rsteel.eu\/wp-content\/uploads\/Rectangle-150-300x192.jpg\" alt=\"Vaijerilenkit\" width=\"300\" height=\"300\" \/>\t\t<h2 class=\"woocommerce-loop-category__title\">\n\t\t\tVaijerilenkit <mark class=\"count\">(2)<\/mark>\t\t<\/h2>\n\t\t<\/a><\/li>\n<li class=\"product-category product\">\n\t<a aria-label=\"Visit product category Liitososat\" href=\"https:\/\/www.rsteel.eu\/fi\/tuote-osasto\/liitososat\/\"><img decoding=\"async\" src=\"https:\/\/www.rsteel.eu\/wp-content\/uploads\/Rectangle-148-300x192.jpg\" alt=\"Liitososat\" width=\"300\" height=\"300\" \/>\t\t<h2 class=\"woocommerce-loop-category__title\">\n\t\t\tLiitososat <mark class=\"count\">(5)<\/mark>\t\t<\/h2>\n\t\t<\/a><\/li>\n<li class=\"product-category product last\">\n\t<a aria-label=\"Visit product category Nostoj\u00e4rjestelm\u00e4t\" href=\"https:\/\/www.rsteel.eu\/fi\/tuote-osasto\/nostojarjestelmat\/\"><img loading=\"lazy\" decoding=\"async\" src=\"https:\/\/www.rsteel.eu\/wp-content\/uploads\/Rectangle-147-300x192.jpg\" alt=\"Nostoj\u00e4rjestelm\u00e4t\" width=\"300\" height=\"300\" \/>\t\t<h2 class=\"woocommerce-loop-category__title\">\n\t\t\tNostoj\u00e4rjestelm\u00e4t <mark class=\"count\">(11)<\/mark>\t\t<\/h2>\n\t\t<\/a><\/li>\n<\/ul>\n<\/div>\t\t\t\t<\/div>\n\t\t\t\t<\/div>\n\t\t\t\t<div class=\"elementor-element elementor-element-d8a6b4b elementor-align-right btn-with-svg elementor-widget elementor-widget-button\" data-id=\"d8a6b4b\" data-element_type=\"widget\" data-e-type=\"widget\" data-widget_type=\"button.default\">\n\t\t\t\t<div class=\"elementor-widget-container\">\n\t\t\t\t\t\t\t\t\t<div class=\"elementor-button-wrapper\">\n\t\t\t\t\t<a class=\"elementor-button elementor-button-link elementor-size-sm\" href=\"https:\/\/rsteel.eu\/products\/\">\n\t\t\t\t\t\t<span class=\"elementor-button-content-wrapper\">\n\t\t\t\t\t\t<span class=\"elementor-button-icon\">\n\t\t\t\t<i aria-hidden=\"true\" class=\"far fa-arrow-right\"><\/i>\t\t\t<\/span>\n\t\t\t\t\t\t\t\t\t<span class=\"elementor-button-text\">Katso kaikki tuotteet<\/span>\n\t\t\t\t\t<\/span>\n\t\t\t\t\t<\/a>\n\t\t\t\t<\/div>\n\t\t\t\t\t\t\t\t<\/div>\n\t\t\t\t<\/div>\n\t\t\t\t\t<\/div>\n\t\t\t\t<\/div>\n\t\t<div class=\"elementor-element elementor-element-3a888c1 e-flex e-con-boxed e-con e-parent\" data-id=\"3a888c1\" data-element_type=\"container\" data-e-type=\"container\" data-settings=\"{&quot;background_background&quot;:&quot;classic&quot;}\">\n\t\t\t\t\t<div class=\"e-con-inner\">\n\t\t\t\t\t<\/div>\n\t\t\t\t<\/div>\n\t\t\t\t<\/div>\n\t\t","protected":false},"excerpt":{"rendered":"<p>Sitoutuneita betoniin Korkealaatuisia ter\u00e4stuotteita betoni- ja rakennusteollisuudelle ymp\u00e4ri maailman. Yli 50 vuoden jaettu kokemus betoni- sek\u00e4 rakennusteollisuudesta. R-Group tarjoaa korkealaatuisia RSTEEL\u00ae -tuotteita asiakkailleen ymp\u00e4ri maailmaa. Asiakasl\u00e4ht\u00f6inen palvelu ja luotettava toimittajaverkostomme, sek\u00e4 kattava tuotevalikoimamme takaavat asiantuntevat ja joustavat ratkaisut kaikkiin rakennusprojekteihin. Yrityksen toimintaa ohjaavat ISO 9001- 14001- ja 45001 -standardit. Jokaisella RSTEEL\u00ae -tuotteella on laatu-, palvelu- [&hellip;]<\/p>\n","protected":false},"author":4,"featured_media":1865,"parent":0,"menu_order":0,"comment_status":"closed","ping_status":"closed","template":"","meta":{"_acf_changed":false,"footnotes":""},"class_list":["post-232","page","type-page","status-publish","has-post-thumbnail","hentry"],"acf":[],"yoast_head":"<!-- This site is optimized with the Yoast SEO plugin v27.1.1 - https:\/\/yoast.com\/product\/yoast-seo-wordpress\/ -->\n<title>Ter\u00e4stuotteita betoniteollisuuteen - RSTEEL\u00ae<\/title>\n<meta name=\"description\" content=\"Myymme laadukkaita ter\u00e4stuotteita betonirakentamiseen ja rakennusteollisuudelle ymp\u00e4ri maailman. Tutustu ratkaisuihimme ja kattavaan tuotevalikoimaan.\" \/>\n<meta name=\"robots\" content=\"index, follow, max-snippet:-1, max-image-preview:large, max-video-preview:-1\" \/>\n<link rel=\"canonical\" href=\"https:\/\/www.rsteel.eu\/fi\/\" \/>\n<meta property=\"og:locale\" content=\"fi_FI\" \/>\n<meta property=\"og:type\" content=\"article\" \/>\n<meta property=\"og:title\" content=\"Ter\u00e4stuotteita betoniteollisuuteen - RSTEEL\u00ae\" \/>\n<meta property=\"og:description\" content=\"Myymme laadukkaita ter\u00e4stuotteita betonirakentamiseen ja rakennusteollisuudelle ymp\u00e4ri maailman. Tutustu ratkaisuihimme ja kattavaan tuotevalikoimaan.\" \/>\n<meta property=\"og:url\" content=\"https:\/\/www.rsteel.eu\/fi\/\" \/>\n<meta property=\"og:site_name\" content=\"RSTEEL\u00ae\" \/>\n<meta property=\"article:modified_time\" content=\"2026-04-27T11:47:27+00:00\" \/>\n<meta property=\"og:image\" content=\"https:\/\/www.rsteel.eu\/wp-content\/uploads\/20JJ0923_162-Edit_fotoJarekJoepera-scaled.jpg\" \/>\n\t<meta property=\"og:image:width\" content=\"2560\" \/>\n\t<meta property=\"og:image:height\" content=\"1680\" \/>\n\t<meta property=\"og:image:type\" content=\"image\/jpeg\" \/>\n<meta name=\"twitter:card\" content=\"summary_large_image\" \/>\n<meta name=\"twitter:label1\" content=\"Arvioitu lukuaika\" \/>\n\t<meta name=\"twitter:data1\" content=\"2 minuuttia\" \/>\n<script type=\"application\/ld+json\" class=\"yoast-schema-graph\">{\"@context\":\"https:\/\/schema.org\",\"@graph\":[{\"@type\":\"WebPage\",\"@id\":\"https:\/\/www.rsteel.eu\/fi\/\",\"url\":\"https:\/\/www.rsteel.eu\/fi\/\",\"name\":\"Ter\u00e4stuotteita betoniteollisuuteen - RSTEEL\u00ae\",\"isPartOf\":{\"@id\":\"https:\/\/www.rsteel.eu\/fi\/#website\"},\"primaryImageOfPage\":{\"@id\":\"https:\/\/www.rsteel.eu\/fi\/#primaryimage\"},\"image\":{\"@id\":\"https:\/\/www.rsteel.eu\/fi\/#primaryimage\"},\"thumbnailUrl\":\"https:\/\/www.rsteel.eu\/wp-content\/uploads\/20JJ0923_162-Edit_fotoJarekJoepera-scaled.jpg\",\"datePublished\":\"2019-11-12T07:31:36+00:00\",\"dateModified\":\"2026-04-27T11:47:27+00:00\",\"description\":\"Myymme laadukkaita ter\u00e4stuotteita betonirakentamiseen ja rakennusteollisuudelle ymp\u00e4ri maailman. Tutustu ratkaisuihimme ja kattavaan tuotevalikoimaan.\",\"breadcrumb\":{\"@id\":\"https:\/\/www.rsteel.eu\/fi\/#breadcrumb\"},\"inLanguage\":\"fi\",\"potentialAction\":[{\"@type\":\"ReadAction\",\"target\":[\"https:\/\/www.rsteel.eu\/fi\/\"]}]},{\"@type\":\"ImageObject\",\"inLanguage\":\"fi\",\"@id\":\"https:\/\/www.rsteel.eu\/fi\/#primaryimage\",\"url\":\"https:\/\/www.rsteel.eu\/wp-content\/uploads\/20JJ0923_162-Edit_fotoJarekJoepera-scaled.jpg\",\"contentUrl\":\"https:\/\/www.rsteel.eu\/wp-content\/uploads\/20JJ0923_162-Edit_fotoJarekJoepera-scaled.jpg\",\"width\":2560,\"height\":1680},{\"@type\":\"BreadcrumbList\",\"@id\":\"https:\/\/www.rsteel.eu\/fi\/#breadcrumb\",\"itemListElement\":[{\"@type\":\"ListItem\",\"position\":1,\"name\":\"Home\",\"item\":\"https:\/\/www.rsteel.eu\/fi\/\"},{\"@type\":\"ListItem\",\"position\":2,\"name\":\"Etusivu\"}]},{\"@type\":\"WebSite\",\"@id\":\"https:\/\/www.rsteel.eu\/fi\/#website\",\"url\":\"https:\/\/www.rsteel.eu\/fi\/\",\"name\":\"RSTEEL\u00ae\",\"description\":\"RSTEEL\u00ae is a Finnish leading global supplier of precast accessories and concrete connections with its operations in Finland, Estonia and other parts of Europe and Asia.\",\"publisher\":{\"@id\":\"https:\/\/www.rsteel.eu\/fi\/#organization\"},\"potentialAction\":[{\"@type\":\"SearchAction\",\"target\":{\"@type\":\"EntryPoint\",\"urlTemplate\":\"https:\/\/www.rsteel.eu\/fi\/?s={search_term_string}\"},\"query-input\":{\"@type\":\"PropertyValueSpecification\",\"valueRequired\":true,\"valueName\":\"search_term_string\"}}],\"inLanguage\":\"fi\"},{\"@type\":\"Organization\",\"@id\":\"https:\/\/www.rsteel.eu\/fi\/#organization\",\"name\":\"RSTEEL\u00ae\",\"url\":\"https:\/\/www.rsteel.eu\/fi\/\",\"logo\":{\"@type\":\"ImageObject\",\"inLanguage\":\"fi\",\"@id\":\"https:\/\/www.rsteel.eu\/fi\/#\/schema\/logo\/image\/\",\"url\":\"https:\/\/www.rsteel.eu\/wp-content\/uploads\/rsteel-logo-1.png\",\"contentUrl\":\"https:\/\/www.rsteel.eu\/wp-content\/uploads\/rsteel-logo-1.png\",\"width\":340,\"height\":63,\"caption\":\"RSTEEL\u00ae\"},\"image\":{\"@id\":\"https:\/\/www.rsteel.eu\/fi\/#\/schema\/logo\/image\/\"}}]}<\/script>\n<!-- \/ Yoast SEO plugin. -->","yoast_head_json":{"title":"Ter\u00e4stuotteita betoniteollisuuteen - RSTEEL\u00ae","description":"Myymme laadukkaita ter\u00e4stuotteita betonirakentamiseen ja rakennusteollisuudelle ymp\u00e4ri maailman. Tutustu ratkaisuihimme ja kattavaan tuotevalikoimaan.","robots":{"index":"index","follow":"follow","max-snippet":"max-snippet:-1","max-image-preview":"max-image-preview:large","max-video-preview":"max-video-preview:-1"},"canonical":"https:\/\/www.rsteel.eu\/fi\/","og_locale":"fi_FI","og_type":"article","og_title":"Ter\u00e4stuotteita betoniteollisuuteen - RSTEEL\u00ae","og_description":"Myymme laadukkaita ter\u00e4stuotteita betonirakentamiseen ja rakennusteollisuudelle ymp\u00e4ri maailman. Tutustu ratkaisuihimme ja kattavaan tuotevalikoimaan.","og_url":"https:\/\/www.rsteel.eu\/fi\/","og_site_name":"RSTEEL\u00ae","article_modified_time":"2026-04-27T11:47:27+00:00","og_image":[{"width":2560,"height":1680,"url":"https:\/\/www.rsteel.eu\/wp-content\/uploads\/20JJ0923_162-Edit_fotoJarekJoepera-scaled.jpg","type":"image\/jpeg"}],"twitter_card":"summary_large_image","twitter_misc":{"Arvioitu lukuaika":"2 minuuttia"},"schema":{"@context":"https:\/\/schema.org","@graph":[{"@type":"WebPage","@id":"https:\/\/www.rsteel.eu\/fi\/","url":"https:\/\/www.rsteel.eu\/fi\/","name":"Ter\u00e4stuotteita betoniteollisuuteen - RSTEEL\u00ae","isPartOf":{"@id":"https:\/\/www.rsteel.eu\/fi\/#website"},"primaryImageOfPage":{"@id":"https:\/\/www.rsteel.eu\/fi\/#primaryimage"},"image":{"@id":"https:\/\/www.rsteel.eu\/fi\/#primaryimage"},"thumbnailUrl":"https:\/\/www.rsteel.eu\/wp-content\/uploads\/20JJ0923_162-Edit_fotoJarekJoepera-scaled.jpg","datePublished":"2019-11-12T07:31:36+00:00","dateModified":"2026-04-27T11:47:27+00:00","description":"Myymme laadukkaita ter\u00e4stuotteita betonirakentamiseen ja rakennusteollisuudelle ymp\u00e4ri maailman. Tutustu ratkaisuihimme ja kattavaan tuotevalikoimaan.","breadcrumb":{"@id":"https:\/\/www.rsteel.eu\/fi\/#breadcrumb"},"inLanguage":"fi","potentialAction":[{"@type":"ReadAction","target":["https:\/\/www.rsteel.eu\/fi\/"]}]},{"@type":"ImageObject","inLanguage":"fi","@id":"https:\/\/www.rsteel.eu\/fi\/#primaryimage","url":"https:\/\/www.rsteel.eu\/wp-content\/uploads\/20JJ0923_162-Edit_fotoJarekJoepera-scaled.jpg","contentUrl":"https:\/\/www.rsteel.eu\/wp-content\/uploads\/20JJ0923_162-Edit_fotoJarekJoepera-scaled.jpg","width":2560,"height":1680},{"@type":"BreadcrumbList","@id":"https:\/\/www.rsteel.eu\/fi\/#breadcrumb","itemListElement":[{"@type":"ListItem","position":1,"name":"Home","item":"https:\/\/www.rsteel.eu\/fi\/"},{"@type":"ListItem","position":2,"name":"Etusivu"}]},{"@type":"WebSite","@id":"https:\/\/www.rsteel.eu\/fi\/#website","url":"https:\/\/www.rsteel.eu\/fi\/","name":"RSTEEL\u00ae","description":"RSTEEL\u00ae is a Finnish leading global supplier of precast accessories and concrete connections with its operations in Finland, Estonia and other parts of Europe and Asia.","publisher":{"@id":"https:\/\/www.rsteel.eu\/fi\/#organization"},"potentialAction":[{"@type":"SearchAction","target":{"@type":"EntryPoint","urlTemplate":"https:\/\/www.rsteel.eu\/fi\/?s={search_term_string}"},"query-input":{"@type":"PropertyValueSpecification","valueRequired":true,"valueName":"search_term_string"}}],"inLanguage":"fi"},{"@type":"Organization","@id":"https:\/\/www.rsteel.eu\/fi\/#organization","name":"RSTEEL\u00ae","url":"https:\/\/www.rsteel.eu\/fi\/","logo":{"@type":"ImageObject","inLanguage":"fi","@id":"https:\/\/www.rsteel.eu\/fi\/#\/schema\/logo\/image\/","url":"https:\/\/www.rsteel.eu\/wp-content\/uploads\/rsteel-logo-1.png","contentUrl":"https:\/\/www.rsteel.eu\/wp-content\/uploads\/rsteel-logo-1.png","width":340,"height":63,"caption":"RSTEEL\u00ae"},"image":{"@id":"https:\/\/www.rsteel.eu\/fi\/#\/schema\/logo\/image\/"}}]}},"_links":{"self":[{"href":"https:\/\/www.rsteel.eu\/fi\/wp-json\/wp\/v2\/pages\/232","targetHints":{"allow":["GET"]}}],"collection":[{"href":"https:\/\/www.rsteel.eu\/fi\/wp-json\/wp\/v2\/pages"}],"about":[{"href":"https:\/\/www.rsteel.eu\/fi\/wp-json\/wp\/v2\/types\/page"}],"author":[{"embeddable":true,"href":"https:\/\/www.rsteel.eu\/fi\/wp-json\/wp\/v2\/users\/4"}],"replies":[{"embeddable":true,"href":"https:\/\/www.rsteel.eu\/fi\/wp-json\/wp\/v2\/comments?post=232"}],"version-history":[{"count":87,"href":"https:\/\/www.rsteel.eu\/fi\/wp-json\/wp\/v2\/pages\/232\/revisions"}],"predecessor-version":[{"id":5961,"href":"https:\/\/www.rsteel.eu\/fi\/wp-json\/wp\/v2\/pages\/232\/revisions\/5961"}],"wp:featuredmedia":[{"embeddable":true,"href":"https:\/\/www.rsteel.eu\/fi\/wp-json\/wp\/v2\/media\/1865"}],"wp:attachment":[{"href":"https:\/\/www.rsteel.eu\/fi\/wp-json\/wp\/v2\/media?parent=232"}],"curies":[{"name":"wp","href":"https:\/\/api.w.org\/{rel}","templated":true}]}}