{"id":2970,"date":"2023-04-04T13:47:07","date_gmt":"2023-04-04T10:47:07","guid":{"rendered":"https:\/\/rsteel.testisivu.dev\/r-group\/henkilosto-ja-tyopaikat\/"},"modified":"2026-04-27T15:12:24","modified_gmt":"2026-04-27T12:12:24","slug":"henkilosto-ja-tyopaikat","status":"publish","type":"page","link":"https:\/\/www.rsteel.eu\/fi\/r-group\/henkilosto-ja-tyopaikat\/","title":{"rendered":"Henkil\u00f6st\u00f6 ja ty\u00f6paikat"},"content":{"rendered":"\t\t<div data-elementor-type=\"wp-page\" data-elementor-id=\"2970\" class=\"elementor elementor-2970 elementor-1952\" data-elementor-post-type=\"page\">\n\t\t\t\t<div class=\"elementor-element elementor-element-b0ff446 e-flex e-con-boxed e-con e-parent\" data-id=\"b0ff446\" data-element_type=\"container\" data-e-type=\"container\" data-settings=\"{&quot;background_background&quot;:&quot;classic&quot;}\">\n\t\t\t\t\t<div class=\"e-con-inner\">\n\t\t\t\t<div class=\"elementor-element elementor-element-b112a6b elementor-widget-divider--view-line elementor-widget elementor-widget-divider\" data-id=\"b112a6b\" data-element_type=\"widget\" data-e-type=\"widget\" data-widget_type=\"divider.default\">\n\t\t\t\t<div class=\"elementor-widget-container\">\n\t\t\t\t\t\t\t<div class=\"elementor-divider\">\n\t\t\t<span class=\"elementor-divider-separator\">\n\t\t\t\t\t\t<\/span>\n\t\t<\/div>\n\t\t\t\t\t\t<\/div>\n\t\t\t\t<\/div>\n\t\t\t\t<div class=\"elementor-element elementor-element-d2dc5ba elementor-widget elementor-widget-heading\" data-id=\"d2dc5ba\" data-element_type=\"widget\" data-e-type=\"widget\" data-widget_type=\"heading.default\">\n\t\t\t\t<div class=\"elementor-widget-container\">\n\t\t\t\t\t<h1 class=\"elementor-heading-title elementor-size-default\">Henkil\u00f6st\u00f6 ja ty\u00f6paikat<\/h1>\t\t\t\t<\/div>\n\t\t\t\t<\/div>\n\t\t\t\t<div class=\"elementor-element elementor-element-1216c2e elementor-widget-divider--view-line elementor-widget elementor-widget-divider\" data-id=\"1216c2e\" data-element_type=\"widget\" data-e-type=\"widget\" data-widget_type=\"divider.default\">\n\t\t\t\t<div class=\"elementor-widget-container\">\n\t\t\t\t\t\t\t<div class=\"elementor-divider\">\n\t\t\t<span class=\"elementor-divider-separator\">\n\t\t\t\t\t\t<\/span>\n\t\t<\/div>\n\t\t\t\t\t\t<\/div>\n\t\t\t\t<\/div>\n\t\t\t\t\t<\/div>\n\t\t\t\t<\/div>\n\t\t<div class=\"elementor-element elementor-element-c55a11d e-flex e-con-boxed e-con e-parent\" data-id=\"c55a11d\" data-element_type=\"container\" data-e-type=\"container\" data-settings=\"{&quot;background_background&quot;:&quot;classic&quot;}\">\n\t\t\t\t\t<div class=\"e-con-inner\">\n\t\t<div class=\"elementor-element elementor-element-df6ade4 e-con-full e-flex e-con e-child\" data-id=\"df6ade4\" data-element_type=\"container\" data-e-type=\"container\">\n\t\t\t\t<div class=\"elementor-element elementor-element-9222831 elementor-widget elementor-widget-heading\" data-id=\"9222831\" data-element_type=\"widget\" data-e-type=\"widget\" data-widget_type=\"heading.default\">\n\t\t\t\t<div class=\"elementor-widget-container\">\n\t\t\t\t\t<h3 class=\"elementor-heading-title elementor-size-default\">Tervetuloa<br> joukkoomme!<\/h3>\t\t\t\t<\/div>\n\t\t\t\t<\/div>\n\t\t\t\t<div class=\"elementor-element elementor-element-a112f1d elementor-widget-divider--view-line elementor-widget elementor-widget-divider\" data-id=\"a112f1d\" data-element_type=\"widget\" data-e-type=\"widget\" data-widget_type=\"divider.default\">\n\t\t\t\t<div class=\"elementor-widget-container\">\n\t\t\t\t\t\t\t<div class=\"elementor-divider\">\n\t\t\t<span class=\"elementor-divider-separator\">\n\t\t\t\t\t\t<\/span>\n\t\t<\/div>\n\t\t\t\t\t\t<\/div>\n\t\t\t\t<\/div>\n\t\t\t\t<\/div>\n\t\t<div class=\"elementor-element elementor-element-5bb0e0d e-con-full e-flex e-con e-child\" data-id=\"5bb0e0d\" data-element_type=\"container\" data-e-type=\"container\">\n\t\t\t\t<div class=\"elementor-element elementor-element-ce6ca26 elementor-widget elementor-widget-text-editor\" data-id=\"ce6ca26\" data-element_type=\"widget\" data-e-type=\"widget\" data-widget_type=\"text-editor.default\">\n\t\t\t\t<div class=\"elementor-widget-container\">\n\t\t\t\t\t\t\t\t\t<p>Meill\u00e4 ihmiset ovat t\u00e4rkeit\u00e4 kaikessa mit\u00e4 teemme. Vaalimme avointa, rehellist\u00e4 ja tukevaa ty\u00f6ymp\u00e4rist\u00f6\u00e4, jossa ihmiset pystyv\u00e4t toimimaan parhaimmillaan. Kohtelemme kaikkia ty\u00f6ntekij\u00f6it\u00e4mme ja kumppaneitamme reilusti.<\/p>\n<p>Meill\u00e4 p\u00e4\u00e4set ty\u00f6skentelem\u00e4\u00e4n ter\u00e4s- ja betonialan ammattilaisten kanssa luomaan parempia ja kest\u00e4v\u00e4mpi\u00e4 ratkaisuja, tuotteita ja palveluja. <\/p>\n\t\t\t\t\t\t\t\t<\/div>\n\t\t\t\t<\/div>\n\t\t\t\t<\/div>\n\t\t\t\t\t<\/div>\n\t\t\t\t<\/div>\n\t\t<div class=\"elementor-element elementor-element-1918a23 e-flex e-con-boxed e-con e-parent\" data-id=\"1918a23\" data-element_type=\"container\" data-e-type=\"container\" data-settings=\"{&quot;background_background&quot;:&quot;classic&quot;}\">\n\t\t\t\t\t<div class=\"e-con-inner\">\n\t\t\t\t<div class=\"elementor-element elementor-element-265041c elementor-widget elementor-widget-heading\" data-id=\"265041c\" data-element_type=\"widget\" data-e-type=\"widget\" data-widget_type=\"heading.default\">\n\t\t\t\t<div class=\"elementor-widget-container\">\n\t\t\t\t\t<h4 class=\"elementor-heading-title elementor-size-default\">Kiinnostuitko?<\/h4>\t\t\t\t<\/div>\n\t\t\t\t<\/div>\n\t\t\t\t<div class=\"elementor-element elementor-element-ee6c53a elementor-widget elementor-widget-text-editor\" data-id=\"ee6c53a\" data-element_type=\"widget\" data-e-type=\"widget\" data-widget_type=\"text-editor.default\">\n\t\t\t\t<div class=\"elementor-widget-container\">\n\t\t\t\t\t\t\t\t\t<p style=\"text-align: left;\">Laaja tuote- ja palveluvalikoimamme tarjoavat mahdollisuuksia useille eri alojen ammattilaisille. Haemme jatkuvasti osaavia tekij\u00f6it\u00e4 kasvavaan joukkoomme.<\/p><p style=\"text-align: left;\">L\u00e4het\u00e4 vapaamuotoinen hakemuksesi ja ansioluettelosi osoitteeseen <span style=\"text-decoration: underline; color: #fff;\"><a style=\"color: #ffffff; text-decoration: underline;\" href=\"mailto:recruitment@repo.eu\">info@rsteel.eu<\/a><\/span>.<\/p>\t\t\t\t\t\t\t\t<\/div>\n\t\t\t\t<\/div>\n\t\t\t\t\t<\/div>\n\t\t\t\t<\/div>\n\t\t\t\t<\/div>\n\t\t","protected":false},"excerpt":{"rendered":"<p>Henkil\u00f6st\u00f6 ja ty\u00f6paikat Tervetuloa joukkoomme! Meill\u00e4 ihmiset ovat t\u00e4rkeit\u00e4 kaikessa mit\u00e4 teemme. Vaalimme avointa, rehellist\u00e4 ja tukevaa ty\u00f6ymp\u00e4rist\u00f6\u00e4, jossa ihmiset pystyv\u00e4t toimimaan parhaimmillaan. Kohtelemme kaikkia ty\u00f6ntekij\u00f6it\u00e4mme ja kumppaneitamme reilusti. Meill\u00e4 p\u00e4\u00e4set ty\u00f6skentelem\u00e4\u00e4n ter\u00e4s- ja betonialan ammattilaisten kanssa luomaan parempia ja kest\u00e4v\u00e4mpi\u00e4 ratkaisuja, tuotteita ja palveluja. Kiinnostuitko? Laaja tuote- ja palveluvalikoimamme tarjoavat mahdollisuuksia useille eri alojen [&hellip;]<\/p>\n","protected":false},"author":7,"featured_media":620,"parent":244,"menu_order":0,"comment_status":"closed","ping_status":"closed","template":"","meta":{"_acf_changed":false,"footnotes":""},"class_list":["post-2970","page","type-page","status-publish","has-post-thumbnail","hentry"],"acf":[],"yoast_head":"<!-- This site is optimized with the Yoast SEO plugin v27.1.1 - https:\/\/yoast.com\/product\/yoast-seo-wordpress\/ -->\n<title>Henkil\u00f6st\u00f6 ja ty\u00f6paikat - RSTEEL\u00ae<\/title>\n<meta name=\"robots\" content=\"index, follow, max-snippet:-1, max-image-preview:large, max-video-preview:-1\" \/>\n<link rel=\"canonical\" href=\"https:\/\/www.rsteel.eu\/fi\/r-group\/henkilosto-ja-tyopaikat\/\" \/>\n<meta property=\"og:locale\" content=\"fi_FI\" \/>\n<meta property=\"og:type\" content=\"article\" \/>\n<meta property=\"og:title\" content=\"Henkil\u00f6st\u00f6 ja ty\u00f6paikat - RSTEEL\u00ae\" \/>\n<meta property=\"og:description\" content=\"Henkil\u00f6st\u00f6 ja ty\u00f6paikat Tervetuloa joukkoomme! Meill\u00e4 ihmiset ovat t\u00e4rkeit\u00e4 kaikessa mit\u00e4 teemme. Vaalimme avointa, rehellist\u00e4 ja tukevaa ty\u00f6ymp\u00e4rist\u00f6\u00e4, jossa ihmiset pystyv\u00e4t toimimaan parhaimmillaan. Kohtelemme kaikkia ty\u00f6ntekij\u00f6it\u00e4mme ja kumppaneitamme reilusti. Meill\u00e4 p\u00e4\u00e4set ty\u00f6skentelem\u00e4\u00e4n ter\u00e4s- ja betonialan ammattilaisten kanssa luomaan parempia ja kest\u00e4v\u00e4mpi\u00e4 ratkaisuja, tuotteita ja palveluja. Kiinnostuitko? Laaja tuote- ja palveluvalikoimamme tarjoavat mahdollisuuksia useille eri alojen [&hellip;]\" \/>\n<meta property=\"og:url\" content=\"https:\/\/www.rsteel.eu\/fi\/r-group\/henkilosto-ja-tyopaikat\/\" \/>\n<meta property=\"og:site_name\" content=\"RSTEEL\u00ae\" \/>\n<meta property=\"article:modified_time\" content=\"2026-04-27T12:12:24+00:00\" \/>\n<meta property=\"og:image\" content=\"https:\/\/www.rsteel.eu\/wp-content\/uploads\/about-us-hero.jpg\" \/>\n\t<meta property=\"og:image:width\" content=\"1700\" \/>\n\t<meta property=\"og:image:height\" content=\"264\" \/>\n\t<meta property=\"og:image:type\" content=\"image\/jpeg\" \/>\n<meta name=\"twitter:card\" content=\"summary_large_image\" \/>\n<meta name=\"twitter:label1\" content=\"Arvioitu lukuaika\" \/>\n\t<meta name=\"twitter:data1\" content=\"1 minuutti\" \/>\n<script type=\"application\/ld+json\" class=\"yoast-schema-graph\">{\"@context\":\"https:\/\/schema.org\",\"@graph\":[{\"@type\":\"WebPage\",\"@id\":\"https:\/\/www.rsteel.eu\/fi\/r-group\/henkilosto-ja-tyopaikat\/\",\"url\":\"https:\/\/www.rsteel.eu\/fi\/r-group\/henkilosto-ja-tyopaikat\/\",\"name\":\"Henkil\u00f6st\u00f6 ja ty\u00f6paikat - RSTEEL\u00ae\",\"isPartOf\":{\"@id\":\"https:\/\/www.rsteel.eu\/fi\/#website\"},\"primaryImageOfPage\":{\"@id\":\"https:\/\/www.rsteel.eu\/fi\/r-group\/henkilosto-ja-tyopaikat\/#primaryimage\"},\"image\":{\"@id\":\"https:\/\/www.rsteel.eu\/fi\/r-group\/henkilosto-ja-tyopaikat\/#primaryimage\"},\"thumbnailUrl\":\"https:\/\/www.rsteel.eu\/wp-content\/uploads\/about-us-hero.jpg\",\"datePublished\":\"2023-04-04T10:47:07+00:00\",\"dateModified\":\"2026-04-27T12:12:24+00:00\",\"breadcrumb\":{\"@id\":\"https:\/\/www.rsteel.eu\/fi\/r-group\/henkilosto-ja-tyopaikat\/#breadcrumb\"},\"inLanguage\":\"fi\",\"potentialAction\":[{\"@type\":\"ReadAction\",\"target\":[\"https:\/\/www.rsteel.eu\/fi\/r-group\/henkilosto-ja-tyopaikat\/\"]}]},{\"@type\":\"ImageObject\",\"inLanguage\":\"fi\",\"@id\":\"https:\/\/www.rsteel.eu\/fi\/r-group\/henkilosto-ja-tyopaikat\/#primaryimage\",\"url\":\"https:\/\/www.rsteel.eu\/wp-content\/uploads\/about-us-hero.jpg\",\"contentUrl\":\"https:\/\/www.rsteel.eu\/wp-content\/uploads\/about-us-hero.jpg\",\"width\":1700,\"height\":264},{\"@type\":\"BreadcrumbList\",\"@id\":\"https:\/\/www.rsteel.eu\/fi\/r-group\/henkilosto-ja-tyopaikat\/#breadcrumb\",\"itemListElement\":[{\"@type\":\"ListItem\",\"position\":1,\"name\":\"Home\",\"item\":\"https:\/\/www.rsteel.eu\/fi\/\"},{\"@type\":\"ListItem\",\"position\":2,\"name\":\"R-Group\",\"item\":\"https:\/\/www.rsteel.eu\/fi\/r-group\/\"},{\"@type\":\"ListItem\",\"position\":3,\"name\":\"Henkil\u00f6st\u00f6 ja ty\u00f6paikat\"}]},{\"@type\":\"WebSite\",\"@id\":\"https:\/\/www.rsteel.eu\/fi\/#website\",\"url\":\"https:\/\/www.rsteel.eu\/fi\/\",\"name\":\"RSTEEL\u00ae\",\"description\":\"RSTEEL\u00ae is a Finnish leading global supplier of precast accessories and concrete connections with its operations in Finland, Estonia and other parts of Europe and Asia.\",\"publisher\":{\"@id\":\"https:\/\/www.rsteel.eu\/fi\/#organization\"},\"potentialAction\":[{\"@type\":\"SearchAction\",\"target\":{\"@type\":\"EntryPoint\",\"urlTemplate\":\"https:\/\/www.rsteel.eu\/fi\/?s={search_term_string}\"},\"query-input\":{\"@type\":\"PropertyValueSpecification\",\"valueRequired\":true,\"valueName\":\"search_term_string\"}}],\"inLanguage\":\"fi\"},{\"@type\":\"Organization\",\"@id\":\"https:\/\/www.rsteel.eu\/fi\/#organization\",\"name\":\"RSTEEL\u00ae\",\"url\":\"https:\/\/www.rsteel.eu\/fi\/\",\"logo\":{\"@type\":\"ImageObject\",\"inLanguage\":\"fi\",\"@id\":\"https:\/\/www.rsteel.eu\/fi\/#\/schema\/logo\/image\/\",\"url\":\"https:\/\/www.rsteel.eu\/wp-content\/uploads\/rsteel-logo-1.png\",\"contentUrl\":\"https:\/\/www.rsteel.eu\/wp-content\/uploads\/rsteel-logo-1.png\",\"width\":340,\"height\":63,\"caption\":\"RSTEEL\u00ae\"},\"image\":{\"@id\":\"https:\/\/www.rsteel.eu\/fi\/#\/schema\/logo\/image\/\"}}]}<\/script>\n<!-- \/ Yoast SEO plugin. -->","yoast_head_json":{"title":"Henkil\u00f6st\u00f6 ja ty\u00f6paikat - RSTEEL\u00ae","robots":{"index":"index","follow":"follow","max-snippet":"max-snippet:-1","max-image-preview":"max-image-preview:large","max-video-preview":"max-video-preview:-1"},"canonical":"https:\/\/www.rsteel.eu\/fi\/r-group\/henkilosto-ja-tyopaikat\/","og_locale":"fi_FI","og_type":"article","og_title":"Henkil\u00f6st\u00f6 ja ty\u00f6paikat - RSTEEL\u00ae","og_description":"Henkil\u00f6st\u00f6 ja ty\u00f6paikat Tervetuloa joukkoomme! Meill\u00e4 ihmiset ovat t\u00e4rkeit\u00e4 kaikessa mit\u00e4 teemme. Vaalimme avointa, rehellist\u00e4 ja tukevaa ty\u00f6ymp\u00e4rist\u00f6\u00e4, jossa ihmiset pystyv\u00e4t toimimaan parhaimmillaan. Kohtelemme kaikkia ty\u00f6ntekij\u00f6it\u00e4mme ja kumppaneitamme reilusti. Meill\u00e4 p\u00e4\u00e4set ty\u00f6skentelem\u00e4\u00e4n ter\u00e4s- ja betonialan ammattilaisten kanssa luomaan parempia ja kest\u00e4v\u00e4mpi\u00e4 ratkaisuja, tuotteita ja palveluja. Kiinnostuitko? Laaja tuote- ja palveluvalikoimamme tarjoavat mahdollisuuksia useille eri alojen [&hellip;]","og_url":"https:\/\/www.rsteel.eu\/fi\/r-group\/henkilosto-ja-tyopaikat\/","og_site_name":"RSTEEL\u00ae","article_modified_time":"2026-04-27T12:12:24+00:00","og_image":[{"width":1700,"height":264,"url":"https:\/\/www.rsteel.eu\/wp-content\/uploads\/about-us-hero.jpg","type":"image\/jpeg"}],"twitter_card":"summary_large_image","twitter_misc":{"Arvioitu lukuaika":"1 minuutti"},"schema":{"@context":"https:\/\/schema.org","@graph":[{"@type":"WebPage","@id":"https:\/\/www.rsteel.eu\/fi\/r-group\/henkilosto-ja-tyopaikat\/","url":"https:\/\/www.rsteel.eu\/fi\/r-group\/henkilosto-ja-tyopaikat\/","name":"Henkil\u00f6st\u00f6 ja ty\u00f6paikat - RSTEEL\u00ae","isPartOf":{"@id":"https:\/\/www.rsteel.eu\/fi\/#website"},"primaryImageOfPage":{"@id":"https:\/\/www.rsteel.eu\/fi\/r-group\/henkilosto-ja-tyopaikat\/#primaryimage"},"image":{"@id":"https:\/\/www.rsteel.eu\/fi\/r-group\/henkilosto-ja-tyopaikat\/#primaryimage"},"thumbnailUrl":"https:\/\/www.rsteel.eu\/wp-content\/uploads\/about-us-hero.jpg","datePublished":"2023-04-04T10:47:07+00:00","dateModified":"2026-04-27T12:12:24+00:00","breadcrumb":{"@id":"https:\/\/www.rsteel.eu\/fi\/r-group\/henkilosto-ja-tyopaikat\/#breadcrumb"},"inLanguage":"fi","potentialAction":[{"@type":"ReadAction","target":["https:\/\/www.rsteel.eu\/fi\/r-group\/henkilosto-ja-tyopaikat\/"]}]},{"@type":"ImageObject","inLanguage":"fi","@id":"https:\/\/www.rsteel.eu\/fi\/r-group\/henkilosto-ja-tyopaikat\/#primaryimage","url":"https:\/\/www.rsteel.eu\/wp-content\/uploads\/about-us-hero.jpg","contentUrl":"https:\/\/www.rsteel.eu\/wp-content\/uploads\/about-us-hero.jpg","width":1700,"height":264},{"@type":"BreadcrumbList","@id":"https:\/\/www.rsteel.eu\/fi\/r-group\/henkilosto-ja-tyopaikat\/#breadcrumb","itemListElement":[{"@type":"ListItem","position":1,"name":"Home","item":"https:\/\/www.rsteel.eu\/fi\/"},{"@type":"ListItem","position":2,"name":"R-Group","item":"https:\/\/www.rsteel.eu\/fi\/r-group\/"},{"@type":"ListItem","position":3,"name":"Henkil\u00f6st\u00f6 ja ty\u00f6paikat"}]},{"@type":"WebSite","@id":"https:\/\/www.rsteel.eu\/fi\/#website","url":"https:\/\/www.rsteel.eu\/fi\/","name":"RSTEEL\u00ae","description":"RSTEEL\u00ae is a Finnish leading global supplier of precast accessories and concrete connections with its operations in Finland, Estonia and other parts of Europe and Asia.","publisher":{"@id":"https:\/\/www.rsteel.eu\/fi\/#organization"},"potentialAction":[{"@type":"SearchAction","target":{"@type":"EntryPoint","urlTemplate":"https:\/\/www.rsteel.eu\/fi\/?s={search_term_string}"},"query-input":{"@type":"PropertyValueSpecification","valueRequired":true,"valueName":"search_term_string"}}],"inLanguage":"fi"},{"@type":"Organization","@id":"https:\/\/www.rsteel.eu\/fi\/#organization","name":"RSTEEL\u00ae","url":"https:\/\/www.rsteel.eu\/fi\/","logo":{"@type":"ImageObject","inLanguage":"fi","@id":"https:\/\/www.rsteel.eu\/fi\/#\/schema\/logo\/image\/","url":"https:\/\/www.rsteel.eu\/wp-content\/uploads\/rsteel-logo-1.png","contentUrl":"https:\/\/www.rsteel.eu\/wp-content\/uploads\/rsteel-logo-1.png","width":340,"height":63,"caption":"RSTEEL\u00ae"},"image":{"@id":"https:\/\/www.rsteel.eu\/fi\/#\/schema\/logo\/image\/"}}]}},"_links":{"self":[{"href":"https:\/\/www.rsteel.eu\/fi\/wp-json\/wp\/v2\/pages\/2970","targetHints":{"allow":["GET"]}}],"collection":[{"href":"https:\/\/www.rsteel.eu\/fi\/wp-json\/wp\/v2\/pages"}],"about":[{"href":"https:\/\/www.rsteel.eu\/fi\/wp-json\/wp\/v2\/types\/page"}],"author":[{"embeddable":true,"href":"https:\/\/www.rsteel.eu\/fi\/wp-json\/wp\/v2\/users\/7"}],"replies":[{"embeddable":true,"href":"https:\/\/www.rsteel.eu\/fi\/wp-json\/wp\/v2\/comments?post=2970"}],"version-history":[{"count":19,"href":"https:\/\/www.rsteel.eu\/fi\/wp-json\/wp\/v2\/pages\/2970\/revisions"}],"predecessor-version":[{"id":5973,"href":"https:\/\/www.rsteel.eu\/fi\/wp-json\/wp\/v2\/pages\/2970\/revisions\/5973"}],"up":[{"embeddable":true,"href":"https:\/\/www.rsteel.eu\/fi\/wp-json\/wp\/v2\/pages\/244"}],"wp:featuredmedia":[{"embeddable":true,"href":"https:\/\/www.rsteel.eu\/fi\/wp-json\/wp\/v2\/media\/620"}],"wp:attachment":[{"href":"https:\/\/www.rsteel.eu\/fi\/wp-json\/wp\/v2\/media?parent=2970"}],"curies":[{"name":"wp","href":"https:\/\/api.w.org\/{rel}","templated":true}]}}