{"id":3653,"date":"2023-08-25T14:40:08","date_gmt":"2023-08-25T11:40:08","guid":{"rendered":"https:\/\/rsteel.fi\/r-group\/henkilosto-ja-tyopaikat\/avoimet-tyopaikat\/"},"modified":"2023-08-28T07:41:41","modified_gmt":"2023-08-28T04:41:41","slug":"avoimet-tyopaikat","status":"publish","type":"page","link":"https:\/\/www.rsteel.eu\/fi\/r-group\/henkilosto-ja-tyopaikat\/avoimet-tyopaikat\/","title":{"rendered":"Avoimet ty\u00f6paikat"},"content":{"rendered":"\t\t<div data-elementor-type=\"wp-page\" data-elementor-id=\"3653\" class=\"elementor elementor-3653 elementor-3635\" data-elementor-post-type=\"page\">\n\t\t\t\t<div class=\"elementor-element elementor-element-5cc23a1 e-flex e-con-boxed e-con e-parent\" data-id=\"5cc23a1\" data-element_type=\"container\" data-e-type=\"container\" data-settings=\"{&quot;background_background&quot;:&quot;classic&quot;}\">\n\t\t\t\t\t<div class=\"e-con-inner\">\n\t\t\t\t<div class=\"elementor-element elementor-element-c47ae78 elementor-widget-divider--view-line elementor-widget elementor-widget-divider\" data-id=\"c47ae78\" data-element_type=\"widget\" data-e-type=\"widget\" data-widget_type=\"divider.default\">\n\t\t\t\t<div class=\"elementor-widget-container\">\n\t\t\t\t\t\t\t<div class=\"elementor-divider\">\n\t\t\t<span class=\"elementor-divider-separator\">\n\t\t\t\t\t\t<\/span>\n\t\t<\/div>\n\t\t\t\t\t\t<\/div>\n\t\t\t\t<\/div>\n\t\t\t\t<div class=\"elementor-element elementor-element-231a6f7 elementor-widget elementor-widget-heading\" data-id=\"231a6f7\" data-element_type=\"widget\" data-e-type=\"widget\" data-widget_type=\"heading.default\">\n\t\t\t\t<div class=\"elementor-widget-container\">\n\t\t\t\t\t<h1 class=\"elementor-heading-title elementor-size-default\">Avoimet ty\u00f6paikat<\/h1>\t\t\t\t<\/div>\n\t\t\t\t<\/div>\n\t\t\t\t<div class=\"elementor-element elementor-element-f95a743 elementor-widget-divider--view-line elementor-widget elementor-widget-divider\" data-id=\"f95a743\" data-element_type=\"widget\" data-e-type=\"widget\" data-widget_type=\"divider.default\">\n\t\t\t\t<div class=\"elementor-widget-container\">\n\t\t\t\t\t\t\t<div class=\"elementor-divider\">\n\t\t\t<span class=\"elementor-divider-separator\">\n\t\t\t\t\t\t<\/span>\n\t\t<\/div>\n\t\t\t\t\t\t<\/div>\n\t\t\t\t<\/div>\n\t\t\t\t\t<\/div>\n\t\t\t\t<\/div>\n\t\t<div class=\"elementor-element elementor-element-57644d4 e-flex e-con-boxed e-con e-parent\" data-id=\"57644d4\" data-element_type=\"container\" data-e-type=\"container\" data-settings=\"{&quot;background_background&quot;:&quot;classic&quot;}\">\n\t\t\t\t\t<div class=\"e-con-inner\">\n\t\t\t\t<div class=\"elementor-element elementor-element-176c92c elementor-grid-4 elementor-grid-tablet-2 elementor-grid-mobile-1 elementor-widget elementor-widget-loop-grid\" data-id=\"176c92c\" data-element_type=\"widget\" data-e-type=\"widget\" data-settings=\"{&quot;template_id&quot;:3623,&quot;columns&quot;:4,&quot;row_gap&quot;:{&quot;unit&quot;:&quot;px&quot;,&quot;size&quot;:24,&quot;sizes&quot;:[]},&quot;_skin&quot;:&quot;post&quot;,&quot;columns_tablet&quot;:&quot;2&quot;,&quot;columns_mobile&quot;:&quot;1&quot;,&quot;edit_handle_selector&quot;:&quot;[data-elementor-type=\\&quot;loop-item\\&quot;]&quot;,&quot;row_gap_laptop&quot;:{&quot;unit&quot;:&quot;px&quot;,&quot;size&quot;:&quot;&quot;,&quot;sizes&quot;:[]},&quot;row_gap_tablet&quot;:{&quot;unit&quot;:&quot;px&quot;,&quot;size&quot;:&quot;&quot;,&quot;sizes&quot;:[]},&quot;row_gap_mobile&quot;:{&quot;unit&quot;:&quot;px&quot;,&quot;size&quot;:&quot;&quot;,&quot;sizes&quot;:[]}}\" data-widget_type=\"loop-grid.post\">\n\t\t\t\t<div class=\"elementor-widget-container\">\n\t\t\t\t\t\t\t<div class=\"elementor-loop-container elementor-grid\" role=\"list\">\n\t\t<style id=\"loop-3623\">.elementor-3623 .elementor-element.elementor-element-dcde541{--display:flex;--flex-direction:column;--container-widget-width:100%;--container-widget-height:initial;--container-widget-flex-grow:0;--container-widget-align-self:initial;--flex-wrap-mobile:wrap;--gap:0px 0px;--row-gap:0px;--column-gap:0px;border-style:solid;--border-style:solid;border-width:0px 0px 5px 0px;--border-top-width:0px;--border-right-width:0px;--border-bottom-width:5px;--border-left-width:0px;border-color:var( --e-global-color-a47775f );--border-color:var( --e-global-color-a47775f );--padding-top:0px;--padding-bottom:0px;--padding-left:0px;--padding-right:0px;}.elementor-3623 .elementor-element.elementor-element-dcde541:not(.elementor-motion-effects-element-type-background), .elementor-3623 .elementor-element.elementor-element-dcde541 > .elementor-motion-effects-container > .elementor-motion-effects-layer{background-color:var( --e-global-color-36f6d48 );}.elementor-widget-theme-post-title .elementor-heading-title{font-family:var( --e-global-typography-primary-font-family ), Sans-serif;font-size:var( --e-global-typography-primary-font-size );font-weight:var( --e-global-typography-primary-font-weight );line-height:var( --e-global-typography-primary-line-height );color:var( --e-global-color-primary );}.elementor-3623 .elementor-element.elementor-element-322af8f .elementor-heading-title{font-family:var( --e-global-typography-ebdcee6-font-family ), Sans-serif;font-size:var( --e-global-typography-ebdcee6-font-size );font-weight:var( --e-global-typography-ebdcee6-font-weight );line-height:var( --e-global-typography-ebdcee6-line-height );letter-spacing:var( --e-global-typography-ebdcee6-letter-spacing );word-spacing:var( --e-global-typography-ebdcee6-word-spacing );}.elementor-3623 .elementor-element.elementor-element-322af8f > .elementor-widget-container{padding:21px 21px 5px 21px;}.elementor-widget-text-editor{font-family:var( --e-global-typography-text-font-family ), Sans-serif;font-size:var( --e-global-typography-text-font-size );font-weight:var( --e-global-typography-text-font-weight );line-height:var( --e-global-typography-text-line-height );color:var( --e-global-color-text );}.elementor-widget-text-editor.elementor-drop-cap-view-stacked .elementor-drop-cap{background-color:var( --e-global-color-primary );}.elementor-widget-text-editor.elementor-drop-cap-view-framed .elementor-drop-cap, .elementor-widget-text-editor.elementor-drop-cap-view-default .elementor-drop-cap{color:var( --e-global-color-primary );border-color:var( --e-global-color-primary );}.elementor-3623 .elementor-element.elementor-element-fffadb2{font-family:\"Nunito Sans\", Sans-serif;font-size:14px;font-weight:600;line-height:18px;color:var( --e-global-color-primary );}.elementor-3623 .elementor-element.elementor-element-fffadb2 > .elementor-widget-container{padding:0px 21px 0px 21px;}.elementor-widget-button .elementor-button{font-family:var( --e-global-typography-accent-font-family ), Sans-serif;font-size:var( --e-global-typography-accent-font-size );font-weight:var( --e-global-typography-accent-font-weight );line-height:var( --e-global-typography-accent-line-height );background-color:var( --e-global-color-accent );}.elementor-3623 .elementor-element.elementor-element-2731630 .elementor-button-content-wrapper{flex-direction:row-reverse;}.elementor-3623 .elementor-element.elementor-element-2731630 .elementor-button .elementor-button-content-wrapper{gap:10px;}.elementor-3623 .elementor-element.elementor-element-2731630 .elementor-button{font-family:\"Nunito Sans\", Sans-serif;font-size:16px;font-weight:700;line-height:21.82px;fill:var( --e-global-color-primary );color:var( --e-global-color-primary );background-color:var( --e-global-color-36f6d48 );padding:0px 0px 0px 0px;}.elementor-3623 .elementor-element.elementor-element-2731630 .elementor-button:hover, .elementor-3623 .elementor-element.elementor-element-2731630 .elementor-button:focus{color:var( --e-global-color-primary );}.elementor-3623 .elementor-element.elementor-element-2731630 .elementor-button:hover svg, .elementor-3623 .elementor-element.elementor-element-2731630 .elementor-button:focus svg{fill:var( --e-global-color-primary );}.elementor-3623 .elementor-element.elementor-element-2731630 > .elementor-widget-container{padding:21px 21px 21px 21px;}@media(max-width:1366px){.elementor-widget-theme-post-title .elementor-heading-title{font-size:var( --e-global-typography-primary-font-size );line-height:var( --e-global-typography-primary-line-height );}.elementor-3623 .elementor-element.elementor-element-322af8f .elementor-heading-title{font-size:var( --e-global-typography-ebdcee6-font-size );line-height:var( --e-global-typography-ebdcee6-line-height );letter-spacing:var( --e-global-typography-ebdcee6-letter-spacing );word-spacing:var( --e-global-typography-ebdcee6-word-spacing );}.elementor-widget-text-editor{font-size:var( --e-global-typography-text-font-size );line-height:var( --e-global-typography-text-line-height );}.elementor-widget-button .elementor-button{font-size:var( --e-global-typography-accent-font-size );line-height:var( --e-global-typography-accent-line-height );}}@media(max-width:1024px){.elementor-widget-theme-post-title .elementor-heading-title{font-size:var( --e-global-typography-primary-font-size );line-height:var( --e-global-typography-primary-line-height );}.elementor-3623 .elementor-element.elementor-element-322af8f .elementor-heading-title{font-size:var( --e-global-typography-ebdcee6-font-size );line-height:var( --e-global-typography-ebdcee6-line-height );letter-spacing:var( --e-global-typography-ebdcee6-letter-spacing );word-spacing:var( --e-global-typography-ebdcee6-word-spacing );}.elementor-widget-text-editor{font-size:var( --e-global-typography-text-font-size );line-height:var( --e-global-typography-text-line-height );}.elementor-3623 .elementor-element.elementor-element-fffadb2{font-size:16px;}.elementor-widget-button .elementor-button{font-size:var( --e-global-typography-accent-font-size );line-height:var( --e-global-typography-accent-line-height );}.elementor-3623 .elementor-element.elementor-element-2731630 .elementor-button{font-size:16px;}}@media(max-width:767px){.elementor-widget-theme-post-title .elementor-heading-title{font-size:var( --e-global-typography-primary-font-size );line-height:var( --e-global-typography-primary-line-height );}.elementor-3623 .elementor-element.elementor-element-322af8f .elementor-heading-title{font-size:var( --e-global-typography-ebdcee6-font-size );line-height:var( --e-global-typography-ebdcee6-line-height );letter-spacing:var( --e-global-typography-ebdcee6-letter-spacing );word-spacing:var( --e-global-typography-ebdcee6-word-spacing );}.elementor-widget-text-editor{font-size:var( --e-global-typography-text-font-size );line-height:var( --e-global-typography-text-line-height );}.elementor-3623 .elementor-element.elementor-element-fffadb2{font-size:14px;}.elementor-widget-button .elementor-button{font-size:var( --e-global-typography-accent-font-size );line-height:var( --e-global-typography-accent-line-height );}.elementor-3623 .elementor-element.elementor-element-2731630 .elementor-button{font-size:14px;}}<\/style>\t\t<div data-elementor-type=\"loop-item\" data-elementor-id=\"3623\" class=\"elementor elementor-3623 e-loop-item e-loop-item-3662 post-3662 job type-job status-publish hentry\" data-elementor-post-type=\"elementor_library\" data-custom-edit-handle=\"1\">\n\t\t\t<div class=\"elementor-element elementor-element-dcde541 article-loop-item e-flex e-con-boxed e-con e-parent\" data-id=\"dcde541\" data-element_type=\"container\" data-e-type=\"container\" data-settings=\"{&quot;background_background&quot;:&quot;classic&quot;}\">\n\t\t\t\t\t<div class=\"e-con-inner\">\n\t\t\t\t<div class=\"elementor-element elementor-element-322af8f elementor-widget elementor-widget-theme-post-title elementor-page-title elementor-widget-heading\" data-id=\"322af8f\" data-element_type=\"widget\" data-e-type=\"widget\" data-widget_type=\"theme-post-title.default\">\n\t\t\t\t<div class=\"elementor-widget-container\">\n\t\t\t\t\t<h5 class=\"elementor-heading-title elementor-size-default\"><a href=\"https:\/\/www.rsteel.eu\/fi\/job\/quality-manager\/\">Quality manager<\/a><\/h5>\t\t\t\t<\/div>\n\t\t\t\t<\/div>\n\t\t\t\t<div class=\"elementor-element elementor-element-fffadb2 elementor-widget elementor-widget-text-editor\" data-id=\"fffadb2\" data-element_type=\"widget\" data-e-type=\"widget\" data-widget_type=\"text-editor.default\">\n\t\t\t\t<div class=\"elementor-widget-container\">\n\t\t\t\t\t\t\t\t\t25.8.2023\t\t\t\t\t\t\t\t<\/div>\n\t\t\t\t<\/div>\n\t\t\t\t<div class=\"elementor-element elementor-element-2731630 elementor-align-right btn-with-svg elementor-widget elementor-widget-button\" data-id=\"2731630\" data-element_type=\"widget\" data-e-type=\"widget\" data-widget_type=\"button.default\">\n\t\t\t\t<div class=\"elementor-widget-container\">\n\t\t\t\t\t\t\t\t\t<div class=\"elementor-button-wrapper\">\n\t\t\t\t\t<a class=\"elementor-button elementor-button-link elementor-size-sm\" href=\"https:\/\/www.rsteel.eu\/fi\/job\/quality-manager\/\" target=\"_blank\">\n\t\t\t\t\t\t<span class=\"elementor-button-content-wrapper\">\n\t\t\t\t\t\t<span class=\"elementor-button-icon\">\n\t\t\t\t<i aria-hidden=\"true\" class=\"far fa-arrow-right\"><\/i>\t\t\t<\/span>\n\t\t\t\t\t\t\t\t\t<span class=\"elementor-button-text\">Read more<\/span>\n\t\t\t\t\t<\/span>\n\t\t\t\t\t<\/a>\n\t\t\t\t<\/div>\n\t\t\t\t\t\t\t\t<\/div>\n\t\t\t\t<\/div>\n\t\t\t\t\t<\/div>\n\t\t\t\t<\/div>\n\t\t\t\t<\/div>\n\t\t\t\t<\/div>\n\t\t\n\t\t\t\t\t\t<\/div>\n\t\t\t\t<\/div>\n\t\t\t\t\t<\/div>\n\t\t\t\t<\/div>\n\t\t\t\t<\/div>\n\t\t","protected":false},"excerpt":{"rendered":"<p>Avoimet ty\u00f6paikat<\/p>\n","protected":false},"author":4,"featured_media":620,"parent":2970,"menu_order":0,"comment_status":"closed","ping_status":"closed","template":"","meta":{"_acf_changed":false,"footnotes":""},"class_list":["post-3653","page","type-page","status-publish","has-post-thumbnail","hentry"],"acf":[],"yoast_head":"<!-- This site is optimized with the Yoast SEO plugin v27.1.1 - https:\/\/yoast.com\/product\/yoast-seo-wordpress\/ -->\n<title>Avoimet ty\u00f6paikat - RSTEEL\u00ae<\/title>\n<meta name=\"robots\" content=\"index, follow, max-snippet:-1, max-image-preview:large, max-video-preview:-1\" \/>\n<link rel=\"canonical\" href=\"https:\/\/www.rsteel.eu\/fi\/r-group\/henkilosto-ja-tyopaikat\/avoimet-tyopaikat\/\" \/>\n<meta property=\"og:locale\" content=\"fi_FI\" \/>\n<meta property=\"og:type\" content=\"article\" \/>\n<meta property=\"og:title\" content=\"Avoimet ty\u00f6paikat - RSTEEL\u00ae\" \/>\n<meta property=\"og:description\" content=\"Avoimet ty\u00f6paikat\" \/>\n<meta property=\"og:url\" content=\"https:\/\/www.rsteel.eu\/fi\/r-group\/henkilosto-ja-tyopaikat\/avoimet-tyopaikat\/\" \/>\n<meta property=\"og:site_name\" content=\"RSTEEL\u00ae\" \/>\n<meta property=\"article:modified_time\" content=\"2023-08-28T04:41:41+00:00\" \/>\n<meta property=\"og:image\" content=\"https:\/\/mlavatqvr5rz.i.optimole.com\/cb:I2K_.591ca\/w:1700\/h:264\/q:83\/f:best\/https:\/\/www.rsteel.eu\/wp-content\/uploads\/about-us-hero.jpg\" \/>\n\t<meta property=\"og:image:width\" content=\"1700\" \/>\n\t<meta property=\"og:image:height\" content=\"264\" \/>\n\t<meta property=\"og:image:type\" content=\"image\/jpeg\" \/>\n<meta name=\"twitter:card\" content=\"summary_large_image\" \/>\n<script type=\"application\/ld+json\" class=\"yoast-schema-graph\">{\"@context\":\"https:\/\/schema.org\",\"@graph\":[{\"@type\":\"WebPage\",\"@id\":\"https:\/\/www.rsteel.eu\/fi\/r-group\/henkilosto-ja-tyopaikat\/avoimet-tyopaikat\/\",\"url\":\"https:\/\/www.rsteel.eu\/fi\/r-group\/henkilosto-ja-tyopaikat\/avoimet-tyopaikat\/\",\"name\":\"Avoimet ty\u00f6paikat - RSTEEL\u00ae\",\"isPartOf\":{\"@id\":\"https:\/\/www.rsteel.eu\/fi\/#website\"},\"primaryImageOfPage\":{\"@id\":\"https:\/\/www.rsteel.eu\/fi\/r-group\/henkilosto-ja-tyopaikat\/avoimet-tyopaikat\/#primaryimage\"},\"image\":{\"@id\":\"https:\/\/www.rsteel.eu\/fi\/r-group\/henkilosto-ja-tyopaikat\/avoimet-tyopaikat\/#primaryimage\"},\"thumbnailUrl\":\"https:\/\/www.rsteel.eu\/wp-content\/uploads\/about-us-hero.jpg\",\"datePublished\":\"2023-08-25T11:40:08+00:00\",\"dateModified\":\"2023-08-28T04:41:41+00:00\",\"breadcrumb\":{\"@id\":\"https:\/\/www.rsteel.eu\/fi\/r-group\/henkilosto-ja-tyopaikat\/avoimet-tyopaikat\/#breadcrumb\"},\"inLanguage\":\"fi\",\"potentialAction\":[{\"@type\":\"ReadAction\",\"target\":[\"https:\/\/www.rsteel.eu\/fi\/r-group\/henkilosto-ja-tyopaikat\/avoimet-tyopaikat\/\"]}]},{\"@type\":\"ImageObject\",\"inLanguage\":\"fi\",\"@id\":\"https:\/\/www.rsteel.eu\/fi\/r-group\/henkilosto-ja-tyopaikat\/avoimet-tyopaikat\/#primaryimage\",\"url\":\"https:\/\/www.rsteel.eu\/wp-content\/uploads\/about-us-hero.jpg\",\"contentUrl\":\"https:\/\/www.rsteel.eu\/wp-content\/uploads\/about-us-hero.jpg\",\"width\":1700,\"height\":264},{\"@type\":\"BreadcrumbList\",\"@id\":\"https:\/\/www.rsteel.eu\/fi\/r-group\/henkilosto-ja-tyopaikat\/avoimet-tyopaikat\/#breadcrumb\",\"itemListElement\":[{\"@type\":\"ListItem\",\"position\":1,\"name\":\"Home\",\"item\":\"https:\/\/www.rsteel.eu\/fi\/\"},{\"@type\":\"ListItem\",\"position\":2,\"name\":\"R-Group\",\"item\":\"https:\/\/www.rsteel.eu\/fi\/r-group\/\"},{\"@type\":\"ListItem\",\"position\":3,\"name\":\"Henkil\u00f6st\u00f6 ja ty\u00f6paikat\",\"item\":\"https:\/\/www.rsteel.eu\/fi\/r-group\/henkilosto-ja-tyopaikat\/\"},{\"@type\":\"ListItem\",\"position\":4,\"name\":\"Avoimet ty\u00f6paikat\"}]},{\"@type\":\"WebSite\",\"@id\":\"https:\/\/www.rsteel.eu\/fi\/#website\",\"url\":\"https:\/\/www.rsteel.eu\/fi\/\",\"name\":\"RSTEEL\u00ae\",\"description\":\"RSTEEL\u00ae is a Finnish leading global supplier of precast accessories and concrete connections with its operations in Finland, Estonia and other parts of Europe and Asia.\",\"publisher\":{\"@id\":\"https:\/\/www.rsteel.eu\/fi\/#organization\"},\"potentialAction\":[{\"@type\":\"SearchAction\",\"target\":{\"@type\":\"EntryPoint\",\"urlTemplate\":\"https:\/\/www.rsteel.eu\/fi\/?s={search_term_string}\"},\"query-input\":{\"@type\":\"PropertyValueSpecification\",\"valueRequired\":true,\"valueName\":\"search_term_string\"}}],\"inLanguage\":\"fi\"},{\"@type\":\"Organization\",\"@id\":\"https:\/\/www.rsteel.eu\/fi\/#organization\",\"name\":\"RSTEEL\u00ae\",\"url\":\"https:\/\/www.rsteel.eu\/fi\/\",\"logo\":{\"@type\":\"ImageObject\",\"inLanguage\":\"fi\",\"@id\":\"https:\/\/www.rsteel.eu\/fi\/#\/schema\/logo\/image\/\",\"url\":\"https:\/\/www.rsteel.eu\/wp-content\/uploads\/rsteel-logo-1.png\",\"contentUrl\":\"https:\/\/www.rsteel.eu\/wp-content\/uploads\/rsteel-logo-1.png\",\"width\":340,\"height\":63,\"caption\":\"RSTEEL\u00ae\"},\"image\":{\"@id\":\"https:\/\/www.rsteel.eu\/fi\/#\/schema\/logo\/image\/\"}}]}<\/script>\n<!-- \/ Yoast SEO plugin. -->","yoast_head_json":{"title":"Avoimet ty\u00f6paikat - RSTEEL\u00ae","robots":{"index":"index","follow":"follow","max-snippet":"max-snippet:-1","max-image-preview":"max-image-preview:large","max-video-preview":"max-video-preview:-1"},"canonical":"https:\/\/www.rsteel.eu\/fi\/r-group\/henkilosto-ja-tyopaikat\/avoimet-tyopaikat\/","og_locale":"fi_FI","og_type":"article","og_title":"Avoimet ty\u00f6paikat - RSTEEL\u00ae","og_description":"Avoimet ty\u00f6paikat","og_url":"https:\/\/www.rsteel.eu\/fi\/r-group\/henkilosto-ja-tyopaikat\/avoimet-tyopaikat\/","og_site_name":"RSTEEL\u00ae","article_modified_time":"2023-08-28T04:41:41+00:00","og_image":[{"width":1700,"height":264,"url":"https:\/\/mlavatqvr5rz.i.optimole.com\/cb:I2K_.591ca\/w:1700\/h:264\/q:83\/f:best\/https:\/\/www.rsteel.eu\/wp-content\/uploads\/about-us-hero.jpg","type":"image\/jpeg"}],"twitter_card":"summary_large_image","schema":{"@context":"https:\/\/schema.org","@graph":[{"@type":"WebPage","@id":"https:\/\/www.rsteel.eu\/fi\/r-group\/henkilosto-ja-tyopaikat\/avoimet-tyopaikat\/","url":"https:\/\/www.rsteel.eu\/fi\/r-group\/henkilosto-ja-tyopaikat\/avoimet-tyopaikat\/","name":"Avoimet ty\u00f6paikat - RSTEEL\u00ae","isPartOf":{"@id":"https:\/\/www.rsteel.eu\/fi\/#website"},"primaryImageOfPage":{"@id":"https:\/\/www.rsteel.eu\/fi\/r-group\/henkilosto-ja-tyopaikat\/avoimet-tyopaikat\/#primaryimage"},"image":{"@id":"https:\/\/www.rsteel.eu\/fi\/r-group\/henkilosto-ja-tyopaikat\/avoimet-tyopaikat\/#primaryimage"},"thumbnailUrl":"https:\/\/www.rsteel.eu\/wp-content\/uploads\/about-us-hero.jpg","datePublished":"2023-08-25T11:40:08+00:00","dateModified":"2023-08-28T04:41:41+00:00","breadcrumb":{"@id":"https:\/\/www.rsteel.eu\/fi\/r-group\/henkilosto-ja-tyopaikat\/avoimet-tyopaikat\/#breadcrumb"},"inLanguage":"fi","potentialAction":[{"@type":"ReadAction","target":["https:\/\/www.rsteel.eu\/fi\/r-group\/henkilosto-ja-tyopaikat\/avoimet-tyopaikat\/"]}]},{"@type":"ImageObject","inLanguage":"fi","@id":"https:\/\/www.rsteel.eu\/fi\/r-group\/henkilosto-ja-tyopaikat\/avoimet-tyopaikat\/#primaryimage","url":"https:\/\/www.rsteel.eu\/wp-content\/uploads\/about-us-hero.jpg","contentUrl":"https:\/\/www.rsteel.eu\/wp-content\/uploads\/about-us-hero.jpg","width":1700,"height":264},{"@type":"BreadcrumbList","@id":"https:\/\/www.rsteel.eu\/fi\/r-group\/henkilosto-ja-tyopaikat\/avoimet-tyopaikat\/#breadcrumb","itemListElement":[{"@type":"ListItem","position":1,"name":"Home","item":"https:\/\/www.rsteel.eu\/fi\/"},{"@type":"ListItem","position":2,"name":"R-Group","item":"https:\/\/www.rsteel.eu\/fi\/r-group\/"},{"@type":"ListItem","position":3,"name":"Henkil\u00f6st\u00f6 ja ty\u00f6paikat","item":"https:\/\/www.rsteel.eu\/fi\/r-group\/henkilosto-ja-tyopaikat\/"},{"@type":"ListItem","position":4,"name":"Avoimet ty\u00f6paikat"}]},{"@type":"WebSite","@id":"https:\/\/www.rsteel.eu\/fi\/#website","url":"https:\/\/www.rsteel.eu\/fi\/","name":"RSTEEL\u00ae","description":"RSTEEL\u00ae is a Finnish leading global supplier of precast accessories and concrete connections with its operations in Finland, Estonia and other parts of Europe and Asia.","publisher":{"@id":"https:\/\/www.rsteel.eu\/fi\/#organization"},"potentialAction":[{"@type":"SearchAction","target":{"@type":"EntryPoint","urlTemplate":"https:\/\/www.rsteel.eu\/fi\/?s={search_term_string}"},"query-input":{"@type":"PropertyValueSpecification","valueRequired":true,"valueName":"search_term_string"}}],"inLanguage":"fi"},{"@type":"Organization","@id":"https:\/\/www.rsteel.eu\/fi\/#organization","name":"RSTEEL\u00ae","url":"https:\/\/www.rsteel.eu\/fi\/","logo":{"@type":"ImageObject","inLanguage":"fi","@id":"https:\/\/www.rsteel.eu\/fi\/#\/schema\/logo\/image\/","url":"https:\/\/www.rsteel.eu\/wp-content\/uploads\/rsteel-logo-1.png","contentUrl":"https:\/\/www.rsteel.eu\/wp-content\/uploads\/rsteel-logo-1.png","width":340,"height":63,"caption":"RSTEEL\u00ae"},"image":{"@id":"https:\/\/www.rsteel.eu\/fi\/#\/schema\/logo\/image\/"}}]}},"_links":{"self":[{"href":"https:\/\/www.rsteel.eu\/fi\/wp-json\/wp\/v2\/pages\/3653","targetHints":{"allow":["GET"]}}],"collection":[{"href":"https:\/\/www.rsteel.eu\/fi\/wp-json\/wp\/v2\/pages"}],"about":[{"href":"https:\/\/www.rsteel.eu\/fi\/wp-json\/wp\/v2\/types\/page"}],"author":[{"embeddable":true,"href":"https:\/\/www.rsteel.eu\/fi\/wp-json\/wp\/v2\/users\/4"}],"replies":[{"embeddable":true,"href":"https:\/\/www.rsteel.eu\/fi\/wp-json\/wp\/v2\/comments?post=3653"}],"version-history":[{"count":6,"href":"https:\/\/www.rsteel.eu\/fi\/wp-json\/wp\/v2\/pages\/3653\/revisions"}],"predecessor-version":[{"id":3666,"href":"https:\/\/www.rsteel.eu\/fi\/wp-json\/wp\/v2\/pages\/3653\/revisions\/3666"}],"up":[{"embeddable":true,"href":"https:\/\/www.rsteel.eu\/fi\/wp-json\/wp\/v2\/pages\/2970"}],"wp:featuredmedia":[{"embeddable":true,"href":"https:\/\/www.rsteel.eu\/fi\/wp-json\/wp\/v2\/media\/620"}],"wp:attachment":[{"href":"https:\/\/www.rsteel.eu\/fi\/wp-json\/wp\/v2\/media?parent=3653"}],"curies":[{"name":"wp","href":"https:\/\/api.w.org\/{rel}","templated":true}]}}