{"id":1570,"date":"2023-03-31T08:49:49","date_gmt":"2023-03-31T05:49:49","guid":{"rendered":"https:\/\/rsteel.testisivu.dev\/product\/raudoitustuotteet\/"},"modified":"2024-06-25T13:20:53","modified_gmt":"2024-06-25T10:20:53","slug":"raudoitustuotteet","status":"publish","type":"product","link":"https:\/\/www.rsteel.eu\/fi\/tuote\/raudoitustuotteet\/","title":{"rendered":"Raudoitus- ja erikoistuotteet"},"content":{"rendered":"<p>Valmistamme erilaisia raudoitteita rakennus- sek\u00e4 betonielementtiteollisuuden tarpeisiin. Moderni laitteistomme, sek\u00e4 asiantunteva henkil\u00f6st\u00f6mme, takaavat laadukkaat tuotteet sek\u00e4 t\u00e4sm\u00e4lliset toimitukset.<br \/>\nValmistamme my\u00f6s erilaisia projektikohtaisia erikoistuotteita asiakkaan toimittamien suunnitelmien mukaan. Tarvittaessa voimme my\u00f6s auttaa asiakasta laatimalla suunnitelmat asiakkaan tarpeiden mukaan.<\/p>\n","protected":false},"excerpt":{"rendered":"<p>Valmistamme erilaisia raudoitteita rakennus- sek\u00e4 betonielementtiteollisuuden tarpeisiin. Moderni laitteistomme, sek\u00e4 asiantunteva henkil\u00f6st\u00f6mme, takaavat laadukkaat tuotteet sek\u00e4 t\u00e4sm\u00e4lliset toimitukset. Valmistamme my\u00f6s erilaisia projektikohtaisia erikoistuotteita asiakkaan toimittamien suunnitelmien mukaan. Tarvittaessa voimme my\u00f6s auttaa asiakasta laatimalla suunnitelmat asiakkaan tarpeiden mukaan.<\/p>\n","protected":false},"featured_media":1545,"comment_status":"closed","ping_status":"closed","template":"","meta":{"_acf_changed":false},"product_brand":[],"product_cat":[71],"product_tag":[],"class_list":{"0":"post-1570","1":"product","2":"type-product","3":"status-publish","4":"has-post-thumbnail","6":"product_cat-raudoitustuotteet","8":"first","9":"instock","10":"shipping-taxable","11":"product-type-simple"},"acf":[],"yoast_head":"<!-- This site is optimized with the Yoast SEO plugin v27.1.1 - https:\/\/yoast.com\/product\/yoast-seo-wordpress\/ -->\n<title>Raudoitus- ja erikoistuotteet - RSTEEL\u00ae<\/title>\n<meta name=\"description\" content=\"Valmistamme erilaisia raudoitteita ja kierrehakasia rakennus- sek\u00e4 betonielementtiteollisuuden tarpeisiin. K\u00e4yt\u00e4mme vain FI-sertifioitua materiaalia ja toimittajia. Kaikki tuotteet valmistamme itse omilla koneillamme B500B luokan harjater\u00e4ksest\u00e4.\" \/>\n<meta name=\"robots\" content=\"index, follow, max-snippet:-1, max-image-preview:large, max-video-preview:-1\" \/>\n<link rel=\"canonical\" href=\"https:\/\/www.rsteel.eu\/fi\/tuote\/raudoitustuotteet\/\" \/>\n<meta property=\"og:locale\" content=\"fi_FI\" \/>\n<meta property=\"og:type\" content=\"article\" \/>\n<meta property=\"og:title\" content=\"Raudoitus- ja erikoistuotteet - RSTEEL\u00ae\" \/>\n<meta property=\"og:description\" content=\"Valmistamme erilaisia raudoitteita ja kierrehakasia rakennus- sek\u00e4 betonielementtiteollisuuden tarpeisiin. K\u00e4yt\u00e4mme vain FI-sertifioitua materiaalia ja toimittajia. Kaikki tuotteet valmistamme itse omilla koneillamme B500B luokan harjater\u00e4ksest\u00e4.\" \/>\n<meta property=\"og:url\" content=\"https:\/\/www.rsteel.eu\/fi\/tuote\/raudoitustuotteet\/\" \/>\n<meta property=\"og:site_name\" content=\"RSTEEL\u00ae\" \/>\n<meta property=\"article:modified_time\" content=\"2024-06-25T10:20:53+00:00\" \/>\n<meta property=\"og:image\" content=\"https:\/\/mlavatqvr5rz.i.optimole.com\/cb:I2K_.591ca\/w:1000\/h:800\/q:83\/f:best\/https:\/\/www.rsteel.eu\/wp-content\/uploads\/Cut-and-Bend-Bars.jpg\" \/>\n\t<meta property=\"og:image:width\" content=\"1000\" \/>\n\t<meta property=\"og:image:height\" content=\"800\" \/>\n\t<meta property=\"og:image:type\" content=\"image\/jpeg\" \/>\n<meta name=\"twitter:card\" content=\"summary_large_image\" \/>\n<meta name=\"twitter:label1\" content=\"Arvioitu lukuaika\" \/>\n\t<meta name=\"twitter:data1\" content=\"1 minuutti\" \/>\n<script type=\"application\/ld+json\" class=\"yoast-schema-graph\">{\"@context\":\"https:\/\/schema.org\",\"@graph\":[{\"@type\":\"WebPage\",\"@id\":\"https:\/\/www.rsteel.eu\/fi\/tuote\/raudoitustuotteet\/\",\"url\":\"https:\/\/www.rsteel.eu\/fi\/tuote\/raudoitustuotteet\/\",\"name\":\"Raudoitus- ja erikoistuotteet - RSTEEL\u00ae\",\"isPartOf\":{\"@id\":\"https:\/\/www.rsteel.eu\/fi\/#website\"},\"primaryImageOfPage\":{\"@id\":\"https:\/\/www.rsteel.eu\/fi\/tuote\/raudoitustuotteet\/#primaryimage\"},\"image\":{\"@id\":\"https:\/\/www.rsteel.eu\/fi\/tuote\/raudoitustuotteet\/#primaryimage\"},\"thumbnailUrl\":\"https:\/\/www.rsteel.eu\/wp-content\/uploads\/Cut-and-Bend-Bars.jpg\",\"datePublished\":\"2023-03-31T05:49:49+00:00\",\"dateModified\":\"2024-06-25T10:20:53+00:00\",\"description\":\"Valmistamme erilaisia raudoitteita ja kierrehakasia rakennus- sek\u00e4 betonielementtiteollisuuden tarpeisiin. K\u00e4yt\u00e4mme vain FI-sertifioitua materiaalia ja toimittajia. Kaikki tuotteet valmistamme itse omilla koneillamme B500B luokan harjater\u00e4ksest\u00e4.\",\"breadcrumb\":{\"@id\":\"https:\/\/www.rsteel.eu\/fi\/tuote\/raudoitustuotteet\/#breadcrumb\"},\"inLanguage\":\"fi\",\"potentialAction\":[{\"@type\":\"ReadAction\",\"target\":[\"https:\/\/www.rsteel.eu\/fi\/tuote\/raudoitustuotteet\/\"]}]},{\"@type\":\"ImageObject\",\"inLanguage\":\"fi\",\"@id\":\"https:\/\/www.rsteel.eu\/fi\/tuote\/raudoitustuotteet\/#primaryimage\",\"url\":\"https:\/\/www.rsteel.eu\/wp-content\/uploads\/Cut-and-Bend-Bars.jpg\",\"contentUrl\":\"https:\/\/www.rsteel.eu\/wp-content\/uploads\/Cut-and-Bend-Bars.jpg\",\"width\":1000,\"height\":800},{\"@type\":\"BreadcrumbList\",\"@id\":\"https:\/\/www.rsteel.eu\/fi\/tuote\/raudoitustuotteet\/#breadcrumb\",\"itemListElement\":[{\"@type\":\"ListItem\",\"position\":1,\"name\":\"Home\",\"item\":\"https:\/\/www.rsteel.eu\/fi\/\"},{\"@type\":\"ListItem\",\"position\":2,\"name\":\"Tuotteet\",\"item\":\"https:\/\/www.rsteel.eu\/fi\/tuotteet\/\"},{\"@type\":\"ListItem\",\"position\":3,\"name\":\"Raudoitus- ja erikoistuotteet\"}]},{\"@type\":\"WebSite\",\"@id\":\"https:\/\/www.rsteel.eu\/fi\/#website\",\"url\":\"https:\/\/www.rsteel.eu\/fi\/\",\"name\":\"RSTEEL\u00ae\",\"description\":\"RSTEEL\u00ae is a Finnish leading global supplier of precast accessories and concrete connections with its operations in Finland, Estonia and other parts of Europe and Asia.\",\"publisher\":{\"@id\":\"https:\/\/www.rsteel.eu\/fi\/#organization\"},\"potentialAction\":[{\"@type\":\"SearchAction\",\"target\":{\"@type\":\"EntryPoint\",\"urlTemplate\":\"https:\/\/www.rsteel.eu\/fi\/?s={search_term_string}\"},\"query-input\":{\"@type\":\"PropertyValueSpecification\",\"valueRequired\":true,\"valueName\":\"search_term_string\"}}],\"inLanguage\":\"fi\"},{\"@type\":\"Organization\",\"@id\":\"https:\/\/www.rsteel.eu\/fi\/#organization\",\"name\":\"RSTEEL\u00ae\",\"url\":\"https:\/\/www.rsteel.eu\/fi\/\",\"logo\":{\"@type\":\"ImageObject\",\"inLanguage\":\"fi\",\"@id\":\"https:\/\/www.rsteel.eu\/fi\/#\/schema\/logo\/image\/\",\"url\":\"https:\/\/www.rsteel.eu\/wp-content\/uploads\/rsteel-logo-1.png\",\"contentUrl\":\"https:\/\/www.rsteel.eu\/wp-content\/uploads\/rsteel-logo-1.png\",\"width\":340,\"height\":63,\"caption\":\"RSTEEL\u00ae\"},\"image\":{\"@id\":\"https:\/\/www.rsteel.eu\/fi\/#\/schema\/logo\/image\/\"}}]}<\/script>\n<!-- \/ Yoast SEO plugin. -->","yoast_head_json":{"title":"Raudoitus- ja erikoistuotteet - RSTEEL\u00ae","description":"Valmistamme erilaisia raudoitteita ja kierrehakasia rakennus- sek\u00e4 betonielementtiteollisuuden tarpeisiin. K\u00e4yt\u00e4mme vain FI-sertifioitua materiaalia ja toimittajia. Kaikki tuotteet valmistamme itse omilla koneillamme B500B luokan harjater\u00e4ksest\u00e4.","robots":{"index":"index","follow":"follow","max-snippet":"max-snippet:-1","max-image-preview":"max-image-preview:large","max-video-preview":"max-video-preview:-1"},"canonical":"https:\/\/www.rsteel.eu\/fi\/tuote\/raudoitustuotteet\/","og_locale":"fi_FI","og_type":"article","og_title":"Raudoitus- ja erikoistuotteet - RSTEEL\u00ae","og_description":"Valmistamme erilaisia raudoitteita ja kierrehakasia rakennus- sek\u00e4 betonielementtiteollisuuden tarpeisiin. K\u00e4yt\u00e4mme vain FI-sertifioitua materiaalia ja toimittajia. Kaikki tuotteet valmistamme itse omilla koneillamme B500B luokan harjater\u00e4ksest\u00e4.","og_url":"https:\/\/www.rsteel.eu\/fi\/tuote\/raudoitustuotteet\/","og_site_name":"RSTEEL\u00ae","article_modified_time":"2024-06-25T10:20:53+00:00","og_image":[{"width":1000,"height":800,"url":"https:\/\/mlavatqvr5rz.i.optimole.com\/cb:I2K_.591ca\/w:1000\/h:800\/q:83\/f:best\/https:\/\/www.rsteel.eu\/wp-content\/uploads\/Cut-and-Bend-Bars.jpg","type":"image\/jpeg"}],"twitter_card":"summary_large_image","twitter_misc":{"Arvioitu lukuaika":"1 minuutti"},"schema":{"@context":"https:\/\/schema.org","@graph":[{"@type":"WebPage","@id":"https:\/\/www.rsteel.eu\/fi\/tuote\/raudoitustuotteet\/","url":"https:\/\/www.rsteel.eu\/fi\/tuote\/raudoitustuotteet\/","name":"Raudoitus- ja erikoistuotteet - RSTEEL\u00ae","isPartOf":{"@id":"https:\/\/www.rsteel.eu\/fi\/#website"},"primaryImageOfPage":{"@id":"https:\/\/www.rsteel.eu\/fi\/tuote\/raudoitustuotteet\/#primaryimage"},"image":{"@id":"https:\/\/www.rsteel.eu\/fi\/tuote\/raudoitustuotteet\/#primaryimage"},"thumbnailUrl":"https:\/\/www.rsteel.eu\/wp-content\/uploads\/Cut-and-Bend-Bars.jpg","datePublished":"2023-03-31T05:49:49+00:00","dateModified":"2024-06-25T10:20:53+00:00","description":"Valmistamme erilaisia raudoitteita ja kierrehakasia rakennus- sek\u00e4 betonielementtiteollisuuden tarpeisiin. K\u00e4yt\u00e4mme vain FI-sertifioitua materiaalia ja toimittajia. Kaikki tuotteet valmistamme itse omilla koneillamme B500B luokan harjater\u00e4ksest\u00e4.","breadcrumb":{"@id":"https:\/\/www.rsteel.eu\/fi\/tuote\/raudoitustuotteet\/#breadcrumb"},"inLanguage":"fi","potentialAction":[{"@type":"ReadAction","target":["https:\/\/www.rsteel.eu\/fi\/tuote\/raudoitustuotteet\/"]}]},{"@type":"ImageObject","inLanguage":"fi","@id":"https:\/\/www.rsteel.eu\/fi\/tuote\/raudoitustuotteet\/#primaryimage","url":"https:\/\/www.rsteel.eu\/wp-content\/uploads\/Cut-and-Bend-Bars.jpg","contentUrl":"https:\/\/www.rsteel.eu\/wp-content\/uploads\/Cut-and-Bend-Bars.jpg","width":1000,"height":800},{"@type":"BreadcrumbList","@id":"https:\/\/www.rsteel.eu\/fi\/tuote\/raudoitustuotteet\/#breadcrumb","itemListElement":[{"@type":"ListItem","position":1,"name":"Home","item":"https:\/\/www.rsteel.eu\/fi\/"},{"@type":"ListItem","position":2,"name":"Tuotteet","item":"https:\/\/www.rsteel.eu\/fi\/tuotteet\/"},{"@type":"ListItem","position":3,"name":"Raudoitus- ja erikoistuotteet"}]},{"@type":"WebSite","@id":"https:\/\/www.rsteel.eu\/fi\/#website","url":"https:\/\/www.rsteel.eu\/fi\/","name":"RSTEEL\u00ae","description":"RSTEEL\u00ae is a Finnish leading global supplier of precast accessories and concrete connections with its operations in Finland, Estonia and other parts of Europe and Asia.","publisher":{"@id":"https:\/\/www.rsteel.eu\/fi\/#organization"},"potentialAction":[{"@type":"SearchAction","target":{"@type":"EntryPoint","urlTemplate":"https:\/\/www.rsteel.eu\/fi\/?s={search_term_string}"},"query-input":{"@type":"PropertyValueSpecification","valueRequired":true,"valueName":"search_term_string"}}],"inLanguage":"fi"},{"@type":"Organization","@id":"https:\/\/www.rsteel.eu\/fi\/#organization","name":"RSTEEL\u00ae","url":"https:\/\/www.rsteel.eu\/fi\/","logo":{"@type":"ImageObject","inLanguage":"fi","@id":"https:\/\/www.rsteel.eu\/fi\/#\/schema\/logo\/image\/","url":"https:\/\/www.rsteel.eu\/wp-content\/uploads\/rsteel-logo-1.png","contentUrl":"https:\/\/www.rsteel.eu\/wp-content\/uploads\/rsteel-logo-1.png","width":340,"height":63,"caption":"RSTEEL\u00ae"},"image":{"@id":"https:\/\/www.rsteel.eu\/fi\/#\/schema\/logo\/image\/"}}]}},"_links":{"self":[{"href":"https:\/\/www.rsteel.eu\/fi\/wp-json\/wp\/v2\/product\/1570","targetHints":{"allow":["GET"]}}],"collection":[{"href":"https:\/\/www.rsteel.eu\/fi\/wp-json\/wp\/v2\/product"}],"about":[{"href":"https:\/\/www.rsteel.eu\/fi\/wp-json\/wp\/v2\/types\/product"}],"replies":[{"embeddable":true,"href":"https:\/\/www.rsteel.eu\/fi\/wp-json\/wp\/v2\/comments?post=1570"}],"wp:featuredmedia":[{"embeddable":true,"href":"https:\/\/www.rsteel.eu\/fi\/wp-json\/wp\/v2\/media\/1545"}],"wp:attachment":[{"href":"https:\/\/www.rsteel.eu\/fi\/wp-json\/wp\/v2\/media?parent=1570"}],"wp:term":[{"taxonomy":"product_brand","embeddable":true,"href":"https:\/\/www.rsteel.eu\/fi\/wp-json\/wp\/v2\/product_brand?post=1570"},{"taxonomy":"product_cat","embeddable":true,"href":"https:\/\/www.rsteel.eu\/fi\/wp-json\/wp\/v2\/product_cat?post=1570"},{"taxonomy":"product_tag","embeddable":true,"href":"https:\/\/www.rsteel.eu\/fi\/wp-json\/wp\/v2\/product_tag?post=1570"}],"curies":[{"name":"wp","href":"https:\/\/api.w.org\/{rel}","templated":true}]}}