{"id":1573,"date":"2023-03-31T09:03:18","date_gmt":"2023-03-31T06:03:18","guid":{"rendered":"https:\/\/rsteel.testisivu.dev\/product\/rpk-n3-pilarikenka\/"},"modified":"2025-11-05T18:26:14","modified_gmt":"2025-11-05T16:26:14","slug":"rpk-n3-pilarikenka","status":"publish","type":"product","link":"https:\/\/www.rsteel.eu\/fi\/tuote\/rpk-n3-pilarikenka\/","title":{"rendered":"Pilarikenk\u00e4 RPK-N3"},"content":{"rendered":"<p>Pilarikeng\u00e4t ovat liitososia, joilla luodaan taivutusj\u00e4ykki\u00e4 liitoksia betonipilareiden v\u00e4lille. Pilarin rasitukset siirtyv\u00e4t pilarikengille sek\u00e4 ankkuripulttien ja valetun sauman kautta viereisiin rakenteisiin, esim. perustukseen. Pilarikengill\u00e4 on mahdollista s\u00e4\u00e4t\u00e4\u00e4 pilarin pystyasentoa ja korkeutta. Pilarin pohjan ja sen alapuolisen rakenteen yl\u00e4osan v\u00e4liin j\u00e4\u00e4v\u00e4 rako valetaan umpeen mahdollisimman nopeasti liitoksen teon j\u00e4lkeen. Valettuna t\u00e4m\u00e4 liitos on suunniteltu olemaan lujempi kuin pilarin poikkileikkaus. RPK-N3-pilarikeng\u00e4t on suunniteltu vastaamaan RPP-pulttien kest\u00e4vyytt\u00e4.<\/p>\n<p><a href=\"https:\/\/youtu.be\/eeRoPKZqyz0\"> R-Design Suite Column shoe -sovelluksen opetusvideo (EN)<\/a><\/p>\n<p><strong>Hyv\u00e4ksynn\u00e4t<\/strong><\/p>\n<p>Suomi: <a href=\"https:\/\/www.rsteel.eu\/wp-content\/uploads\/180-BY-5B-EC2-nro-180-RPK-N3-pilarikenka-G-Group-voim-20.2.2029_allekirjoitettu.pdf\">5B EC2 180<\/a><br \/>\nPuola: <a href=\"https:\/\/www.rsteel.eu\/wp-content\/uploads\/Polish-certificate-for-shoes.pdf\">Nr 020-UWB-1090\/Z<\/a>\u00a0&amp;\u00a0\u00a0<a href=\"https:\/\/www.rsteel.eu\/wp-content\/uploads\/Poland-Shoe_ITB-KOT-20222137.pdf\">ITB-KOT-2022\/2137<\/a><\/p>\n","protected":false},"excerpt":{"rendered":"<p>Pilarikeng\u00e4t ovat liitososia, joilla luodaan taivutusj\u00e4ykki\u00e4 liitoksia betonipilareiden v\u00e4lille.<\/p>\n","protected":false},"featured_media":3779,"comment_status":"closed","ping_status":"closed","template":"","meta":{"_acf_changed":false},"product_brand":[],"product_cat":[60,62],"product_tag":[],"class_list":{"0":"post-1573","1":"product","2":"type-product","3":"status-publish","4":"has-post-thumbnail","6":"product_cat-pulttiliitokset","7":"product_cat-pilarikengat","9":"first","10":"instock","11":"shipping-taxable","12":"product-type-simple"},"acf":[],"yoast_head":"<!-- This site is optimized with the Yoast SEO plugin v27.1.1 - https:\/\/yoast.com\/product\/yoast-seo-wordpress\/ -->\n<title>Pilarikenk\u00e4 RPK-N3 - RSTEEL\u00ae<\/title>\n<meta name=\"robots\" content=\"index, follow, max-snippet:-1, max-image-preview:large, max-video-preview:-1\" \/>\n<link rel=\"canonical\" href=\"https:\/\/www.rsteel.eu\/fi\/tuote\/rpk-n3-pilarikenka\/\" \/>\n<meta property=\"og:locale\" content=\"fi_FI\" \/>\n<meta property=\"og:type\" content=\"article\" \/>\n<meta property=\"og:title\" content=\"Pilarikenk\u00e4 RPK-N3 - RSTEEL\u00ae\" \/>\n<meta property=\"og:description\" content=\"Pilarikeng\u00e4t ovat liitososia, joilla luodaan taivutusj\u00e4ykki\u00e4 liitoksia betonipilareiden v\u00e4lille.\" \/>\n<meta property=\"og:url\" content=\"https:\/\/www.rsteel.eu\/fi\/tuote\/rpk-n3-pilarikenka\/\" \/>\n<meta property=\"og:site_name\" content=\"RSTEEL\u00ae\" \/>\n<meta property=\"article:modified_time\" content=\"2025-11-05T16:26:14+00:00\" \/>\n<meta property=\"og:image\" content=\"https:\/\/www.rsteel.eu\/wp-content\/uploads\/RPK_N3_M30_edit.png\" \/>\n\t<meta property=\"og:image:width\" content=\"2160\" \/>\n\t<meta property=\"og:image:height\" content=\"3000\" \/>\n\t<meta property=\"og:image:type\" content=\"image\/png\" \/>\n<meta name=\"twitter:card\" content=\"summary_large_image\" \/>\n<meta name=\"twitter:label1\" content=\"Arvioitu lukuaika\" \/>\n\t<meta name=\"twitter:data1\" content=\"1 minuutti\" \/>\n<script type=\"application\/ld+json\" class=\"yoast-schema-graph\">{\"@context\":\"https:\/\/schema.org\",\"@graph\":[{\"@type\":\"WebPage\",\"@id\":\"https:\/\/www.rsteel.eu\/fi\/tuote\/rpk-n3-pilarikenka\/\",\"url\":\"https:\/\/www.rsteel.eu\/fi\/tuote\/rpk-n3-pilarikenka\/\",\"name\":\"Pilarikenk\u00e4 RPK-N3 - RSTEEL\u00ae\",\"isPartOf\":{\"@id\":\"https:\/\/www.rsteel.eu\/fi\/#website\"},\"primaryImageOfPage\":{\"@id\":\"https:\/\/www.rsteel.eu\/fi\/tuote\/rpk-n3-pilarikenka\/#primaryimage\"},\"image\":{\"@id\":\"https:\/\/www.rsteel.eu\/fi\/tuote\/rpk-n3-pilarikenka\/#primaryimage\"},\"thumbnailUrl\":\"https:\/\/www.rsteel.eu\/wp-content\/uploads\/RPK_N3_M30_edit.png\",\"datePublished\":\"2023-03-31T06:03:18+00:00\",\"dateModified\":\"2025-11-05T16:26:14+00:00\",\"breadcrumb\":{\"@id\":\"https:\/\/www.rsteel.eu\/fi\/tuote\/rpk-n3-pilarikenka\/#breadcrumb\"},\"inLanguage\":\"fi\",\"potentialAction\":[{\"@type\":\"ReadAction\",\"target\":[\"https:\/\/www.rsteel.eu\/fi\/tuote\/rpk-n3-pilarikenka\/\"]}]},{\"@type\":\"ImageObject\",\"inLanguage\":\"fi\",\"@id\":\"https:\/\/www.rsteel.eu\/fi\/tuote\/rpk-n3-pilarikenka\/#primaryimage\",\"url\":\"https:\/\/www.rsteel.eu\/wp-content\/uploads\/RPK_N3_M30_edit.png\",\"contentUrl\":\"https:\/\/www.rsteel.eu\/wp-content\/uploads\/RPK_N3_M30_edit.png\",\"width\":2160,\"height\":3000},{\"@type\":\"BreadcrumbList\",\"@id\":\"https:\/\/www.rsteel.eu\/fi\/tuote\/rpk-n3-pilarikenka\/#breadcrumb\",\"itemListElement\":[{\"@type\":\"ListItem\",\"position\":1,\"name\":\"Home\",\"item\":\"https:\/\/www.rsteel.eu\/fi\/\"},{\"@type\":\"ListItem\",\"position\":2,\"name\":\"Tuotteet\",\"item\":\"https:\/\/www.rsteel.eu\/fi\/tuotteet\/\"},{\"@type\":\"ListItem\",\"position\":3,\"name\":\"Pilarikenk\u00e4 RPK-N3\"}]},{\"@type\":\"WebSite\",\"@id\":\"https:\/\/www.rsteel.eu\/fi\/#website\",\"url\":\"https:\/\/www.rsteel.eu\/fi\/\",\"name\":\"RSTEEL\u00ae\",\"description\":\"RSTEEL\u00ae is a Finnish leading global supplier of precast accessories and concrete connections with its operations in Finland, Estonia and other parts of Europe and Asia.\",\"publisher\":{\"@id\":\"https:\/\/www.rsteel.eu\/fi\/#organization\"},\"potentialAction\":[{\"@type\":\"SearchAction\",\"target\":{\"@type\":\"EntryPoint\",\"urlTemplate\":\"https:\/\/www.rsteel.eu\/fi\/?s={search_term_string}\"},\"query-input\":{\"@type\":\"PropertyValueSpecification\",\"valueRequired\":true,\"valueName\":\"search_term_string\"}}],\"inLanguage\":\"fi\"},{\"@type\":\"Organization\",\"@id\":\"https:\/\/www.rsteel.eu\/fi\/#organization\",\"name\":\"RSTEEL\u00ae\",\"url\":\"https:\/\/www.rsteel.eu\/fi\/\",\"logo\":{\"@type\":\"ImageObject\",\"inLanguage\":\"fi\",\"@id\":\"https:\/\/www.rsteel.eu\/fi\/#\/schema\/logo\/image\/\",\"url\":\"https:\/\/www.rsteel.eu\/wp-content\/uploads\/rsteel-logo-1.png\",\"contentUrl\":\"https:\/\/www.rsteel.eu\/wp-content\/uploads\/rsteel-logo-1.png\",\"width\":340,\"height\":63,\"caption\":\"RSTEEL\u00ae\"},\"image\":{\"@id\":\"https:\/\/www.rsteel.eu\/fi\/#\/schema\/logo\/image\/\"}}]}<\/script>\n<!-- \/ Yoast SEO plugin. -->","yoast_head_json":{"title":"Pilarikenk\u00e4 RPK-N3 - RSTEEL\u00ae","robots":{"index":"index","follow":"follow","max-snippet":"max-snippet:-1","max-image-preview":"max-image-preview:large","max-video-preview":"max-video-preview:-1"},"canonical":"https:\/\/www.rsteel.eu\/fi\/tuote\/rpk-n3-pilarikenka\/","og_locale":"fi_FI","og_type":"article","og_title":"Pilarikenk\u00e4 RPK-N3 - RSTEEL\u00ae","og_description":"Pilarikeng\u00e4t ovat liitososia, joilla luodaan taivutusj\u00e4ykki\u00e4 liitoksia betonipilareiden v\u00e4lille.","og_url":"https:\/\/www.rsteel.eu\/fi\/tuote\/rpk-n3-pilarikenka\/","og_site_name":"RSTEEL\u00ae","article_modified_time":"2025-11-05T16:26:14+00:00","og_image":[{"width":2160,"height":3000,"url":"https:\/\/www.rsteel.eu\/wp-content\/uploads\/RPK_N3_M30_edit.png","type":"image\/png"}],"twitter_card":"summary_large_image","twitter_misc":{"Arvioitu lukuaika":"1 minuutti"},"schema":{"@context":"https:\/\/schema.org","@graph":[{"@type":"WebPage","@id":"https:\/\/www.rsteel.eu\/fi\/tuote\/rpk-n3-pilarikenka\/","url":"https:\/\/www.rsteel.eu\/fi\/tuote\/rpk-n3-pilarikenka\/","name":"Pilarikenk\u00e4 RPK-N3 - RSTEEL\u00ae","isPartOf":{"@id":"https:\/\/www.rsteel.eu\/fi\/#website"},"primaryImageOfPage":{"@id":"https:\/\/www.rsteel.eu\/fi\/tuote\/rpk-n3-pilarikenka\/#primaryimage"},"image":{"@id":"https:\/\/www.rsteel.eu\/fi\/tuote\/rpk-n3-pilarikenka\/#primaryimage"},"thumbnailUrl":"https:\/\/www.rsteel.eu\/wp-content\/uploads\/RPK_N3_M30_edit.png","datePublished":"2023-03-31T06:03:18+00:00","dateModified":"2025-11-05T16:26:14+00:00","breadcrumb":{"@id":"https:\/\/www.rsteel.eu\/fi\/tuote\/rpk-n3-pilarikenka\/#breadcrumb"},"inLanguage":"fi","potentialAction":[{"@type":"ReadAction","target":["https:\/\/www.rsteel.eu\/fi\/tuote\/rpk-n3-pilarikenka\/"]}]},{"@type":"ImageObject","inLanguage":"fi","@id":"https:\/\/www.rsteel.eu\/fi\/tuote\/rpk-n3-pilarikenka\/#primaryimage","url":"https:\/\/www.rsteel.eu\/wp-content\/uploads\/RPK_N3_M30_edit.png","contentUrl":"https:\/\/www.rsteel.eu\/wp-content\/uploads\/RPK_N3_M30_edit.png","width":2160,"height":3000},{"@type":"BreadcrumbList","@id":"https:\/\/www.rsteel.eu\/fi\/tuote\/rpk-n3-pilarikenka\/#breadcrumb","itemListElement":[{"@type":"ListItem","position":1,"name":"Home","item":"https:\/\/www.rsteel.eu\/fi\/"},{"@type":"ListItem","position":2,"name":"Tuotteet","item":"https:\/\/www.rsteel.eu\/fi\/tuotteet\/"},{"@type":"ListItem","position":3,"name":"Pilarikenk\u00e4 RPK-N3"}]},{"@type":"WebSite","@id":"https:\/\/www.rsteel.eu\/fi\/#website","url":"https:\/\/www.rsteel.eu\/fi\/","name":"RSTEEL\u00ae","description":"RSTEEL\u00ae is a Finnish leading global supplier of precast accessories and concrete connections with its operations in Finland, Estonia and other parts of Europe and Asia.","publisher":{"@id":"https:\/\/www.rsteel.eu\/fi\/#organization"},"potentialAction":[{"@type":"SearchAction","target":{"@type":"EntryPoint","urlTemplate":"https:\/\/www.rsteel.eu\/fi\/?s={search_term_string}"},"query-input":{"@type":"PropertyValueSpecification","valueRequired":true,"valueName":"search_term_string"}}],"inLanguage":"fi"},{"@type":"Organization","@id":"https:\/\/www.rsteel.eu\/fi\/#organization","name":"RSTEEL\u00ae","url":"https:\/\/www.rsteel.eu\/fi\/","logo":{"@type":"ImageObject","inLanguage":"fi","@id":"https:\/\/www.rsteel.eu\/fi\/#\/schema\/logo\/image\/","url":"https:\/\/www.rsteel.eu\/wp-content\/uploads\/rsteel-logo-1.png","contentUrl":"https:\/\/www.rsteel.eu\/wp-content\/uploads\/rsteel-logo-1.png","width":340,"height":63,"caption":"RSTEEL\u00ae"},"image":{"@id":"https:\/\/www.rsteel.eu\/fi\/#\/schema\/logo\/image\/"}}]}},"_links":{"self":[{"href":"https:\/\/www.rsteel.eu\/fi\/wp-json\/wp\/v2\/product\/1573","targetHints":{"allow":["GET"]}}],"collection":[{"href":"https:\/\/www.rsteel.eu\/fi\/wp-json\/wp\/v2\/product"}],"about":[{"href":"https:\/\/www.rsteel.eu\/fi\/wp-json\/wp\/v2\/types\/product"}],"replies":[{"embeddable":true,"href":"https:\/\/www.rsteel.eu\/fi\/wp-json\/wp\/v2\/comments?post=1573"}],"wp:featuredmedia":[{"embeddable":true,"href":"https:\/\/www.rsteel.eu\/fi\/wp-json\/wp\/v2\/media\/3779"}],"wp:attachment":[{"href":"https:\/\/www.rsteel.eu\/fi\/wp-json\/wp\/v2\/media?parent=1573"}],"wp:term":[{"taxonomy":"product_brand","embeddable":true,"href":"https:\/\/www.rsteel.eu\/fi\/wp-json\/wp\/v2\/product_brand?post=1573"},{"taxonomy":"product_cat","embeddable":true,"href":"https:\/\/www.rsteel.eu\/fi\/wp-json\/wp\/v2\/product_cat?post=1573"},{"taxonomy":"product_tag","embeddable":true,"href":"https:\/\/www.rsteel.eu\/fi\/wp-json\/wp\/v2\/product_tag?post=1573"}],"curies":[{"name":"wp","href":"https:\/\/api.w.org\/{rel}","templated":true}]}}