{"id":5608,"date":"2025-10-27T10:44:39","date_gmt":"2025-10-27T08:44:39","guid":{"rendered":"https:\/\/www.rsteel.eu\/?post_type=product&#038;p=5608"},"modified":"2026-03-27T11:10:52","modified_gmt":"2026-03-27T09:10:52","slug":"piilokonsolit","status":"publish","type":"product","link":"https:\/\/www.rsteel.eu\/fi\/tuote\/piilokonsolit\/","title":{"rendered":"PINCOR\u00ae"},"content":{"rendered":"<p><b>Piilokonsolit <\/b><span style=\"font-weight: 400;\">ovat kiinnityskomponentteja, joita k\u00e4ytet\u00e4\u00e4n tekem\u00e4\u00e4n piilotettuja liitoksia esij\u00e4nnitetyist\u00e4 tai esivalmistetuista palkeista esivalmistettuihin pilareihin.<\/span><\/p>\n<p><span style=\"font-weight: 400;\">Konsolit siirt\u00e4v\u00e4t voimia palkista pilariin sek\u00e4 asennuksen aikana ett\u00e4 rakenteen k\u00e4yt\u00f6n aikana. Taivutusmomentin osalta ne toimivat nivelin\u00e4 palkkien p\u00e4iss\u00e4. Ne voivat my\u00f6s siirt\u00e4\u00e4 v\u00e4\u00e4nt\u00f6momenttia palkin p\u00e4\u00e4st\u00e4 pilariin, mik\u00e4 mahdollistaa ontelolaattojen asentamisen palkin toiselle puolelle ilman lis\u00e4tilap\u00e4ist\u00e4 tuentaa. Konsolit sis\u00e4lt\u00e4v\u00e4t sis\u00e4\u00e4nrakennetut rajoittimet liitoksen avautumista vastaan ja voivat siirt\u00e4\u00e4 vaakasuuntaisia kuormia, mik\u00e4 tarjoaa etuja rakenteellisessa kest\u00e4vyydess\u00e4.<\/span><\/p>\n<p><b>Piilokonsolien p\u00e4\u00e4ominaisuudet:<\/b><\/p>\n<ul>\n<li aria-level=\"1\"><b>Liitosten k\u00e4ytt\u00f6<\/b>\n<ul>\n<li aria-level=\"1\"><span style=\"font-weight: 400;\">Esivalmistettu palkki \u2192 Esivalmistettu pilari -liitos<\/span><\/li>\n<li aria-level=\"1\"><span style=\"font-weight: 400;\">Ter\u00e4ksinen kotelopalkki \u2192 Esivalmistettu pilari -liitos (yhteensopivalla p\u00e4\u00e4tydetaljointilla)<\/span><\/li>\n<\/ul>\n<\/li>\n<\/ul>\n<ul>\n<li style=\"list-style-type: none;\"><\/li>\n<\/ul>\n<ul>\n<li aria-level=\"1\"><b>Rakenteelliset ominaisuudet<\/b>\n<ul>\n<li aria-level=\"1\"><span style=\"font-weight: 400;\">Kolmiosainen rakenne: pilariosa, palkkiosa, yhdist\u00e4v\u00e4 kieliosa.<\/span><\/li>\n<li aria-level=\"1\"><span style=\"font-weight: 400;\">Pystysuuntainen s\u00e4\u00e4t\u00f6 asennuslevyll\u00e4.<\/span><\/li>\n<li aria-level=\"1\"><span style=\"font-weight: 400;\">Pilarin pinnan ja palkin p\u00e4\u00e4n v\u00e4liin j\u00e4\u00e4v\u00e4 rako j\u00e4tet\u00e4\u00e4n valamatta.<\/span><\/li>\n<li aria-level=\"1\"><span style=\"font-weight: 400;\">Liitos on nivelliitos eik\u00e4 v\u00e4lit\u00e4 taivutusmomentteja.<\/span><\/li>\n<\/ul>\n<\/li>\n<\/ul>\n<p><strong><br \/>\nHyv\u00e4ksynn\u00e4t<\/strong><br \/>\nSuomi: <a href=\"https:\/\/www.rsteel.eu\/wp-content\/uploads\/5B-EC-2-178.pdf\">5B EC 2 178<\/a><\/p>\n<ul>\n<li style=\"list-style-type: none;\"><\/li>\n<\/ul>\n","protected":false},"excerpt":{"rendered":"<p>Piilokonsolit ovat kiinnityskomponentteja, joita k\u00e4ytet\u00e4\u00e4n tekem\u00e4\u00e4n piilotettuja liitoksia esij\u00e4nnitetyist\u00e4 tai esivalmistetuista<\/p>\n","protected":false},"featured_media":5599,"comment_status":"closed","ping_status":"closed","template":"","meta":{"_acf_changed":false},"product_brand":[],"product_cat":[155],"product_tag":[],"class_list":{"0":"post-5608","1":"product","2":"type-product","3":"status-publish","4":"has-post-thumbnail","6":"product_cat-piilokonsolit","8":"first","9":"instock","10":"shipping-taxable","11":"product-type-simple"},"acf":[],"yoast_head":"<!-- This site is optimized with the Yoast SEO plugin v27.1.1 - https:\/\/yoast.com\/product\/yoast-seo-wordpress\/ -->\n<title>PINCOR\u00ae - RSTEEL\u00ae<\/title>\n<meta name=\"robots\" content=\"index, follow, max-snippet:-1, max-image-preview:large, max-video-preview:-1\" \/>\n<link rel=\"canonical\" href=\"https:\/\/www.rsteel.eu\/fi\/tuote\/piilokonsolit\/\" \/>\n<meta property=\"og:locale\" content=\"fi_FI\" \/>\n<meta property=\"og:type\" content=\"article\" \/>\n<meta property=\"og:title\" content=\"PINCOR\u00ae - RSTEEL\u00ae\" \/>\n<meta property=\"og:description\" content=\"Piilokonsolit ovat kiinnityskomponentteja, joita k\u00e4ytet\u00e4\u00e4n tekem\u00e4\u00e4n piilotettuja liitoksia esij\u00e4nnitetyist\u00e4 tai esivalmistetuista\" \/>\n<meta property=\"og:url\" content=\"https:\/\/www.rsteel.eu\/fi\/tuote\/piilokonsolit\/\" \/>\n<meta property=\"og:site_name\" content=\"RSTEEL\u00ae\" \/>\n<meta property=\"article:modified_time\" content=\"2026-03-27T09:10:52+00:00\" \/>\n<meta property=\"og:image\" content=\"https:\/\/www.rsteel.eu\/wp-content\/uploads\/RPIKO-IMG.png\" \/>\n\t<meta property=\"og:image:width\" content=\"800\" \/>\n\t<meta property=\"og:image:height\" content=\"625\" \/>\n\t<meta property=\"og:image:type\" content=\"image\/png\" \/>\n<meta name=\"twitter:card\" content=\"summary_large_image\" \/>\n<meta name=\"twitter:label1\" content=\"Arvioitu lukuaika\" \/>\n\t<meta name=\"twitter:data1\" content=\"1 minuutti\" \/>\n<script type=\"application\/ld+json\" class=\"yoast-schema-graph\">{\"@context\":\"https:\/\/schema.org\",\"@graph\":[{\"@type\":\"WebPage\",\"@id\":\"https:\/\/www.rsteel.eu\/fi\/tuote\/piilokonsolit\/\",\"url\":\"https:\/\/www.rsteel.eu\/fi\/tuote\/piilokonsolit\/\",\"name\":\"PINCOR\u00ae - RSTEEL\u00ae\",\"isPartOf\":{\"@id\":\"https:\/\/www.rsteel.eu\/fi\/#website\"},\"primaryImageOfPage\":{\"@id\":\"https:\/\/www.rsteel.eu\/fi\/tuote\/piilokonsolit\/#primaryimage\"},\"image\":{\"@id\":\"https:\/\/www.rsteel.eu\/fi\/tuote\/piilokonsolit\/#primaryimage\"},\"thumbnailUrl\":\"https:\/\/www.rsteel.eu\/wp-content\/uploads\/RPIKO-IMG.png\",\"datePublished\":\"2025-10-27T08:44:39+00:00\",\"dateModified\":\"2026-03-27T09:10:52+00:00\",\"breadcrumb\":{\"@id\":\"https:\/\/www.rsteel.eu\/fi\/tuote\/piilokonsolit\/#breadcrumb\"},\"inLanguage\":\"fi\",\"potentialAction\":[{\"@type\":\"ReadAction\",\"target\":[\"https:\/\/www.rsteel.eu\/fi\/tuote\/piilokonsolit\/\"]}]},{\"@type\":\"ImageObject\",\"inLanguage\":\"fi\",\"@id\":\"https:\/\/www.rsteel.eu\/fi\/tuote\/piilokonsolit\/#primaryimage\",\"url\":\"https:\/\/www.rsteel.eu\/wp-content\/uploads\/RPIKO-IMG.png\",\"contentUrl\":\"https:\/\/www.rsteel.eu\/wp-content\/uploads\/RPIKO-IMG.png\",\"width\":800,\"height\":625},{\"@type\":\"BreadcrumbList\",\"@id\":\"https:\/\/www.rsteel.eu\/fi\/tuote\/piilokonsolit\/#breadcrumb\",\"itemListElement\":[{\"@type\":\"ListItem\",\"position\":1,\"name\":\"Home\",\"item\":\"https:\/\/www.rsteel.eu\/fi\/\"},{\"@type\":\"ListItem\",\"position\":2,\"name\":\"Tuotteet\",\"item\":\"https:\/\/www.rsteel.eu\/fi\/tuotteet\/\"},{\"@type\":\"ListItem\",\"position\":3,\"name\":\"PINCOR\u00ae\"}]},{\"@type\":\"WebSite\",\"@id\":\"https:\/\/www.rsteel.eu\/fi\/#website\",\"url\":\"https:\/\/www.rsteel.eu\/fi\/\",\"name\":\"RSTEEL\u00ae\",\"description\":\"RSTEEL\u00ae is a Finnish leading global supplier of precast accessories and concrete connections with its operations in Finland, Estonia and other parts of Europe and Asia.\",\"publisher\":{\"@id\":\"https:\/\/www.rsteel.eu\/fi\/#organization\"},\"potentialAction\":[{\"@type\":\"SearchAction\",\"target\":{\"@type\":\"EntryPoint\",\"urlTemplate\":\"https:\/\/www.rsteel.eu\/fi\/?s={search_term_string}\"},\"query-input\":{\"@type\":\"PropertyValueSpecification\",\"valueRequired\":true,\"valueName\":\"search_term_string\"}}],\"inLanguage\":\"fi\"},{\"@type\":\"Organization\",\"@id\":\"https:\/\/www.rsteel.eu\/fi\/#organization\",\"name\":\"RSTEEL\u00ae\",\"url\":\"https:\/\/www.rsteel.eu\/fi\/\",\"logo\":{\"@type\":\"ImageObject\",\"inLanguage\":\"fi\",\"@id\":\"https:\/\/www.rsteel.eu\/fi\/#\/schema\/logo\/image\/\",\"url\":\"https:\/\/www.rsteel.eu\/wp-content\/uploads\/rsteel-logo-1.png\",\"contentUrl\":\"https:\/\/www.rsteel.eu\/wp-content\/uploads\/rsteel-logo-1.png\",\"width\":340,\"height\":63,\"caption\":\"RSTEEL\u00ae\"},\"image\":{\"@id\":\"https:\/\/www.rsteel.eu\/fi\/#\/schema\/logo\/image\/\"}}]}<\/script>\n<!-- \/ Yoast SEO plugin. -->","yoast_head_json":{"title":"PINCOR\u00ae - RSTEEL\u00ae","robots":{"index":"index","follow":"follow","max-snippet":"max-snippet:-1","max-image-preview":"max-image-preview:large","max-video-preview":"max-video-preview:-1"},"canonical":"https:\/\/www.rsteel.eu\/fi\/tuote\/piilokonsolit\/","og_locale":"fi_FI","og_type":"article","og_title":"PINCOR\u00ae - RSTEEL\u00ae","og_description":"Piilokonsolit ovat kiinnityskomponentteja, joita k\u00e4ytet\u00e4\u00e4n tekem\u00e4\u00e4n piilotettuja liitoksia esij\u00e4nnitetyist\u00e4 tai esivalmistetuista","og_url":"https:\/\/www.rsteel.eu\/fi\/tuote\/piilokonsolit\/","og_site_name":"RSTEEL\u00ae","article_modified_time":"2026-03-27T09:10:52+00:00","og_image":[{"width":800,"height":625,"url":"https:\/\/www.rsteel.eu\/wp-content\/uploads\/RPIKO-IMG.png","type":"image\/png"}],"twitter_card":"summary_large_image","twitter_misc":{"Arvioitu lukuaika":"1 minuutti"},"schema":{"@context":"https:\/\/schema.org","@graph":[{"@type":"WebPage","@id":"https:\/\/www.rsteel.eu\/fi\/tuote\/piilokonsolit\/","url":"https:\/\/www.rsteel.eu\/fi\/tuote\/piilokonsolit\/","name":"PINCOR\u00ae - RSTEEL\u00ae","isPartOf":{"@id":"https:\/\/www.rsteel.eu\/fi\/#website"},"primaryImageOfPage":{"@id":"https:\/\/www.rsteel.eu\/fi\/tuote\/piilokonsolit\/#primaryimage"},"image":{"@id":"https:\/\/www.rsteel.eu\/fi\/tuote\/piilokonsolit\/#primaryimage"},"thumbnailUrl":"https:\/\/www.rsteel.eu\/wp-content\/uploads\/RPIKO-IMG.png","datePublished":"2025-10-27T08:44:39+00:00","dateModified":"2026-03-27T09:10:52+00:00","breadcrumb":{"@id":"https:\/\/www.rsteel.eu\/fi\/tuote\/piilokonsolit\/#breadcrumb"},"inLanguage":"fi","potentialAction":[{"@type":"ReadAction","target":["https:\/\/www.rsteel.eu\/fi\/tuote\/piilokonsolit\/"]}]},{"@type":"ImageObject","inLanguage":"fi","@id":"https:\/\/www.rsteel.eu\/fi\/tuote\/piilokonsolit\/#primaryimage","url":"https:\/\/www.rsteel.eu\/wp-content\/uploads\/RPIKO-IMG.png","contentUrl":"https:\/\/www.rsteel.eu\/wp-content\/uploads\/RPIKO-IMG.png","width":800,"height":625},{"@type":"BreadcrumbList","@id":"https:\/\/www.rsteel.eu\/fi\/tuote\/piilokonsolit\/#breadcrumb","itemListElement":[{"@type":"ListItem","position":1,"name":"Home","item":"https:\/\/www.rsteel.eu\/fi\/"},{"@type":"ListItem","position":2,"name":"Tuotteet","item":"https:\/\/www.rsteel.eu\/fi\/tuotteet\/"},{"@type":"ListItem","position":3,"name":"PINCOR\u00ae"}]},{"@type":"WebSite","@id":"https:\/\/www.rsteel.eu\/fi\/#website","url":"https:\/\/www.rsteel.eu\/fi\/","name":"RSTEEL\u00ae","description":"RSTEEL\u00ae is a Finnish leading global supplier of precast accessories and concrete connections with its operations in Finland, Estonia and other parts of Europe and Asia.","publisher":{"@id":"https:\/\/www.rsteel.eu\/fi\/#organization"},"potentialAction":[{"@type":"SearchAction","target":{"@type":"EntryPoint","urlTemplate":"https:\/\/www.rsteel.eu\/fi\/?s={search_term_string}"},"query-input":{"@type":"PropertyValueSpecification","valueRequired":true,"valueName":"search_term_string"}}],"inLanguage":"fi"},{"@type":"Organization","@id":"https:\/\/www.rsteel.eu\/fi\/#organization","name":"RSTEEL\u00ae","url":"https:\/\/www.rsteel.eu\/fi\/","logo":{"@type":"ImageObject","inLanguage":"fi","@id":"https:\/\/www.rsteel.eu\/fi\/#\/schema\/logo\/image\/","url":"https:\/\/www.rsteel.eu\/wp-content\/uploads\/rsteel-logo-1.png","contentUrl":"https:\/\/www.rsteel.eu\/wp-content\/uploads\/rsteel-logo-1.png","width":340,"height":63,"caption":"RSTEEL\u00ae"},"image":{"@id":"https:\/\/www.rsteel.eu\/fi\/#\/schema\/logo\/image\/"}}]}},"_links":{"self":[{"href":"https:\/\/www.rsteel.eu\/fi\/wp-json\/wp\/v2\/product\/5608","targetHints":{"allow":["GET"]}}],"collection":[{"href":"https:\/\/www.rsteel.eu\/fi\/wp-json\/wp\/v2\/product"}],"about":[{"href":"https:\/\/www.rsteel.eu\/fi\/wp-json\/wp\/v2\/types\/product"}],"replies":[{"embeddable":true,"href":"https:\/\/www.rsteel.eu\/fi\/wp-json\/wp\/v2\/comments?post=5608"}],"wp:featuredmedia":[{"embeddable":true,"href":"https:\/\/www.rsteel.eu\/fi\/wp-json\/wp\/v2\/media\/5599"}],"wp:attachment":[{"href":"https:\/\/www.rsteel.eu\/fi\/wp-json\/wp\/v2\/media?parent=5608"}],"wp:term":[{"taxonomy":"product_brand","embeddable":true,"href":"https:\/\/www.rsteel.eu\/fi\/wp-json\/wp\/v2\/product_brand?post=5608"},{"taxonomy":"product_cat","embeddable":true,"href":"https:\/\/www.rsteel.eu\/fi\/wp-json\/wp\/v2\/product_cat?post=5608"},{"taxonomy":"product_tag","embeddable":true,"href":"https:\/\/www.rsteel.eu\/fi\/wp-json\/wp\/v2\/product_tag?post=5608"}],"curies":[{"name":"wp","href":"https:\/\/api.w.org\/{rel}","templated":true}]}}