{"id":882,"date":"2023-03-30T11:31:18","date_gmt":"2023-03-30T08:31:18","guid":{"rendered":"https:\/\/rsteel.testisivu.dev\/product\/rwtl-nostoankkuri\/"},"modified":"2026-03-12T10:16:49","modified_gmt":"2026-03-12T08:16:49","slug":"rwtl-nostoankkuri","status":"publish","type":"product","link":"https:\/\/www.rsteel.eu\/fi\/tuote\/rwtl-nostoankkuri\/","title":{"rendered":"Nostoankkuri RWTL"},"content":{"rendered":"<p>RWTL-nostoankkureissa sis\u00e4kierrehylsy on puristettu k\u00e4yr\u00e4\u00e4n harjater\u00e4stankoon. Ankkuri voidaan asentaa joko betonin pinnan tasoon tai upotettuna. Nostoon k\u00e4ytet\u00e4\u00e4n erillist\u00e4 nostolukkoa, esim. RLL-nostolukkoa.<\/p>\n<p><img decoding=\"async\" class=\"alignnone size-full wp-image-3392\" src=\"https:\/\/rsteel.eu\/wp-content\/uploads\/ce-mark.png\" alt=\"\" width=\"105\" height=\"74\" \/><\/p>\n","protected":false},"excerpt":{"rendered":"<p>RWTL-nostoankkureissa sis\u00e4kierrehylsy on puristettu k\u00e4yr\u00e4\u00e4n harjater\u00e4stankoon.<\/p>\n","protected":false},"featured_media":819,"comment_status":"closed","ping_status":"closed","template":"","meta":{"_acf_changed":false},"product_brand":[],"product_cat":[52,53],"product_tag":[],"class_list":{"0":"post-882","1":"product","2":"type-product","3":"status-publish","4":"has-post-thumbnail","6":"product_cat-nostojarjestelmat","7":"product_cat-kierreankkurit","9":"first","10":"instock","11":"shipping-taxable","12":"product-type-simple"},"acf":[],"yoast_head":"<!-- This site is optimized with the Yoast SEO plugin v27.1.1 - https:\/\/yoast.com\/product\/yoast-seo-wordpress\/ -->\n<title>Nostoankkuri RWTL - RSTEEL\u00ae<\/title>\n<meta name=\"robots\" content=\"index, follow, max-snippet:-1, max-image-preview:large, max-video-preview:-1\" \/>\n<link rel=\"canonical\" href=\"https:\/\/www.rsteel.eu\/fi\/tuote\/rwtl-nostoankkuri\/\" \/>\n<meta property=\"og:locale\" content=\"fi_FI\" \/>\n<meta property=\"og:type\" content=\"article\" \/>\n<meta property=\"og:title\" content=\"Nostoankkuri RWTL - RSTEEL\u00ae\" \/>\n<meta property=\"og:description\" content=\"RWTL-nostoankkureissa sis\u00e4kierrehylsy on puristettu k\u00e4yr\u00e4\u00e4n harjater\u00e4stankoon.\" \/>\n<meta property=\"og:url\" content=\"https:\/\/www.rsteel.eu\/fi\/tuote\/rwtl-nostoankkuri\/\" \/>\n<meta property=\"og:site_name\" content=\"RSTEEL\u00ae\" \/>\n<meta property=\"article:modified_time\" content=\"2026-03-12T08:16:49+00:00\" \/>\n<meta property=\"og:image\" content=\"https:\/\/www.rsteel.eu\/wp-content\/uploads\/RWTL.jpg\" \/>\n\t<meta property=\"og:image:width\" content=\"1000\" \/>\n\t<meta property=\"og:image:height\" content=\"800\" \/>\n\t<meta property=\"og:image:type\" content=\"image\/jpeg\" \/>\n<meta name=\"twitter:card\" content=\"summary_large_image\" \/>\n<meta name=\"twitter:label1\" content=\"Arvioitu lukuaika\" \/>\n\t<meta name=\"twitter:data1\" content=\"1 minuutti\" \/>\n<script type=\"application\/ld+json\" class=\"yoast-schema-graph\">{\"@context\":\"https:\/\/schema.org\",\"@graph\":[{\"@type\":\"WebPage\",\"@id\":\"https:\/\/www.rsteel.eu\/fi\/tuote\/rwtl-nostoankkuri\/\",\"url\":\"https:\/\/www.rsteel.eu\/fi\/tuote\/rwtl-nostoankkuri\/\",\"name\":\"Nostoankkuri RWTL - RSTEEL\u00ae\",\"isPartOf\":{\"@id\":\"https:\/\/www.rsteel.eu\/fi\/#website\"},\"primaryImageOfPage\":{\"@id\":\"https:\/\/www.rsteel.eu\/fi\/tuote\/rwtl-nostoankkuri\/#primaryimage\"},\"image\":{\"@id\":\"https:\/\/www.rsteel.eu\/fi\/tuote\/rwtl-nostoankkuri\/#primaryimage\"},\"thumbnailUrl\":\"https:\/\/www.rsteel.eu\/wp-content\/uploads\/RWTL.jpg\",\"datePublished\":\"2023-03-30T08:31:18+00:00\",\"dateModified\":\"2026-03-12T08:16:49+00:00\",\"breadcrumb\":{\"@id\":\"https:\/\/www.rsteel.eu\/fi\/tuote\/rwtl-nostoankkuri\/#breadcrumb\"},\"inLanguage\":\"fi\",\"potentialAction\":[{\"@type\":\"ReadAction\",\"target\":[\"https:\/\/www.rsteel.eu\/fi\/tuote\/rwtl-nostoankkuri\/\"]}]},{\"@type\":\"ImageObject\",\"inLanguage\":\"fi\",\"@id\":\"https:\/\/www.rsteel.eu\/fi\/tuote\/rwtl-nostoankkuri\/#primaryimage\",\"url\":\"https:\/\/www.rsteel.eu\/wp-content\/uploads\/RWTL.jpg\",\"contentUrl\":\"https:\/\/www.rsteel.eu\/wp-content\/uploads\/RWTL.jpg\",\"width\":1000,\"height\":800},{\"@type\":\"BreadcrumbList\",\"@id\":\"https:\/\/www.rsteel.eu\/fi\/tuote\/rwtl-nostoankkuri\/#breadcrumb\",\"itemListElement\":[{\"@type\":\"ListItem\",\"position\":1,\"name\":\"Home\",\"item\":\"https:\/\/www.rsteel.eu\/fi\/\"},{\"@type\":\"ListItem\",\"position\":2,\"name\":\"Tuotteet\",\"item\":\"https:\/\/www.rsteel.eu\/fi\/tuotteet\/\"},{\"@type\":\"ListItem\",\"position\":3,\"name\":\"Nostoankkuri RWTL\"}]},{\"@type\":\"WebSite\",\"@id\":\"https:\/\/www.rsteel.eu\/fi\/#website\",\"url\":\"https:\/\/www.rsteel.eu\/fi\/\",\"name\":\"RSTEEL\u00ae\",\"description\":\"RSTEEL\u00ae is a Finnish leading global supplier of precast accessories and concrete connections with its operations in Finland, Estonia and other parts of Europe and Asia.\",\"publisher\":{\"@id\":\"https:\/\/www.rsteel.eu\/fi\/#organization\"},\"potentialAction\":[{\"@type\":\"SearchAction\",\"target\":{\"@type\":\"EntryPoint\",\"urlTemplate\":\"https:\/\/www.rsteel.eu\/fi\/?s={search_term_string}\"},\"query-input\":{\"@type\":\"PropertyValueSpecification\",\"valueRequired\":true,\"valueName\":\"search_term_string\"}}],\"inLanguage\":\"fi\"},{\"@type\":\"Organization\",\"@id\":\"https:\/\/www.rsteel.eu\/fi\/#organization\",\"name\":\"RSTEEL\u00ae\",\"url\":\"https:\/\/www.rsteel.eu\/fi\/\",\"logo\":{\"@type\":\"ImageObject\",\"inLanguage\":\"fi\",\"@id\":\"https:\/\/www.rsteel.eu\/fi\/#\/schema\/logo\/image\/\",\"url\":\"https:\/\/www.rsteel.eu\/wp-content\/uploads\/rsteel-logo-1.png\",\"contentUrl\":\"https:\/\/www.rsteel.eu\/wp-content\/uploads\/rsteel-logo-1.png\",\"width\":340,\"height\":63,\"caption\":\"RSTEEL\u00ae\"},\"image\":{\"@id\":\"https:\/\/www.rsteel.eu\/fi\/#\/schema\/logo\/image\/\"}}]}<\/script>\n<!-- \/ Yoast SEO plugin. -->","yoast_head_json":{"title":"Nostoankkuri RWTL - RSTEEL\u00ae","robots":{"index":"index","follow":"follow","max-snippet":"max-snippet:-1","max-image-preview":"max-image-preview:large","max-video-preview":"max-video-preview:-1"},"canonical":"https:\/\/www.rsteel.eu\/fi\/tuote\/rwtl-nostoankkuri\/","og_locale":"fi_FI","og_type":"article","og_title":"Nostoankkuri RWTL - RSTEEL\u00ae","og_description":"RWTL-nostoankkureissa sis\u00e4kierrehylsy on puristettu k\u00e4yr\u00e4\u00e4n harjater\u00e4stankoon.","og_url":"https:\/\/www.rsteel.eu\/fi\/tuote\/rwtl-nostoankkuri\/","og_site_name":"RSTEEL\u00ae","article_modified_time":"2026-03-12T08:16:49+00:00","og_image":[{"width":1000,"height":800,"url":"https:\/\/www.rsteel.eu\/wp-content\/uploads\/RWTL.jpg","type":"image\/jpeg"}],"twitter_card":"summary_large_image","twitter_misc":{"Arvioitu lukuaika":"1 minuutti"},"schema":{"@context":"https:\/\/schema.org","@graph":[{"@type":"WebPage","@id":"https:\/\/www.rsteel.eu\/fi\/tuote\/rwtl-nostoankkuri\/","url":"https:\/\/www.rsteel.eu\/fi\/tuote\/rwtl-nostoankkuri\/","name":"Nostoankkuri RWTL - RSTEEL\u00ae","isPartOf":{"@id":"https:\/\/www.rsteel.eu\/fi\/#website"},"primaryImageOfPage":{"@id":"https:\/\/www.rsteel.eu\/fi\/tuote\/rwtl-nostoankkuri\/#primaryimage"},"image":{"@id":"https:\/\/www.rsteel.eu\/fi\/tuote\/rwtl-nostoankkuri\/#primaryimage"},"thumbnailUrl":"https:\/\/www.rsteel.eu\/wp-content\/uploads\/RWTL.jpg","datePublished":"2023-03-30T08:31:18+00:00","dateModified":"2026-03-12T08:16:49+00:00","breadcrumb":{"@id":"https:\/\/www.rsteel.eu\/fi\/tuote\/rwtl-nostoankkuri\/#breadcrumb"},"inLanguage":"fi","potentialAction":[{"@type":"ReadAction","target":["https:\/\/www.rsteel.eu\/fi\/tuote\/rwtl-nostoankkuri\/"]}]},{"@type":"ImageObject","inLanguage":"fi","@id":"https:\/\/www.rsteel.eu\/fi\/tuote\/rwtl-nostoankkuri\/#primaryimage","url":"https:\/\/www.rsteel.eu\/wp-content\/uploads\/RWTL.jpg","contentUrl":"https:\/\/www.rsteel.eu\/wp-content\/uploads\/RWTL.jpg","width":1000,"height":800},{"@type":"BreadcrumbList","@id":"https:\/\/www.rsteel.eu\/fi\/tuote\/rwtl-nostoankkuri\/#breadcrumb","itemListElement":[{"@type":"ListItem","position":1,"name":"Home","item":"https:\/\/www.rsteel.eu\/fi\/"},{"@type":"ListItem","position":2,"name":"Tuotteet","item":"https:\/\/www.rsteel.eu\/fi\/tuotteet\/"},{"@type":"ListItem","position":3,"name":"Nostoankkuri RWTL"}]},{"@type":"WebSite","@id":"https:\/\/www.rsteel.eu\/fi\/#website","url":"https:\/\/www.rsteel.eu\/fi\/","name":"RSTEEL\u00ae","description":"RSTEEL\u00ae is a Finnish leading global supplier of precast accessories and concrete connections with its operations in Finland, Estonia and other parts of Europe and Asia.","publisher":{"@id":"https:\/\/www.rsteel.eu\/fi\/#organization"},"potentialAction":[{"@type":"SearchAction","target":{"@type":"EntryPoint","urlTemplate":"https:\/\/www.rsteel.eu\/fi\/?s={search_term_string}"},"query-input":{"@type":"PropertyValueSpecification","valueRequired":true,"valueName":"search_term_string"}}],"inLanguage":"fi"},{"@type":"Organization","@id":"https:\/\/www.rsteel.eu\/fi\/#organization","name":"RSTEEL\u00ae","url":"https:\/\/www.rsteel.eu\/fi\/","logo":{"@type":"ImageObject","inLanguage":"fi","@id":"https:\/\/www.rsteel.eu\/fi\/#\/schema\/logo\/image\/","url":"https:\/\/www.rsteel.eu\/wp-content\/uploads\/rsteel-logo-1.png","contentUrl":"https:\/\/www.rsteel.eu\/wp-content\/uploads\/rsteel-logo-1.png","width":340,"height":63,"caption":"RSTEEL\u00ae"},"image":{"@id":"https:\/\/www.rsteel.eu\/fi\/#\/schema\/logo\/image\/"}}]}},"_links":{"self":[{"href":"https:\/\/www.rsteel.eu\/fi\/wp-json\/wp\/v2\/product\/882","targetHints":{"allow":["GET"]}}],"collection":[{"href":"https:\/\/www.rsteel.eu\/fi\/wp-json\/wp\/v2\/product"}],"about":[{"href":"https:\/\/www.rsteel.eu\/fi\/wp-json\/wp\/v2\/types\/product"}],"replies":[{"embeddable":true,"href":"https:\/\/www.rsteel.eu\/fi\/wp-json\/wp\/v2\/comments?post=882"}],"wp:featuredmedia":[{"embeddable":true,"href":"https:\/\/www.rsteel.eu\/fi\/wp-json\/wp\/v2\/media\/819"}],"wp:attachment":[{"href":"https:\/\/www.rsteel.eu\/fi\/wp-json\/wp\/v2\/media?parent=882"}],"wp:term":[{"taxonomy":"product_brand","embeddable":true,"href":"https:\/\/www.rsteel.eu\/fi\/wp-json\/wp\/v2\/product_brand?post=882"},{"taxonomy":"product_cat","embeddable":true,"href":"https:\/\/www.rsteel.eu\/fi\/wp-json\/wp\/v2\/product_cat?post=882"},{"taxonomy":"product_tag","embeddable":true,"href":"https:\/\/www.rsteel.eu\/fi\/wp-json\/wp\/v2\/product_tag?post=882"}],"curies":[{"name":"wp","href":"https:\/\/api.w.org\/{rel}","templated":true}]}}