{"id":915,"date":"2023-03-30T12:00:31","date_gmt":"2023-03-30T09:00:31","guid":{"rendered":"https:\/\/rsteel.testisivu.dev\/product\/rll-nostolukko\/"},"modified":"2024-10-15T16:06:11","modified_gmt":"2024-10-15T13:06:11","slug":"rll-nostolukko","status":"publish","type":"product","link":"https:\/\/www.rsteel.eu\/fi\/tuote\/rll-nostolukko\/","title":{"rendered":"Nostolukko RLL"},"content":{"rendered":"<p>RLL-nostolukko on tarkoitettu RSTEEL\u00ae-kierreankkureiden nostoon. HUOM! Mik\u00e4li nostokulma on suurempi kuin 45\u00b0, k\u00e4ytett\u00e4v\u00e4n tuotteen tulee olla painelevyllinen, esim. THS3-nostolukko.<\/p>\n<p><img decoding=\"async\" class=\"alignnone size-full wp-image-3392\" src=\"https:\/\/rsteel.eu\/wp-content\/uploads\/ce-mark.png\" alt=\"\" width=\"105\" height=\"74\" \/><\/p>\n","protected":false},"excerpt":{"rendered":"<p>RLL-nostolukko on tarkoitettu RSTEEL\u00ae-kierreankkureiden nostoon. HUOM! Mik\u00e4li nostokulma on suurempi kuin 45\u00b0, k\u00e4ytett\u00e4v\u00e4n tuotteen tulee olla painelevyllinen, esim. RPL-nostolukko.<\/p>\n","protected":false},"featured_media":910,"comment_status":"closed","ping_status":"closed","template":"","meta":{"_acf_changed":false},"product_brand":[],"product_cat":[52,53],"product_tag":[],"class_list":{"0":"post-915","1":"product","2":"type-product","3":"status-publish","4":"has-post-thumbnail","6":"product_cat-nostojarjestelmat","7":"product_cat-kierreankkurit","9":"first","10":"instock","11":"shipping-taxable","12":"product-type-simple"},"acf":[],"yoast_head":"<!-- This site is optimized with the Yoast SEO plugin v27.1.1 - https:\/\/yoast.com\/product\/yoast-seo-wordpress\/ -->\n<title>Nostolukko RLL - RSTEEL\u00ae<\/title>\n<meta name=\"robots\" content=\"index, follow, max-snippet:-1, max-image-preview:large, max-video-preview:-1\" \/>\n<link rel=\"canonical\" href=\"https:\/\/www.rsteel.eu\/fi\/tuote\/rll-nostolukko\/\" \/>\n<meta property=\"og:locale\" content=\"fi_FI\" \/>\n<meta property=\"og:type\" content=\"article\" \/>\n<meta property=\"og:title\" content=\"Nostolukko RLL - RSTEEL\u00ae\" \/>\n<meta property=\"og:description\" content=\"RLL-nostolukko on tarkoitettu RSTEEL\u00ae-kierreankkureiden nostoon. HUOM! Mik\u00e4li nostokulma on suurempi kuin 45\u00b0, k\u00e4ytett\u00e4v\u00e4n tuotteen tulee olla painelevyllinen, esim. RPL-nostolukko.\" \/>\n<meta property=\"og:url\" content=\"https:\/\/www.rsteel.eu\/fi\/tuote\/rll-nostolukko\/\" \/>\n<meta property=\"og:site_name\" content=\"RSTEEL\u00ae\" \/>\n<meta property=\"article:modified_time\" content=\"2024-10-15T13:06:11+00:00\" \/>\n<meta property=\"og:image\" content=\"https:\/\/mlavatqvr5rz.i.optimole.com\/cb:I2K_.591ca\/w:640\/h:512\/q:83\/f:best\/https:\/\/www.rsteel.eu\/wp-content\/uploads\/RSTEEL-RLL-LIFTING-DEVICE.png\" \/>\n\t<meta property=\"og:image:width\" content=\"640\" \/>\n\t<meta property=\"og:image:height\" content=\"512\" \/>\n\t<meta property=\"og:image:type\" content=\"image\/png\" \/>\n<meta name=\"twitter:card\" content=\"summary_large_image\" \/>\n<meta name=\"twitter:label1\" content=\"Arvioitu lukuaika\" \/>\n\t<meta name=\"twitter:data1\" content=\"1 minuutti\" \/>\n<script type=\"application\/ld+json\" class=\"yoast-schema-graph\">{\"@context\":\"https:\/\/schema.org\",\"@graph\":[{\"@type\":\"WebPage\",\"@id\":\"https:\/\/www.rsteel.eu\/fi\/tuote\/rll-nostolukko\/\",\"url\":\"https:\/\/www.rsteel.eu\/fi\/tuote\/rll-nostolukko\/\",\"name\":\"Nostolukko RLL - RSTEEL\u00ae\",\"isPartOf\":{\"@id\":\"https:\/\/www.rsteel.eu\/fi\/#website\"},\"primaryImageOfPage\":{\"@id\":\"https:\/\/www.rsteel.eu\/fi\/tuote\/rll-nostolukko\/#primaryimage\"},\"image\":{\"@id\":\"https:\/\/www.rsteel.eu\/fi\/tuote\/rll-nostolukko\/#primaryimage\"},\"thumbnailUrl\":\"https:\/\/www.rsteel.eu\/wp-content\/uploads\/RSTEEL-RLL-LIFTING-DEVICE.png\",\"datePublished\":\"2023-03-30T09:00:31+00:00\",\"dateModified\":\"2024-10-15T13:06:11+00:00\",\"breadcrumb\":{\"@id\":\"https:\/\/www.rsteel.eu\/fi\/tuote\/rll-nostolukko\/#breadcrumb\"},\"inLanguage\":\"fi\",\"potentialAction\":[{\"@type\":\"ReadAction\",\"target\":[\"https:\/\/www.rsteel.eu\/fi\/tuote\/rll-nostolukko\/\"]}]},{\"@type\":\"ImageObject\",\"inLanguage\":\"fi\",\"@id\":\"https:\/\/www.rsteel.eu\/fi\/tuote\/rll-nostolukko\/#primaryimage\",\"url\":\"https:\/\/www.rsteel.eu\/wp-content\/uploads\/RSTEEL-RLL-LIFTING-DEVICE.png\",\"contentUrl\":\"https:\/\/www.rsteel.eu\/wp-content\/uploads\/RSTEEL-RLL-LIFTING-DEVICE.png\",\"width\":640,\"height\":512},{\"@type\":\"BreadcrumbList\",\"@id\":\"https:\/\/www.rsteel.eu\/fi\/tuote\/rll-nostolukko\/#breadcrumb\",\"itemListElement\":[{\"@type\":\"ListItem\",\"position\":1,\"name\":\"Home\",\"item\":\"https:\/\/www.rsteel.eu\/fi\/\"},{\"@type\":\"ListItem\",\"position\":2,\"name\":\"Tuotteet\",\"item\":\"https:\/\/www.rsteel.eu\/fi\/tuotteet\/\"},{\"@type\":\"ListItem\",\"position\":3,\"name\":\"Nostolukko RLL\"}]},{\"@type\":\"WebSite\",\"@id\":\"https:\/\/www.rsteel.eu\/fi\/#website\",\"url\":\"https:\/\/www.rsteel.eu\/fi\/\",\"name\":\"RSTEEL\u00ae\",\"description\":\"RSTEEL\u00ae is a Finnish leading global supplier of precast accessories and concrete connections with its operations in Finland, Estonia and other parts of Europe and Asia.\",\"publisher\":{\"@id\":\"https:\/\/www.rsteel.eu\/fi\/#organization\"},\"potentialAction\":[{\"@type\":\"SearchAction\",\"target\":{\"@type\":\"EntryPoint\",\"urlTemplate\":\"https:\/\/www.rsteel.eu\/fi\/?s={search_term_string}\"},\"query-input\":{\"@type\":\"PropertyValueSpecification\",\"valueRequired\":true,\"valueName\":\"search_term_string\"}}],\"inLanguage\":\"fi\"},{\"@type\":\"Organization\",\"@id\":\"https:\/\/www.rsteel.eu\/fi\/#organization\",\"name\":\"RSTEEL\u00ae\",\"url\":\"https:\/\/www.rsteel.eu\/fi\/\",\"logo\":{\"@type\":\"ImageObject\",\"inLanguage\":\"fi\",\"@id\":\"https:\/\/www.rsteel.eu\/fi\/#\/schema\/logo\/image\/\",\"url\":\"https:\/\/www.rsteel.eu\/wp-content\/uploads\/rsteel-logo-1.png\",\"contentUrl\":\"https:\/\/www.rsteel.eu\/wp-content\/uploads\/rsteel-logo-1.png\",\"width\":340,\"height\":63,\"caption\":\"RSTEEL\u00ae\"},\"image\":{\"@id\":\"https:\/\/www.rsteel.eu\/fi\/#\/schema\/logo\/image\/\"}}]}<\/script>\n<!-- \/ Yoast SEO plugin. -->","yoast_head_json":{"title":"Nostolukko RLL - RSTEEL\u00ae","robots":{"index":"index","follow":"follow","max-snippet":"max-snippet:-1","max-image-preview":"max-image-preview:large","max-video-preview":"max-video-preview:-1"},"canonical":"https:\/\/www.rsteel.eu\/fi\/tuote\/rll-nostolukko\/","og_locale":"fi_FI","og_type":"article","og_title":"Nostolukko RLL - RSTEEL\u00ae","og_description":"RLL-nostolukko on tarkoitettu RSTEEL\u00ae-kierreankkureiden nostoon. HUOM! Mik\u00e4li nostokulma on suurempi kuin 45\u00b0, k\u00e4ytett\u00e4v\u00e4n tuotteen tulee olla painelevyllinen, esim. RPL-nostolukko.","og_url":"https:\/\/www.rsteel.eu\/fi\/tuote\/rll-nostolukko\/","og_site_name":"RSTEEL\u00ae","article_modified_time":"2024-10-15T13:06:11+00:00","og_image":[{"width":640,"height":512,"url":"https:\/\/mlavatqvr5rz.i.optimole.com\/cb:I2K_.591ca\/w:640\/h:512\/q:83\/f:best\/https:\/\/www.rsteel.eu\/wp-content\/uploads\/RSTEEL-RLL-LIFTING-DEVICE.png","type":"image\/png"}],"twitter_card":"summary_large_image","twitter_misc":{"Arvioitu lukuaika":"1 minuutti"},"schema":{"@context":"https:\/\/schema.org","@graph":[{"@type":"WebPage","@id":"https:\/\/www.rsteel.eu\/fi\/tuote\/rll-nostolukko\/","url":"https:\/\/www.rsteel.eu\/fi\/tuote\/rll-nostolukko\/","name":"Nostolukko RLL - RSTEEL\u00ae","isPartOf":{"@id":"https:\/\/www.rsteel.eu\/fi\/#website"},"primaryImageOfPage":{"@id":"https:\/\/www.rsteel.eu\/fi\/tuote\/rll-nostolukko\/#primaryimage"},"image":{"@id":"https:\/\/www.rsteel.eu\/fi\/tuote\/rll-nostolukko\/#primaryimage"},"thumbnailUrl":"https:\/\/www.rsteel.eu\/wp-content\/uploads\/RSTEEL-RLL-LIFTING-DEVICE.png","datePublished":"2023-03-30T09:00:31+00:00","dateModified":"2024-10-15T13:06:11+00:00","breadcrumb":{"@id":"https:\/\/www.rsteel.eu\/fi\/tuote\/rll-nostolukko\/#breadcrumb"},"inLanguage":"fi","potentialAction":[{"@type":"ReadAction","target":["https:\/\/www.rsteel.eu\/fi\/tuote\/rll-nostolukko\/"]}]},{"@type":"ImageObject","inLanguage":"fi","@id":"https:\/\/www.rsteel.eu\/fi\/tuote\/rll-nostolukko\/#primaryimage","url":"https:\/\/www.rsteel.eu\/wp-content\/uploads\/RSTEEL-RLL-LIFTING-DEVICE.png","contentUrl":"https:\/\/www.rsteel.eu\/wp-content\/uploads\/RSTEEL-RLL-LIFTING-DEVICE.png","width":640,"height":512},{"@type":"BreadcrumbList","@id":"https:\/\/www.rsteel.eu\/fi\/tuote\/rll-nostolukko\/#breadcrumb","itemListElement":[{"@type":"ListItem","position":1,"name":"Home","item":"https:\/\/www.rsteel.eu\/fi\/"},{"@type":"ListItem","position":2,"name":"Tuotteet","item":"https:\/\/www.rsteel.eu\/fi\/tuotteet\/"},{"@type":"ListItem","position":3,"name":"Nostolukko RLL"}]},{"@type":"WebSite","@id":"https:\/\/www.rsteel.eu\/fi\/#website","url":"https:\/\/www.rsteel.eu\/fi\/","name":"RSTEEL\u00ae","description":"RSTEEL\u00ae is a Finnish leading global supplier of precast accessories and concrete connections with its operations in Finland, Estonia and other parts of Europe and Asia.","publisher":{"@id":"https:\/\/www.rsteel.eu\/fi\/#organization"},"potentialAction":[{"@type":"SearchAction","target":{"@type":"EntryPoint","urlTemplate":"https:\/\/www.rsteel.eu\/fi\/?s={search_term_string}"},"query-input":{"@type":"PropertyValueSpecification","valueRequired":true,"valueName":"search_term_string"}}],"inLanguage":"fi"},{"@type":"Organization","@id":"https:\/\/www.rsteel.eu\/fi\/#organization","name":"RSTEEL\u00ae","url":"https:\/\/www.rsteel.eu\/fi\/","logo":{"@type":"ImageObject","inLanguage":"fi","@id":"https:\/\/www.rsteel.eu\/fi\/#\/schema\/logo\/image\/","url":"https:\/\/www.rsteel.eu\/wp-content\/uploads\/rsteel-logo-1.png","contentUrl":"https:\/\/www.rsteel.eu\/wp-content\/uploads\/rsteel-logo-1.png","width":340,"height":63,"caption":"RSTEEL\u00ae"},"image":{"@id":"https:\/\/www.rsteel.eu\/fi\/#\/schema\/logo\/image\/"}}]}},"_links":{"self":[{"href":"https:\/\/www.rsteel.eu\/fi\/wp-json\/wp\/v2\/product\/915","targetHints":{"allow":["GET"]}}],"collection":[{"href":"https:\/\/www.rsteel.eu\/fi\/wp-json\/wp\/v2\/product"}],"about":[{"href":"https:\/\/www.rsteel.eu\/fi\/wp-json\/wp\/v2\/types\/product"}],"replies":[{"embeddable":true,"href":"https:\/\/www.rsteel.eu\/fi\/wp-json\/wp\/v2\/comments?post=915"}],"wp:featuredmedia":[{"embeddable":true,"href":"https:\/\/www.rsteel.eu\/fi\/wp-json\/wp\/v2\/media\/910"}],"wp:attachment":[{"href":"https:\/\/www.rsteel.eu\/fi\/wp-json\/wp\/v2\/media?parent=915"}],"wp:term":[{"taxonomy":"product_brand","embeddable":true,"href":"https:\/\/www.rsteel.eu\/fi\/wp-json\/wp\/v2\/product_brand?post=915"},{"taxonomy":"product_cat","embeddable":true,"href":"https:\/\/www.rsteel.eu\/fi\/wp-json\/wp\/v2\/product_cat?post=915"},{"taxonomy":"product_tag","embeddable":true,"href":"https:\/\/www.rsteel.eu\/fi\/wp-json\/wp\/v2\/product_tag?post=915"}],"curies":[{"name":"wp","href":"https:\/\/api.w.org\/{rel}","templated":true}]}}